{"id":109503,"date":"2025-05-29T11:05:00","date_gmt":"2025-05-29T09:05:00","guid":{"rendered":"https:\/\/abinox-chr-clim.com\/index.php\/product\/verres-a-expresso-double-paroi-utopia-85-ml-lot-de-12\/"},"modified":"2026-04-02T10:30:57","modified_gmt":"2026-04-02T08:30:57","slug":"verres-a-expresso-double-paroi-utopia-85-ml-lot-de-12","status":"publish","type":"product","link":"https:\/\/abinox-chr-clim.com\/index.php\/product\/verres-a-expresso-double-paroi-utopia-85-ml-lot-de-12\/","title":{"rendered":"Verres \u00e0 expresso double paroi Utopia 85 ml (lot de 12)"},"content":{"rendered":"<p>Petits verres parfaits pour le caf\u00e9 expresso.<\/p>\n<p>\u2022 La conception \u00e0 double paroi aide \u00e0 garder les boissons chaudes plus longtemps<br \/>\u2022 Plusieurs couches aident \u00e0 garder l&rsquo;ext\u00e9rieur frais pour que les invit\u00e9s puissent le tenir<br \/>\u2022 Le design contemporain ajoute un look unique \u00e0 vos services de boissons<br \/>\u2022 Construction transparente pour une visualisation facile du caf\u00e9 artisanal<br \/>\u2022 La construction lavable au lave-verre permet un traitement rapide des verres<br \/>\u2022 La base \u00e9paisse aide \u00e0 pr\u00e9venir les coups et les d\u00e9versements<br \/>\u2022 Le format de 85 ml est id\u00e9al pour servir des expressos<br \/>\u2022 Poids par pi\u00e8ce : 9,5g<\/p>\n<p><b><u>Caract\u00e9ristiques du produit :<\/u><\/b><br \/>\u2022 Lot : 12.0<br \/>\u2022 Capacit\u00e9 : 8,5 cl<br \/>\u2022 Dim. : 60(H) x 60(\u00d8) mm<br \/>\u2022 Mati\u00e8re : Verre<br \/>\u2022 Poids : 770 g<br \/>\u2022 Couleur : Transparent.<\/p>\n","protected":false},"excerpt":{"rendered":"<p>85 ml<\/p>\n","protected":false},"featured_media":108307,"comment_status":"open","ping_status":"closed","template":"","meta":[],"product_brand":[],"product_cat":[1023,1058,1297,1051],"product_tag":[],"class_list":{"0":"post-109503","1":"product","2":"type-product","3":"status-publish","4":"has-post-thumbnail","6":"product_cat-art-de-la-table","7":"product_cat-divers-verrerie","8":"product_cat-non-palettisable","9":"product_cat-verrerie","10":"product_shipping_class-free-shipping","12":"first","13":"outofstock","14":"featured","15":"taxable","16":"shipping-taxable","17":"purchasable","18":"product-type-simple"},"_links":{"self":[{"href":"https:\/\/abinox-chr-clim.com\/index.php\/wp-json\/wp\/v2\/product\/109503","targetHints":{"allow":["GET"]}}],"collection":[{"href":"https:\/\/abinox-chr-clim.com\/index.php\/wp-json\/wp\/v2\/product"}],"about":[{"href":"https:\/\/abinox-chr-clim.com\/index.php\/wp-json\/wp\/v2\/types\/product"}],"replies":[{"embeddable":true,"href":"https:\/\/abinox-chr-clim.com\/index.php\/wp-json\/wp\/v2\/comments?post=109503"}],"wp:featuredmedia":[{"embeddable":true,"href":"https:\/\/abinox-chr-clim.com\/index.php\/wp-json\/wp\/v2\/media\/108307"}],"wp:attachment":[{"href":"https:\/\/abinox-chr-clim.com\/index.php\/wp-json\/wp\/v2\/media?parent=109503"}],"wp:term":[{"taxonomy":"product_brand","embeddable":true,"href":"https:\/\/abinox-chr-clim.com\/index.php\/wp-json\/wp\/v2\/product_brand?post=109503"},{"taxonomy":"product_cat","embeddable":true,"href":"https:\/\/abinox-chr-clim.com\/index.php\/wp-json\/wp\/v2\/product_cat?post=109503"},{"taxonomy":"product_tag","embeddable":true,"href":"https:\/\/abinox-chr-clim.com\/index.php\/wp-json\/wp\/v2\/product_tag?post=109503"}],"curies":[{"name":"wp","href":"https:\/\/api.w.org\/{rel}","templated":true}]}}