{"id":109502,"date":"2025-05-29T11:04:59","date_gmt":"2025-05-29T09:04:59","guid":{"rendered":"https:\/\/abinox-chr-clim.com\/index.php\/product\/verres-a-cappuccino-double-paroi-et-soucoupes-utopia-220-ml-lot-de-6\/"},"modified":"2026-04-02T10:30:55","modified_gmt":"2026-04-02T08:30:55","slug":"verres-a-cappuccino-double-paroi-et-soucoupes-utopia-220-ml-lot-de-6","status":"publish","type":"product","link":"https:\/\/abinox-chr-clim.com\/index.php\/product\/verres-a-cappuccino-double-paroi-et-soucoupes-utopia-220-ml-lot-de-6\/","title":{"rendered":"Verres \u00e0 cappuccino double paroi et soucoupes Utopia 220 ml (lot de 6)"},"content":{"rendered":"<p>Double paroi. La couche de verre ext\u00e9rieure reste fra\u00eeche au toucher, la couche int\u00e9rieure garde les boissons chaudes plus longtemps.<\/p>\n<p>\u2022 La double paroi est \u00e0 la fois \u00e9l\u00e9gante et offre une isolation<br \/>\u2022 Garde les boissons chaudes plus longtemps<br \/>\u2022 Comprend 6 tasses et 6 soucoupes<br \/>\u2022 Passe au lave-verres<br \/>\u2022 Poids par pi\u00e8ce : 24g<\/p>\n<p><b><u>Caract\u00e9ristiques du produit :<\/u><\/b><br \/>\u2022 Lot : 6.0<br \/>\u2022 Capacit\u00e9 : 22 cl<br \/>\u2022 Dim. : 95(H) x 95(\u00d8) mm<br \/>\u2022 Mati\u00e8re : Verre<br \/>\u2022 Poids : 1,20 kg<br \/>\u2022 Couleur : Transparent.<\/p>\n","protected":false},"excerpt":{"rendered":"<p>220 ml<\/p>\n","protected":false},"featured_media":108306,"comment_status":"open","ping_status":"closed","template":"","meta":[],"product_brand":[],"product_cat":[1023,1058,1297,1051],"product_tag":[],"class_list":{"0":"post-109502","1":"product","2":"type-product","3":"status-publish","4":"has-post-thumbnail","6":"product_cat-art-de-la-table","7":"product_cat-divers-verrerie","8":"product_cat-non-palettisable","9":"product_cat-verrerie","10":"product_shipping_class-free-shipping","12":"first","13":"outofstock","14":"featured","15":"taxable","16":"shipping-taxable","17":"purchasable","18":"product-type-simple"},"_links":{"self":[{"href":"https:\/\/abinox-chr-clim.com\/index.php\/wp-json\/wp\/v2\/product\/109502","targetHints":{"allow":["GET"]}}],"collection":[{"href":"https:\/\/abinox-chr-clim.com\/index.php\/wp-json\/wp\/v2\/product"}],"about":[{"href":"https:\/\/abinox-chr-clim.com\/index.php\/wp-json\/wp\/v2\/types\/product"}],"replies":[{"embeddable":true,"href":"https:\/\/abinox-chr-clim.com\/index.php\/wp-json\/wp\/v2\/comments?post=109502"}],"wp:featuredmedia":[{"embeddable":true,"href":"https:\/\/abinox-chr-clim.com\/index.php\/wp-json\/wp\/v2\/media\/108306"}],"wp:attachment":[{"href":"https:\/\/abinox-chr-clim.com\/index.php\/wp-json\/wp\/v2\/media?parent=109502"}],"wp:term":[{"taxonomy":"product_brand","embeddable":true,"href":"https:\/\/abinox-chr-clim.com\/index.php\/wp-json\/wp\/v2\/product_brand?post=109502"},{"taxonomy":"product_cat","embeddable":true,"href":"https:\/\/abinox-chr-clim.com\/index.php\/wp-json\/wp\/v2\/product_cat?post=109502"},{"taxonomy":"product_tag","embeddable":true,"href":"https:\/\/abinox-chr-clim.com\/index.php\/wp-json\/wp\/v2\/product_tag?post=109502"}],"curies":[{"name":"wp","href":"https:\/\/api.w.org\/{rel}","templated":true}]}}