{"id":109499,"date":"2025-05-29T11:04:53","date_gmt":"2025-05-29T09:04:53","guid":{"rendered":"https:\/\/abinox-chr-clim.com\/index.php\/product\/assiettes-triangulaires-churchill-vintage-prints-blue-rose-chintz-pattern192mm-lot-de-12\/"},"modified":"2026-04-02T10:15:06","modified_gmt":"2026-04-02T08:15:06","slug":"assiettes-triangulaires-churchill-vintage-prints-blue-rose-chintz-pattern192mm-lot-de-12","status":"publish","type":"product","link":"https:\/\/abinox-chr-clim.com\/index.php\/product\/assiettes-triangulaires-churchill-vintage-prints-blue-rose-chintz-pattern192mm-lot-de-12\/","title":{"rendered":"Assiettes triangulaires Churchill Vintage Prints Blue Rose Chintz Pattern192mm (Lot de 12)"},"content":{"rendered":"<p>Cr\u00e9ant le d\u00e9cor parfait pour pr\u00e9senter vos petites entr\u00e9es ou accompagnements, cette assiette triangulaire de la collection Vintage de Churchill s&rsquo;adaptera \u00e0 tout \u00e9tablissement cherchant \u00e0 ajouter une touche d&rsquo;\u00e9l\u00e9gance r\u00e9tro \u00e0 leur table. L&rsquo;impression est appliqu\u00e9e sous le gla\u00e7age, elle ne se rayera donc pas et ne s&rsquo;endommagera pas pendant l&rsquo;utilisation quotidienne et ne s&rsquo;estompera pas au lavage.<\/p>\n<p>\u2022 Enti\u00e8rement vitrifi\u00e9<br \/>\u2022 Passe au four, au micro-ondes et au lave-vaisselle<br \/>\u2022 Le pied vitr\u00e9 \u00e9vite les dommages lors de l&#8217;empilage<br \/>\u2022 Le motif est appliqu\u00e9 dans le cadre du sous-gla\u00e7age et ne se d\u00e9colore pas avec le temps.<\/p>\n<p><b><u>Caract\u00e9ristiques du produit :<\/u><\/b><br \/>\u2022 Lot : 12.0<br \/>\u2022 Dim. : 192(\u00d8) mm<br \/>\u2022 Mati\u00e8re : Porcelaine<br \/>\u2022 Poids : 2,65 kg<br \/>\u2022 Couleur : Bleu<multisep\/>A motifs.<\/p>\n","protected":false},"excerpt":{"rendered":"<p>192(\u00d8)mm<\/p>\n","protected":false},"featured_media":108305,"comment_status":"open","ping_status":"closed","template":"","meta":[],"product_brand":[],"product_cat":[1023,1045,1297,1043],"product_tag":[],"class_list":{"0":"post-109499","1":"product","2":"type-product","3":"status-publish","4":"has-post-thumbnail","6":"product_cat-art-de-la-table","7":"product_cat-divers-vaisselle","8":"product_cat-non-palettisable","9":"product_cat-vaisselle","10":"product_shipping_class-free-shipping","12":"first","13":"outofstock","14":"featured","15":"taxable","16":"shipping-taxable","17":"purchasable","18":"product-type-simple"},"_links":{"self":[{"href":"https:\/\/abinox-chr-clim.com\/index.php\/wp-json\/wp\/v2\/product\/109499","targetHints":{"allow":["GET"]}}],"collection":[{"href":"https:\/\/abinox-chr-clim.com\/index.php\/wp-json\/wp\/v2\/product"}],"about":[{"href":"https:\/\/abinox-chr-clim.com\/index.php\/wp-json\/wp\/v2\/types\/product"}],"replies":[{"embeddable":true,"href":"https:\/\/abinox-chr-clim.com\/index.php\/wp-json\/wp\/v2\/comments?post=109499"}],"wp:featuredmedia":[{"embeddable":true,"href":"https:\/\/abinox-chr-clim.com\/index.php\/wp-json\/wp\/v2\/media\/108305"}],"wp:attachment":[{"href":"https:\/\/abinox-chr-clim.com\/index.php\/wp-json\/wp\/v2\/media?parent=109499"}],"wp:term":[{"taxonomy":"product_brand","embeddable":true,"href":"https:\/\/abinox-chr-clim.com\/index.php\/wp-json\/wp\/v2\/product_brand?post=109499"},{"taxonomy":"product_cat","embeddable":true,"href":"https:\/\/abinox-chr-clim.com\/index.php\/wp-json\/wp\/v2\/product_cat?post=109499"},{"taxonomy":"product_tag","embeddable":true,"href":"https:\/\/abinox-chr-clim.com\/index.php\/wp-json\/wp\/v2\/product_tag?post=109499"}],"curies":[{"name":"wp","href":"https:\/\/api.w.org\/{rel}","templated":true}]}}