{"id":109496,"date":"2025-05-29T11:04:48","date_gmt":"2025-05-29T09:04:48","guid":{"rendered":"https:\/\/abinox-chr-clim.com\/index.php\/product\/assiettes-rondes-churchill-stonecast-mustard-seed-yellow-165mm-lot-de-12\/"},"modified":"2026-04-02T10:15:06","modified_gmt":"2026-04-02T08:15:06","slug":"assiettes-rondes-churchill-stonecast-mustard-seed-yellow-165mm-lot-de-12","status":"publish","type":"product","link":"https:\/\/abinox-chr-clim.com\/index.php\/product\/assiettes-rondes-churchill-stonecast-mustard-seed-yellow-165mm-lot-de-12\/","title":{"rendered":"Assiettes rondes Churchill Stonecast Mustard Seed Yellow 165mm (Lot de 12)"},"content":{"rendered":"<p>Les formes et les couleurs naturelles de la gamme Stonecast cr\u00e9ent la toile de fond parfaite pour les aliments frais. Articles disponibles sous 5 \u00e0 7 jours. Passe au four, au micro-ondes et au lave-vaisselle.<\/p>\n<p>\u2022 Enti\u00e8rement vitrifi\u00e9<br \/>\u2022 Passe au lave-vaisselle et au micro-ondes<br \/>\u2022 Le pied vitr\u00e9 \u00e9vite les dommages lors de l&#8217;empilage<br \/>\u2022 Le motif est appliqu\u00e9 dans le cadre du sous-gla\u00e7age et ne se d\u00e9colore pas avec le temps.<br \/>\u2022 Couvert par la garantie de 5 ans sur les puces de bord de Churchill<br \/>\u2022 Convient pour une utilisation constante dans les \u00e9tablissements de restauration tr\u00e8s fr\u00e9quent\u00e9s<br \/>\u2022 Chaque pi\u00e8ce est finie \u00e0 la main<\/p>\n<p><b><u>Caract\u00e9ristiques du produit :<\/u><\/b><br \/>\u2022 Lot : 12.0<br \/>\u2022 Dim. : 165(\u00d8) mm<br \/>\u2022 Mati\u00e8re : C\u00e9ramique super vitrifi\u00e9e<br \/>\u2022 Poids : 3,57 kg<br \/>\u2022 Couleur : Jaune.<\/p>\n","protected":false},"excerpt":{"rendered":"<p>165(\u00d8)mm<\/p>\n","protected":false},"featured_media":108304,"comment_status":"open","ping_status":"closed","template":"","meta":[],"product_brand":[],"product_cat":[1023,1045,1297,1043],"product_tag":[],"class_list":{"0":"post-109496","1":"product","2":"type-product","3":"status-publish","4":"has-post-thumbnail","6":"product_cat-art-de-la-table","7":"product_cat-divers-vaisselle","8":"product_cat-non-palettisable","9":"product_cat-vaisselle","10":"product_shipping_class-free-shipping","12":"first","13":"outofstock","14":"featured","15":"taxable","16":"shipping-taxable","17":"purchasable","18":"product-type-simple"},"_links":{"self":[{"href":"https:\/\/abinox-chr-clim.com\/index.php\/wp-json\/wp\/v2\/product\/109496","targetHints":{"allow":["GET"]}}],"collection":[{"href":"https:\/\/abinox-chr-clim.com\/index.php\/wp-json\/wp\/v2\/product"}],"about":[{"href":"https:\/\/abinox-chr-clim.com\/index.php\/wp-json\/wp\/v2\/types\/product"}],"replies":[{"embeddable":true,"href":"https:\/\/abinox-chr-clim.com\/index.php\/wp-json\/wp\/v2\/comments?post=109496"}],"wp:featuredmedia":[{"embeddable":true,"href":"https:\/\/abinox-chr-clim.com\/index.php\/wp-json\/wp\/v2\/media\/108304"}],"wp:attachment":[{"href":"https:\/\/abinox-chr-clim.com\/index.php\/wp-json\/wp\/v2\/media?parent=109496"}],"wp:term":[{"taxonomy":"product_brand","embeddable":true,"href":"https:\/\/abinox-chr-clim.com\/index.php\/wp-json\/wp\/v2\/product_brand?post=109496"},{"taxonomy":"product_cat","embeddable":true,"href":"https:\/\/abinox-chr-clim.com\/index.php\/wp-json\/wp\/v2\/product_cat?post=109496"},{"taxonomy":"product_tag","embeddable":true,"href":"https:\/\/abinox-chr-clim.com\/index.php\/wp-json\/wp\/v2\/product_tag?post=109496"}],"curies":[{"name":"wp","href":"https:\/\/api.w.org\/{rel}","templated":true}]}}