{"id":109493,"date":"2025-05-29T11:04:42","date_gmt":"2025-05-29T09:04:42","guid":{"rendered":"https:\/\/abinox-chr-clim.com\/index.php\/product\/tasses-a-the-churchill-white-220ml-lot-de-12\/"},"modified":"2026-04-02T10:15:05","modified_gmt":"2026-04-02T08:15:05","slug":"tasses-a-the-churchill-white-220ml-lot-de-12","status":"publish","type":"product","link":"https:\/\/abinox-chr-clim.com\/index.php\/product\/tasses-a-the-churchill-white-220ml-lot-de-12\/","title":{"rendered":"Tasses \u00e0 th\u00e9 Churchill White 220ml (Lot de 12)"},"content":{"rendered":"<p>Une approche plus fonctionnelle du service \u00e0 table. Le profil am\u00e9lior\u00e9 pr\u00e9sente un contour d\u00e9fini pour mettre en valeur la nourriture de son mieux.<\/p>\n<p>\u2022 Base enti\u00e8rement vitrifi\u00e9e<br \/>\u2022 Lave-vaisselle<br \/>\u2022 Passe au micro-ondes<br \/>\u2022 Couvert par la garantie de 5 ans sur les \u00e9br\u00e9chures<br \/>\u2022 Durable et vitrifi\u00e9<br \/>\u2022 Finition \u00e9maill\u00e9e sup\u00e9rieure<\/p>\n<p><b><u>Caract\u00e9ristiques du produit :<\/u><\/b><br \/>\u2022 Lot : 12.0<br \/>\u2022 Capacit\u00e9 : 220 ml<br \/>\u2022 Mati\u00e8re : Porcelaine<br \/>\u2022 Poids : 209 g.<\/p>\n","protected":false},"excerpt":{"rendered":"<p>Lot de 12<\/p>\n","protected":false},"featured_media":108301,"comment_status":"open","ping_status":"closed","template":"","meta":[],"product_brand":[],"product_cat":[1023,1045,1297,1043],"product_tag":[],"class_list":{"0":"post-109493","1":"product","2":"type-product","3":"status-publish","4":"has-post-thumbnail","6":"product_cat-art-de-la-table","7":"product_cat-divers-vaisselle","8":"product_cat-non-palettisable","9":"product_cat-vaisselle","10":"product_shipping_class-free-shipping","12":"first","13":"outofstock","14":"featured","15":"taxable","16":"shipping-taxable","17":"purchasable","18":"product-type-simple"},"_links":{"self":[{"href":"https:\/\/abinox-chr-clim.com\/index.php\/wp-json\/wp\/v2\/product\/109493","targetHints":{"allow":["GET"]}}],"collection":[{"href":"https:\/\/abinox-chr-clim.com\/index.php\/wp-json\/wp\/v2\/product"}],"about":[{"href":"https:\/\/abinox-chr-clim.com\/index.php\/wp-json\/wp\/v2\/types\/product"}],"replies":[{"embeddable":true,"href":"https:\/\/abinox-chr-clim.com\/index.php\/wp-json\/wp\/v2\/comments?post=109493"}],"wp:featuredmedia":[{"embeddable":true,"href":"https:\/\/abinox-chr-clim.com\/index.php\/wp-json\/wp\/v2\/media\/108301"}],"wp:attachment":[{"href":"https:\/\/abinox-chr-clim.com\/index.php\/wp-json\/wp\/v2\/media?parent=109493"}],"wp:term":[{"taxonomy":"product_brand","embeddable":true,"href":"https:\/\/abinox-chr-clim.com\/index.php\/wp-json\/wp\/v2\/product_brand?post=109493"},{"taxonomy":"product_cat","embeddable":true,"href":"https:\/\/abinox-chr-clim.com\/index.php\/wp-json\/wp\/v2\/product_cat?post=109493"},{"taxonomy":"product_tag","embeddable":true,"href":"https:\/\/abinox-chr-clim.com\/index.php\/wp-json\/wp\/v2\/product_tag?post=109493"}],"curies":[{"name":"wp","href":"https:\/\/api.w.org\/{rel}","templated":true}]}}