{"id":109492,"date":"2025-05-29T11:04:40","date_gmt":"2025-05-29T09:04:40","guid":{"rendered":"https:\/\/abinox-chr-clim.com\/index.php\/product\/micro-ondes-manuel-grande-capacite-menumaster-rcs511dse\/"},"modified":"2026-04-02T09:28:06","modified_gmt":"2026-04-02T07:28:06","slug":"micro-ondes-manuel-grande-capacite-menumaster-rcs511dse","status":"publish","type":"product","link":"https:\/\/abinox-chr-clim.com\/index.php\/product\/micro-ondes-manuel-grande-capacite-menumaster-rcs511dse\/","title":{"rendered":"Micro-ondes manuel grande capacit\u00e9 Menumaster RCS511DSE"},"content":{"rendered":"<p>Micro-ondes durables grand volume pour une cuisson double ou multiple. Le mod\u00e8le \u00e0 commande tactile poss\u00e8de des param\u00e8tres de temps de cuisson r\u00e9glables et programmables et le mod\u00e8le manuel propose un panneau de commande facile \u00e0 utiliser et une porte en verre tremp\u00e9 pour surveiller la cuisson.<\/p>\n<p>\u2022 Grande cavit\u00e9 interne pour les charges volumineuses &#8211; cuisinez plus en m\u00eame temps et gagnez du temps<br \/>\u2022 Filtres amovibles avec rappel de nettoyage pour maintenir l&rsquo;efficacit\u00e9 de l&rsquo;appareil<br \/>\u2022 Porte \u00e0 ouverture facile pour un acc\u00e8s ais\u00e9<br \/>\u2022 R\u00e9f\u00e9rence soumise \u00e0 une Eco-participation de 0.72\u20ac par unit\u00e9 vendue applicable en France uniquement\u00a0<br \/>\u2022 Commande intuitive \u00e0 cadran &#8211; tr\u00e8s facile \u00e0 utiliser<br \/>\u2022 Empilable pour maximiser le rendement sans utiliser d&rsquo;espace suppl\u00e9mentaire sur le plan de travail ou dans les \u00e9tag\u00e8res &#8211; kit inclus<br \/>\u2022 Construction robuste pour une longue dur\u00e9e de vie<br \/>\u2022 Dimensions de la cavit\u00e9 interne : 216(H)x 368(L)x 381(P)mm<\/p>\n<p><b><u>Caract\u00e9ristiques du produit :<\/u><\/b><br \/>\u2022 Capacit\u00e9 : 34L<br \/>\u2022 Dim. : 352(H) x 559(L) x 483(P)mm<br \/>\u2022 Dim. interne : 21,6(H) x 36,8(L) x 38,1(P) cm<br \/>\u2022 Mati\u00e8re : Inox<br \/>\u2022 Puissance : 1100 W<br \/>\u2022 Voltage : 230\/240V<br \/>\u2022 Poids : 19 kg<br \/>\u2022 Type : 1.55kW, 230\/240V, 13A<br \/>\u2022 Couleur : Argent.<\/p>\n","protected":false},"excerpt":{"rendered":"<p>Puissance : 1,1kW. 13A. Capacit\u00e9 : 34L. Manuel<\/p>\n","protected":false},"featured_media":107010,"comment_status":"open","ping_status":"closed","template":"","meta":[],"product_brand":[],"product_cat":[1160,1178,1175,1297],"product_tag":[],"class_list":{"0":"post-109492","1":"product","2":"type-product","3":"status-publish","4":"has-post-thumbnail","6":"product_cat-materiel-electrique-et-de-cuisson","7":"product_cat-micro-ondes","8":"product_cat-micro-ondes-et-fours","9":"product_cat-non-palettisable","10":"product_shipping_class-free-shipping","12":"first","13":"instock","14":"featured","15":"taxable","16":"shipping-taxable","17":"purchasable","18":"product-type-simple"},"_links":{"self":[{"href":"https:\/\/abinox-chr-clim.com\/index.php\/wp-json\/wp\/v2\/product\/109492","targetHints":{"allow":["GET"]}}],"collection":[{"href":"https:\/\/abinox-chr-clim.com\/index.php\/wp-json\/wp\/v2\/product"}],"about":[{"href":"https:\/\/abinox-chr-clim.com\/index.php\/wp-json\/wp\/v2\/types\/product"}],"replies":[{"embeddable":true,"href":"https:\/\/abinox-chr-clim.com\/index.php\/wp-json\/wp\/v2\/comments?post=109492"}],"wp:featuredmedia":[{"embeddable":true,"href":"https:\/\/abinox-chr-clim.com\/index.php\/wp-json\/wp\/v2\/media\/107010"}],"wp:attachment":[{"href":"https:\/\/abinox-chr-clim.com\/index.php\/wp-json\/wp\/v2\/media?parent=109492"}],"wp:term":[{"taxonomy":"product_brand","embeddable":true,"href":"https:\/\/abinox-chr-clim.com\/index.php\/wp-json\/wp\/v2\/product_brand?post=109492"},{"taxonomy":"product_cat","embeddable":true,"href":"https:\/\/abinox-chr-clim.com\/index.php\/wp-json\/wp\/v2\/product_cat?post=109492"},{"taxonomy":"product_tag","embeddable":true,"href":"https:\/\/abinox-chr-clim.com\/index.php\/wp-json\/wp\/v2\/product_tag?post=109492"}],"curies":[{"name":"wp","href":"https:\/\/api.w.org\/{rel}","templated":true}]}}