{"id":109491,"date":"2025-05-29T11:04:38","date_gmt":"2025-05-29T09:04:38","guid":{"rendered":"https:\/\/abinox-chr-clim.com\/index.php\/product\/micro-ondes-grande-capacite-menumaster-34-litres-1800w-rfs518ts\/"},"modified":"2026-04-02T09:28:04","modified_gmt":"2026-04-02T07:28:04","slug":"micro-ondes-grande-capacite-menumaster-34-litres-1800w-rfs518ts","status":"publish","type":"product","link":"https:\/\/abinox-chr-clim.com\/index.php\/product\/micro-ondes-grande-capacite-menumaster-34-litres-1800w-rfs518ts\/","title":{"rendered":"Micro-ondes grande capacit\u00e9 Menumaster 34 litres 1800W RFS518TS"},"content":{"rendered":"<p>Micro-ondes grande capacit\u00e9 programmable pour des plats de 356mm. Permet de programmer jusqu&rsquo;\u00e0 100 r\u00e9glages de menus, le param\u00e8tre \u00abportions multiples\u00bb (x2) pouvant \u00eatre configur\u00e9 pour chaque menu et permettant une r\u00e9partition uniforme de la chaleur.<\/p>\n<p>\u2022 Grande cavit\u00e9 interne pour les charges volumineuses &#8211; cuisinez plus \u00e0 la fois et gagnez du temps<br \/>\u2022 Commande intuitive par \u00e9cran tactile &#8211; tr\u00e8s simple \u00e0 utiliser<br \/>\u2022 Empilable pour maximiser le rendement sans espace suppl\u00e9mentaire sur le plan de travail ou sur les \u00e9tag\u00e8res &#8211; kit inclus<br \/>\u2022 Construction robuste pour un fonctionnement longue dur\u00e9e<br \/>\u2022 Filtres amovibles avec rappel de nettoyage pour maintenir l&rsquo;efficacit\u00e9<br \/>\u2022 Programmable &#8211; op\u00e9ration \u00e0 une touche<br \/>\u2022 Porte \u00e0 ouverture facile pour un acc\u00e8s simple et rapide<br \/>\u2022 Utilisation professionnelle<\/p>\n<p><b><u>Caract\u00e9ristiques du produit :<\/u><\/b><br \/>\u2022 Capacit\u00e9 : 34L<br \/>\u2022 Dim. : 365(H) x 551(L) x 533(P)mm<br \/>\u2022 Mati\u00e8re : Inox<br \/>\u2022 Voltage : 230\/240V<br \/>\u2022 Poids : 29 kg<br \/>\u2022 Type : 2,7kW, 230\/240V, 13A<br \/>\u2022 Couleur : Argent.<\/p>\n","protected":false},"excerpt":{"rendered":"<p>Puissance de sortie : 1,8 kW. 13A. Capacit\u00e9 : 34 litres. Programmable<\/p>\n","protected":false},"featured_media":108300,"comment_status":"open","ping_status":"closed","template":"","meta":[],"product_brand":[],"product_cat":[1160,1178,1175,1297],"product_tag":[],"class_list":{"0":"post-109491","1":"product","2":"type-product","3":"status-publish","4":"has-post-thumbnail","6":"product_cat-materiel-electrique-et-de-cuisson","7":"product_cat-micro-ondes","8":"product_cat-micro-ondes-et-fours","9":"product_cat-non-palettisable","10":"product_shipping_class-free-shipping","12":"first","13":"instock","14":"featured","15":"taxable","16":"shipping-taxable","17":"purchasable","18":"product-type-simple"},"_links":{"self":[{"href":"https:\/\/abinox-chr-clim.com\/index.php\/wp-json\/wp\/v2\/product\/109491","targetHints":{"allow":["GET"]}}],"collection":[{"href":"https:\/\/abinox-chr-clim.com\/index.php\/wp-json\/wp\/v2\/product"}],"about":[{"href":"https:\/\/abinox-chr-clim.com\/index.php\/wp-json\/wp\/v2\/types\/product"}],"replies":[{"embeddable":true,"href":"https:\/\/abinox-chr-clim.com\/index.php\/wp-json\/wp\/v2\/comments?post=109491"}],"wp:featuredmedia":[{"embeddable":true,"href":"https:\/\/abinox-chr-clim.com\/index.php\/wp-json\/wp\/v2\/media\/108300"}],"wp:attachment":[{"href":"https:\/\/abinox-chr-clim.com\/index.php\/wp-json\/wp\/v2\/media?parent=109491"}],"wp:term":[{"taxonomy":"product_brand","embeddable":true,"href":"https:\/\/abinox-chr-clim.com\/index.php\/wp-json\/wp\/v2\/product_brand?post=109491"},{"taxonomy":"product_cat","embeddable":true,"href":"https:\/\/abinox-chr-clim.com\/index.php\/wp-json\/wp\/v2\/product_cat?post=109491"},{"taxonomy":"product_tag","embeddable":true,"href":"https:\/\/abinox-chr-clim.com\/index.php\/wp-json\/wp\/v2\/product_tag?post=109491"}],"curies":[{"name":"wp","href":"https:\/\/api.w.org\/{rel}","templated":true}]}}