{"id":109489,"date":"2025-05-29T11:04:35","date_gmt":"2025-05-29T09:04:35","guid":{"rendered":"https:\/\/abinox-chr-clim.com\/index.php\/product\/micro-ondes-programmable-robuste-menumaster-17-litres-1800w-dec18e2\/"},"modified":"2026-04-02T09:28:02","modified_gmt":"2026-04-02T07:28:02","slug":"micro-ondes-programmable-robuste-menumaster-17-litres-1800w-dec18e2","status":"publish","type":"product","link":"https:\/\/abinox-chr-clim.com\/index.php\/product\/micro-ondes-programmable-robuste-menumaster-17-litres-1800w-dec18e2\/","title":{"rendered":"Micro-ondes programmable robuste Menumaster 17 litres 1800W DEC18E2"},"content":{"rendered":"<p>Optez pour des r\u00e9sultats professionnels dans les \u00e9tablissements devant r\u00e9pondre \u00e0 une cadence intensive. Le volume de 17 litres peut accueillir un plat GN 1\/2, et la fonction programmation vous permet de gagner du temps en enregistrant les diff\u00e9rents temps de cuisson correspondant \u00e0 vos sp\u00e9cialit\u00e9s.<\/p>\n<p>\u2022 Design compact<br \/>\u2022 Commande par \u00e9cran tactile<br \/>\u2022 Empilable<br \/>\u2022 Tr\u00e8s r\u00e9sistant<br \/>\u2022 Filtres amovibles avec rappel de nettoyage<br \/>\u2022 Programmable<br \/>\u2022 Utilisation professionnelle intensive<\/p>\n<p><b><u>Caract\u00e9ristiques du produit :<\/u><\/b><br \/>\u2022 Capacit\u00e9 : 17L<br \/>\u2022 Dim. : 343(H) x 419(L) x 578(P) mm<br \/>\u2022 Mati\u00e8re : Inox<br \/>\u2022 Puissance : 1800 W<br \/>\u2022 Voltage : 230V<br \/>\u2022 Poids : 31 kg<br \/>\u2022 Type : 2.9kW, 230\/240V, 13A<br \/>\u2022 Couleur : Argent.<\/p>\n","protected":false},"excerpt":{"rendered":"<p>Puissance de sortie : 1,8 kW. 13A. Capacit\u00e9 : 17 litres. Programmable<\/p>\n","protected":false},"featured_media":108299,"comment_status":"open","ping_status":"closed","template":"","meta":[],"product_brand":[],"product_cat":[1160,1178,1175,1297],"product_tag":[],"class_list":{"0":"post-109489","1":"product","2":"type-product","3":"status-publish","4":"has-post-thumbnail","6":"product_cat-materiel-electrique-et-de-cuisson","7":"product_cat-micro-ondes","8":"product_cat-micro-ondes-et-fours","9":"product_cat-non-palettisable","10":"product_shipping_class-free-shipping","12":"first","13":"instock","14":"featured","15":"taxable","16":"shipping-taxable","17":"purchasable","18":"product-type-simple"},"_links":{"self":[{"href":"https:\/\/abinox-chr-clim.com\/index.php\/wp-json\/wp\/v2\/product\/109489","targetHints":{"allow":["GET"]}}],"collection":[{"href":"https:\/\/abinox-chr-clim.com\/index.php\/wp-json\/wp\/v2\/product"}],"about":[{"href":"https:\/\/abinox-chr-clim.com\/index.php\/wp-json\/wp\/v2\/types\/product"}],"replies":[{"embeddable":true,"href":"https:\/\/abinox-chr-clim.com\/index.php\/wp-json\/wp\/v2\/comments?post=109489"}],"wp:featuredmedia":[{"embeddable":true,"href":"https:\/\/abinox-chr-clim.com\/index.php\/wp-json\/wp\/v2\/media\/108299"}],"wp:attachment":[{"href":"https:\/\/abinox-chr-clim.com\/index.php\/wp-json\/wp\/v2\/media?parent=109489"}],"wp:term":[{"taxonomy":"product_brand","embeddable":true,"href":"https:\/\/abinox-chr-clim.com\/index.php\/wp-json\/wp\/v2\/product_brand?post=109489"},{"taxonomy":"product_cat","embeddable":true,"href":"https:\/\/abinox-chr-clim.com\/index.php\/wp-json\/wp\/v2\/product_cat?post=109489"},{"taxonomy":"product_tag","embeddable":true,"href":"https:\/\/abinox-chr-clim.com\/index.php\/wp-json\/wp\/v2\/product_tag?post=109489"}],"curies":[{"name":"wp","href":"https:\/\/api.w.org\/{rel}","templated":true}]}}