{"id":109487,"date":"2025-05-29T11:04:32","date_gmt":"2025-05-29T09:04:32","guid":{"rendered":"https:\/\/abinox-chr-clim.com\/index.php\/product\/micro-ondes-manuel-menumaster-rms510ds\/"},"modified":"2026-04-02T09:28:00","modified_gmt":"2026-04-02T07:28:00","slug":"micro-ondes-manuel-menumaster-rms510ds","status":"publish","type":"product","link":"https:\/\/abinox-chr-clim.com\/index.php\/product\/micro-ondes-manuel-menumaster-rms510ds\/","title":{"rendered":"Micro-ondes manuel Menumaster RMS510DS"},"content":{"rendered":"<p>Le mod\u00e8le \u00e0 commande tactile permet de s\u00e9lectionner rapidement les programmes pr\u00e9d\u00e9finis. Le mod\u00e8le manuel est simple d&rsquo;utilisation gr\u00e2ce \u00e0 sa puissance unique et sa minuterie six minutes \u00e0 affichage digital lumineux pour une surveillance d&rsquo;un seul coup d&rsquo;\u0153il.<\/p>\n<p>\u2022 Puissance unique pour une op\u00e9ration simple<br \/>\u2022 Minuterie six minutes \u00e0 affichage digital lumineux pour une surveillance d&rsquo;un seul coup d&rsquo;\u0153il<br \/>\u2022 Minuterie remise \u00e0 z\u00e9ro lors de l&rsquo;ouverture de la porte en cours de fonctionnement<br \/>\u2022 R\u00e9f\u00e9rence soumise \u00e0 une Eco-participation de 0.56\u20ac par unit\u00e9 vendue applicable en France uniquement\u00a0<br \/>\u2022 Volume 23L pouvant accueillir un plat de 35cm<br \/>\u2022 Empilable pour le gain de place<br \/>\u2022 Filtre \u00e0 air non-amovible prot\u00e8geant les composants du four<br \/>\u2022 Porte transparente et \u00e9clairage int\u00e9rieur<\/p>\n<p><b><u>Caract\u00e9ristiques du produit :<\/u><\/b><br \/>\u2022 Capacit\u00e9 : 23L<br \/>\u2022 Dim. : 311(H) x 508(L) x 419(P) mm<br \/>\u2022 Mati\u00e8re : Inox<br \/>\u2022 Puissance : 1000 W<br \/>\u2022 Voltage : 230\/240V<br \/>\u2022 Poids : 15 kg<br \/>\u2022 Type : 1.55kW, 230\/240V, 13A<br \/>\u2022 Couleur : Argent.<\/p>\n","protected":false},"excerpt":{"rendered":"<p>Puissance : 1kW. 13A. Capacit\u00e9: 23L. Manuel<\/p>\n","protected":false},"featured_media":106535,"comment_status":"open","ping_status":"closed","template":"","meta":[],"product_brand":[],"product_cat":[1160,1178,1175,1297],"product_tag":[],"class_list":{"0":"post-109487","1":"product","2":"type-product","3":"status-publish","4":"has-post-thumbnail","6":"product_cat-materiel-electrique-et-de-cuisson","7":"product_cat-micro-ondes","8":"product_cat-micro-ondes-et-fours","9":"product_cat-non-palettisable","10":"product_shipping_class-free-shipping","12":"first","13":"outofstock","14":"featured","15":"taxable","16":"shipping-taxable","17":"purchasable","18":"product-type-simple"},"_links":{"self":[{"href":"https:\/\/abinox-chr-clim.com\/index.php\/wp-json\/wp\/v2\/product\/109487","targetHints":{"allow":["GET"]}}],"collection":[{"href":"https:\/\/abinox-chr-clim.com\/index.php\/wp-json\/wp\/v2\/product"}],"about":[{"href":"https:\/\/abinox-chr-clim.com\/index.php\/wp-json\/wp\/v2\/types\/product"}],"replies":[{"embeddable":true,"href":"https:\/\/abinox-chr-clim.com\/index.php\/wp-json\/wp\/v2\/comments?post=109487"}],"wp:featuredmedia":[{"embeddable":true,"href":"https:\/\/abinox-chr-clim.com\/index.php\/wp-json\/wp\/v2\/media\/106535"}],"wp:attachment":[{"href":"https:\/\/abinox-chr-clim.com\/index.php\/wp-json\/wp\/v2\/media?parent=109487"}],"wp:term":[{"taxonomy":"product_brand","embeddable":true,"href":"https:\/\/abinox-chr-clim.com\/index.php\/wp-json\/wp\/v2\/product_brand?post=109487"},{"taxonomy":"product_cat","embeddable":true,"href":"https:\/\/abinox-chr-clim.com\/index.php\/wp-json\/wp\/v2\/product_cat?post=109487"},{"taxonomy":"product_tag","embeddable":true,"href":"https:\/\/abinox-chr-clim.com\/index.php\/wp-json\/wp\/v2\/product_tag?post=109487"}],"curies":[{"name":"wp","href":"https:\/\/api.w.org\/{rel}","templated":true}]}}