{"id":109486,"date":"2025-05-29T11:04:30","date_gmt":"2025-05-29T09:04:30","guid":{"rendered":"https:\/\/abinox-chr-clim.com\/index.php\/product\/micro-ondes-programmable-menumaster-rms510ts\/"},"modified":"2026-04-02T09:27:59","modified_gmt":"2026-04-02T07:27:59","slug":"micro-ondes-programmable-menumaster-rms510ts","status":"publish","type":"product","link":"https:\/\/abinox-chr-clim.com\/index.php\/product\/micro-ondes-programmable-menumaster-rms510ts\/","title":{"rendered":"Micro-ondes programmable Menumaster RMS510TS"},"content":{"rendered":"<p>Le mod\u00e8le \u00e0 commande tactile permet de s\u00e9lectionner rapidement les programmes pr\u00e9d\u00e9finis. Le mod\u00e8le manuel est simple d&rsquo;utilisation gr\u00e2ce \u00e0 sa puissance unique et sa minuterie six minutes \u00e0 affichage digital lumineux pour une surveillance d&rsquo;un seul coup d&rsquo;\u0153il.<\/p>\n<p>\u2022 Construction en acier inoxydable<br \/>\u2022 Panneau de commande tactile<br \/>\u2022 Empilable<br \/>\u2022 R\u00e9f\u00e9rence soumise \u00e0 une Eco-participation de 0.48\u20ac par unit\u00e9 vendue applicable en France uniquement\u00a0<br \/>\u2022 Cavit\u00e9 23L<br \/>\u2022 Programmable<br \/>\u2022 Utilisation peu intensive<\/p>\n<p><b><u>Caract\u00e9ristiques du produit :<\/u><\/b><br \/>\u2022 Capacit\u00e9 : 23L<br \/>\u2022 Dim. : 311(H) x 508(L) x 419(P) mm<br \/>\u2022 Mati\u00e8re : Inox<br \/>\u2022 Voltage : 230\/240V<br \/>\u2022 Poids : 15 kg<br \/>\u2022 Type : 1.55kW, 230\/240V, 13A<br \/>\u2022 Couleur : Argent.<\/p>\n","protected":false},"excerpt":{"rendered":"<p>Puissance : 1kW. 13A. Capacit\u00e9: 23L. Programmable<\/p>\n","protected":false},"featured_media":107461,"comment_status":"open","ping_status":"closed","template":"","meta":[],"product_brand":[],"product_cat":[1160,1178,1175,1297],"product_tag":[],"class_list":{"0":"post-109486","1":"product","2":"type-product","3":"status-publish","4":"has-post-thumbnail","6":"product_cat-materiel-electrique-et-de-cuisson","7":"product_cat-micro-ondes","8":"product_cat-micro-ondes-et-fours","9":"product_cat-non-palettisable","10":"product_shipping_class-free-shipping","12":"first","13":"outofstock","14":"featured","15":"taxable","16":"shipping-taxable","17":"purchasable","18":"product-type-simple"},"_links":{"self":[{"href":"https:\/\/abinox-chr-clim.com\/index.php\/wp-json\/wp\/v2\/product\/109486","targetHints":{"allow":["GET"]}}],"collection":[{"href":"https:\/\/abinox-chr-clim.com\/index.php\/wp-json\/wp\/v2\/product"}],"about":[{"href":"https:\/\/abinox-chr-clim.com\/index.php\/wp-json\/wp\/v2\/types\/product"}],"replies":[{"embeddable":true,"href":"https:\/\/abinox-chr-clim.com\/index.php\/wp-json\/wp\/v2\/comments?post=109486"}],"wp:featuredmedia":[{"embeddable":true,"href":"https:\/\/abinox-chr-clim.com\/index.php\/wp-json\/wp\/v2\/media\/107461"}],"wp:attachment":[{"href":"https:\/\/abinox-chr-clim.com\/index.php\/wp-json\/wp\/v2\/media?parent=109486"}],"wp:term":[{"taxonomy":"product_brand","embeddable":true,"href":"https:\/\/abinox-chr-clim.com\/index.php\/wp-json\/wp\/v2\/product_brand?post=109486"},{"taxonomy":"product_cat","embeddable":true,"href":"https:\/\/abinox-chr-clim.com\/index.php\/wp-json\/wp\/v2\/product_cat?post=109486"},{"taxonomy":"product_tag","embeddable":true,"href":"https:\/\/abinox-chr-clim.com\/index.php\/wp-json\/wp\/v2\/product_tag?post=109486"}],"curies":[{"name":"wp","href":"https:\/\/api.w.org\/{rel}","templated":true}]}}