{"id":109485,"date":"2025-05-29T11:04:28","date_gmt":"2025-05-29T09:04:28","guid":{"rendered":"https:\/\/abinox-chr-clim.com\/index.php\/product\/casier-a-plots-cambro\/"},"modified":"2026-04-02T10:25:59","modified_gmt":"2026-04-02T08:25:59","slug":"casier-a-plots-cambro","status":"publish","type":"product","link":"https:\/\/abinox-chr-clim.com\/index.php\/product\/casier-a-plots-cambro\/","title":{"rendered":"Casier \u00e0 plots Cambro"},"content":{"rendered":"<p>Plateaux stratifi\u00e9s lisses et solides. R\u00e9sistent aux chocs, aux cassures, aux rayures et aux t\u00e2ches, ainsi qu&rsquo;aux temp\u00e9ratures comprises entre &#8211; 10\u00baC et +100\u00baC.<\/p>\n<p>\u2022 Con\u00e7u pour laver des assiettes, des bols, des plateaux et des couvre-assiettes de diff\u00e9rentes tailles<br \/>\u2022 Les casiers \u00e0 plots standards peuvent contenir 18 assiettes de 25,4 cm, 12 assiettes de 30,5 cm, 27 assiettes de 19 cm, 9 plateaux de 36 x 46 cm.<br \/>\u2022 La construction durable r\u00e9siste aux produits chimiques et aux temp\u00e9ratures \u00e9lev\u00e9es jusqu&rsquo;\u00e0 93,3\u00b0C<br \/>\u2022 Comprend des poign\u00e9es ergonomiques moul\u00e9es pour un transport s\u00fbr et confortable<br \/>\u2022 Le bord sup\u00e9rieur lisse assure un empilage rapide et stable avec des casiers pleine grandeur<\/p>\n<p><b><u>Caract\u00e9ristiques du produit :<\/u><\/b><br \/>\u2022 Dim. : 598,424(H) x 513,842(L) x 510,54(P) mm<br \/>\u2022 Mati\u00e8re : Polypropyl\u00e8ne<br \/>\u2022 Temp\u00e9rature : 93,3 \u00b0C<br \/>\u2022 Poids : 2,05 kg<br \/>\u2022 Couleur : Gris.<\/p>\n","protected":false},"excerpt":{"rendered":"<p>Casier 9&#215;9 pour le lavage d&rsquo;assiettes, saladiers, plateaux, cloches<\/p>\n","protected":false},"featured_media":106697,"comment_status":"open","ping_status":"closed","template":"","meta":[],"product_brand":[],"product_cat":[1172,1171,1160,1297],"product_tag":[],"class_list":{"0":"post-109485","1":"product","2":"type-product","3":"status-publish","4":"has-post-thumbnail","6":"product_cat-casiers-de-lavage","7":"product_cat-laverie","8":"product_cat-materiel-electrique-et-de-cuisson","9":"product_cat-non-palettisable","10":"product_shipping_class-free-shipping","12":"first","13":"instock","14":"featured","15":"taxable","16":"shipping-taxable","17":"purchasable","18":"product-type-simple"},"_links":{"self":[{"href":"https:\/\/abinox-chr-clim.com\/index.php\/wp-json\/wp\/v2\/product\/109485","targetHints":{"allow":["GET"]}}],"collection":[{"href":"https:\/\/abinox-chr-clim.com\/index.php\/wp-json\/wp\/v2\/product"}],"about":[{"href":"https:\/\/abinox-chr-clim.com\/index.php\/wp-json\/wp\/v2\/types\/product"}],"replies":[{"embeddable":true,"href":"https:\/\/abinox-chr-clim.com\/index.php\/wp-json\/wp\/v2\/comments?post=109485"}],"wp:featuredmedia":[{"embeddable":true,"href":"https:\/\/abinox-chr-clim.com\/index.php\/wp-json\/wp\/v2\/media\/106697"}],"wp:attachment":[{"href":"https:\/\/abinox-chr-clim.com\/index.php\/wp-json\/wp\/v2\/media?parent=109485"}],"wp:term":[{"taxonomy":"product_brand","embeddable":true,"href":"https:\/\/abinox-chr-clim.com\/index.php\/wp-json\/wp\/v2\/product_brand?post=109485"},{"taxonomy":"product_cat","embeddable":true,"href":"https:\/\/abinox-chr-clim.com\/index.php\/wp-json\/wp\/v2\/product_cat?post=109485"},{"taxonomy":"product_tag","embeddable":true,"href":"https:\/\/abinox-chr-clim.com\/index.php\/wp-json\/wp\/v2\/product_tag?post=109485"}],"curies":[{"name":"wp","href":"https:\/\/api.w.org\/{rel}","templated":true}]}}