{"id":109483,"date":"2025-05-29T11:04:25","date_gmt":"2025-05-29T09:04:25","guid":{"rendered":"https:\/\/abinox-chr-clim.com\/index.php\/product\/plateaux-stratifies-lisses-capri-cambro-noyer-460mm\/"},"modified":"2026-04-24T11:01:30","modified_gmt":"2026-04-24T09:01:30","slug":"plateaux-stratifies-lisses-capri-cambro-noyer-460mm","status":"publish","type":"product","link":"https:\/\/abinox-chr-clim.com\/index.php\/product\/plateaux-stratifies-lisses-capri-cambro-noyer-460mm\/","title":{"rendered":"Plateaux stratifi\u00e9s lisses Capri Cambro noyer 460mm"},"content":{"rendered":"<p>Plateau stratifi\u00e9 lisse et solide. R\u00e9siste aux chocs, \u00e0 la casse, aux \u00e9raflures et aux taches, ainsi qu&rsquo;aux temp\u00e9ratures comprises entre &#8211; 10\u00baC et +100\u00baC.<\/p>\n<p>\u2022 R\u00e9sistance thermique -10&#730; \u00e0 +100&#730;C<br \/>\u2022 R\u00e9sistant aux chocs, \u00e0 la casse, aux \u00e9raflures et aux taches<br \/>\u2022 Facile \u00e0 nettoyer<br \/>\u2022 Finition bois attrayante<br \/>\u2022 Empilable pour un rangement facile &#8211; Remarque : tous les plateaux stratifi\u00e9s doivent \u00eatre s\u00e9ch\u00e9s avant l&#8217;empilage<br \/>\u2022 Joint de surface en m\u00e9lamine pour une excellente r\u00e9sistance aux produits chimiques et aux taches<br \/>\u2022 La construction robuste emp\u00eache la flexion lors du transport de charges lourdes<br \/>\u2022 Compatible lave-vaisselle &#8211; Lavage une fois par jour<\/p>\n<p><b><u>Caract\u00e9ristiques du produit :<\/u><\/b><br \/>\u2022 Dim. : 360(L) x 460(P) mm<br \/>\u2022 Mati\u00e8re : M\u00e9lamine<br \/>\u2022 Couleur : Marron.<\/p>\n","protected":false},"excerpt":{"rendered":"<p>Dimensions : 460mm(L) x 360mm(P).<\/p>\n","protected":false},"featured_media":106534,"comment_status":"open","ping_status":"closed","template":"","meta":[],"product_brand":[],"product_cat":[1129,1297,1127,1106],"product_tag":[],"class_list":{"0":"post-109483","1":"product","2":"type-product","3":"status-publish","4":"has-post-thumbnail","6":"product_cat-cambro","7":"product_cat-non-palettisable","8":"product_cat-plateaux-de-service","9":"product_cat-restaurant-bar-et-hotel","10":"product_shipping_class-free-shipping","12":"first","13":"instock","14":"featured","15":"taxable","16":"shipping-taxable","17":"purchasable","18":"product-type-simple"},"_links":{"self":[{"href":"https:\/\/abinox-chr-clim.com\/index.php\/wp-json\/wp\/v2\/product\/109483","targetHints":{"allow":["GET"]}}],"collection":[{"href":"https:\/\/abinox-chr-clim.com\/index.php\/wp-json\/wp\/v2\/product"}],"about":[{"href":"https:\/\/abinox-chr-clim.com\/index.php\/wp-json\/wp\/v2\/types\/product"}],"replies":[{"embeddable":true,"href":"https:\/\/abinox-chr-clim.com\/index.php\/wp-json\/wp\/v2\/comments?post=109483"}],"wp:featuredmedia":[{"embeddable":true,"href":"https:\/\/abinox-chr-clim.com\/index.php\/wp-json\/wp\/v2\/media\/106534"}],"wp:attachment":[{"href":"https:\/\/abinox-chr-clim.com\/index.php\/wp-json\/wp\/v2\/media?parent=109483"}],"wp:term":[{"taxonomy":"product_brand","embeddable":true,"href":"https:\/\/abinox-chr-clim.com\/index.php\/wp-json\/wp\/v2\/product_brand?post=109483"},{"taxonomy":"product_cat","embeddable":true,"href":"https:\/\/abinox-chr-clim.com\/index.php\/wp-json\/wp\/v2\/product_cat?post=109483"},{"taxonomy":"product_tag","embeddable":true,"href":"https:\/\/abinox-chr-clim.com\/index.php\/wp-json\/wp\/v2\/product_tag?post=109483"}],"curies":[{"name":"wp","href":"https:\/\/api.w.org\/{rel}","templated":true}]}}