{"id":109480,"date":"2025-05-29T11:04:19","date_gmt":"2025-05-29T09:04:19","guid":{"rendered":"https:\/\/abinox-chr-clim.com\/index.php\/product\/blender-de-bar-santos-33-chrome\/"},"modified":"2026-04-15T10:27:14","modified_gmt":"2026-04-15T08:27:14","slug":"blender-de-bar-santos-33-chrome","status":"publish","type":"product","link":"https:\/\/abinox-chr-clim.com\/index.php\/product\/blender-de-bar-santos-33-chrome\/","title":{"rendered":"Blender de bar Santos #33 chrome"},"content":{"rendered":"<p>Le blender de bar Santos #33 chrome offre une solution performante permettant de r\u00e9aliser toutes sortes de pr\u00e9parations froides ou chaudes : smoothies, cocktails, soupes, sauces&#8230; Ses deux vitesses et son pichet gradu\u00e9 durable et facile \u00e0 remplir permettent une ma\u00eetrise facile des pr\u00e9parations. Les pi\u00e8ces amovibles permettent un nettoyage facile (bol, couvercle, \u00e9crou, joint, moyeu porte-couteaux) et le couvercle avec bouchon l&rsquo;ajout des ingr\u00e9dients en cours d&rsquo;utilisation. Blender \u00e9quip\u00e9 d&rsquo;une d\u00e9tection de bol pour que le moteur s&rsquo;arr\u00eate lorsqu&rsquo;on retire le bol de la base.100% fabriqu\u00e9 en France depuis 1954.<\/p>\n<p>\u2022 Couvercle avec bouchon pour ajouter des ingr\u00e9dients en cours d&rsquo;utilisation<br \/>\u2022 R\u00e9cipient gradu\u00e9 1,25L<br \/>\u2022 Couteaux r\u00e9sistants en acier inoxydable<br \/>\u2022 Bloc moteur \u00e9tanche<br \/>\u2022 2 vitesses : 12 000 tr\/min et 16 000 tr\/min<br \/>\u2022 Moteur robuste de 600 W<\/p>\n<p><b><u>Caract\u00e9ristiques du produit :<\/u><\/b><br \/>\u2022 Dim. : 420(H) x 180(L) x 180(P)mm<br \/>\u2022 Voltage : 220-240V<br \/>\u2022 Poids : 3 kg<br \/>\u2022 Vitesse : 12 000 et 16 000 tr\/min<br \/>\u2022 Couleur : Transparent.<\/p>\n","protected":false},"excerpt":{"rendered":"<p>600 W &#8211; 2 vitesses &#8211; 1,25 litre<\/p>\n","protected":false},"featured_media":106378,"comment_status":"open","ping_status":"closed","template":"","meta":[],"product_brand":[],"product_cat":[1161,1160,1297],"product_tag":[],"class_list":{"0":"post-109480","1":"product","2":"type-product","3":"status-publish","4":"has-post-thumbnail","6":"product_cat-blenders-et-mixeurs-plongeants","7":"product_cat-materiel-electrique-et-de-cuisson","8":"product_cat-non-palettisable","9":"product_shipping_class-free-shipping","11":"first","12":"instock","13":"featured","14":"taxable","15":"shipping-taxable","16":"purchasable","17":"product-type-simple"},"_links":{"self":[{"href":"https:\/\/abinox-chr-clim.com\/index.php\/wp-json\/wp\/v2\/product\/109480","targetHints":{"allow":["GET"]}}],"collection":[{"href":"https:\/\/abinox-chr-clim.com\/index.php\/wp-json\/wp\/v2\/product"}],"about":[{"href":"https:\/\/abinox-chr-clim.com\/index.php\/wp-json\/wp\/v2\/types\/product"}],"replies":[{"embeddable":true,"href":"https:\/\/abinox-chr-clim.com\/index.php\/wp-json\/wp\/v2\/comments?post=109480"}],"wp:featuredmedia":[{"embeddable":true,"href":"https:\/\/abinox-chr-clim.com\/index.php\/wp-json\/wp\/v2\/media\/106378"}],"wp:attachment":[{"href":"https:\/\/abinox-chr-clim.com\/index.php\/wp-json\/wp\/v2\/media?parent=109480"}],"wp:term":[{"taxonomy":"product_brand","embeddable":true,"href":"https:\/\/abinox-chr-clim.com\/index.php\/wp-json\/wp\/v2\/product_brand?post=109480"},{"taxonomy":"product_cat","embeddable":true,"href":"https:\/\/abinox-chr-clim.com\/index.php\/wp-json\/wp\/v2\/product_cat?post=109480"},{"taxonomy":"product_tag","embeddable":true,"href":"https:\/\/abinox-chr-clim.com\/index.php\/wp-json\/wp\/v2\/product_tag?post=109480"}],"curies":[{"name":"wp","href":"https:\/\/api.w.org\/{rel}","templated":true}]}}