{"id":109477,"date":"2025-05-29T11:04:14","date_gmt":"2025-05-29T09:04:14","guid":{"rendered":"https:\/\/abinox-chr-clim.com\/index.php\/product\/petrin-melangeur-santos-10-litres-18\/"},"modified":"2026-04-02T10:13:04","modified_gmt":"2026-04-02T08:13:04","slug":"petrin-melangeur-santos-10-litres-18","status":"publish","type":"product","link":"https:\/\/abinox-chr-clim.com\/index.php\/product\/petrin-melangeur-santos-10-litres-18\/","title":{"rendered":"P\u00e9trin m\u00e9langeur Santos 10 litres 18"},"content":{"rendered":"<p>Puissant et fiable, le m\u00e9langeur \u00e0 p\u00e2te Santos de 10 litres est l&rsquo;ajout id\u00e9al pour les petites entreprises o\u00f9 le pain et les pizzas sont au menu. Capable de p\u00e9trir facilement 4 kg de p\u00e2te dure en 15 minutes gr\u00e2ce \u00e0 son moteur puissant mais silencieux de 600 W. Le m\u00e9langeur \u00e0 p\u00e2te est \u00e9quip\u00e9 d&rsquo;une fourche h\u00e9lico\u00efdale qui offre la quantit\u00e9 parfaite d&rsquo;oxyg\u00e9nation pour votre p\u00e2te, vous aidant \u00e0 produire des r\u00e9sultats coh\u00e9rents.Le bol rotatif en acier inoxydable solide est amovible pour un nettoyage facile et le couvercle transparent assure une surveillance s\u00fbre et simple du processus de p\u00e9trissage. Ce m\u00e9langeur \u00e0 p\u00e2te Santos de 10 litres est mont\u00e9 sur un support permettant de le placer sur le comptoir pour une utilisation continue. Une goulotte lat\u00e9rale permet d&rsquo;ajouter des ingr\u00e9dients pendant le m\u00e9lange de mani\u00e8re rapide et simple, \u00e9vitant ainsi de devoir l&rsquo;\u00e9teindre et le rallumer pour ajouter des ingr\u00e9dients.Veuillez noter : ce produit est une commande sp\u00e9ciale. En cas de retour, des frais de restockage de 15 % s&rsquo;appliqueront.<\/p>\n<p>\u2022 Moteur asynchrone robuste et silencieux de 600 W<br \/>\u2022 Construction robuste et facile \u00e0 nettoyer<br \/>\u2022 Cuve rotative en inox de 10 litres<br \/>\u2022 Facile \u00e0 utiliser, commandes manuelles simples<br \/>\u2022 Le m\u00e9canisme de m\u00e9lange \u00e0 fourche h\u00e9lico\u00efdale donne des r\u00e9sultats exceptionnels<br \/>\u2022 Mont\u00e9 sur support pour utilisation sur comptoir<br \/>\u2022 Goulotte lat\u00e9rale pour ajouter des ingr\u00e9dients pendant le p\u00e9trissage<br \/>\u2022 Livr\u00e9 avec un capot de s\u00e9curit\u00e9 transparent<\/p>\n<p><b><u>Caract\u00e9ristiques du produit :<\/u><\/b><br \/>\u2022 Capacit\u00e9 : 10 L<br \/>\u2022 Dim. : 420(H) x 350(L) x 500(P)mm<br \/>\u2022 Voltage : 220-240V<br \/>\u2022 Poids : 17 kg<br \/>\u2022 Vitesse : 1800<br \/>\u2022 Couleur : Gris.<\/p>\n","protected":false},"excerpt":{"rendered":"<p>600W. Capacit\u00e9 : 10 litres. Une vitesse<\/p>\n","protected":false},"featured_media":108296,"comment_status":"open","ping_status":"closed","template":"","meta":[],"product_brand":[],"product_cat":[1188,1160,1297,1179,1187],"product_tag":[],"class_list":{"0":"post-109477","1":"product","2":"type-product","3":"status-publish","4":"has-post-thumbnail","6":"product_cat-batteurs","7":"product_cat-materiel-electrique-et-de-cuisson","8":"product_cat-non-palettisable","9":"product_cat-petit-materiel","10":"product_cat-preparation-des-aliments","11":"product_shipping_class-free-shipping","13":"first","14":"instock","15":"featured","16":"taxable","17":"shipping-taxable","18":"purchasable","19":"product-type-simple"},"_links":{"self":[{"href":"https:\/\/abinox-chr-clim.com\/index.php\/wp-json\/wp\/v2\/product\/109477","targetHints":{"allow":["GET"]}}],"collection":[{"href":"https:\/\/abinox-chr-clim.com\/index.php\/wp-json\/wp\/v2\/product"}],"about":[{"href":"https:\/\/abinox-chr-clim.com\/index.php\/wp-json\/wp\/v2\/types\/product"}],"replies":[{"embeddable":true,"href":"https:\/\/abinox-chr-clim.com\/index.php\/wp-json\/wp\/v2\/comments?post=109477"}],"wp:featuredmedia":[{"embeddable":true,"href":"https:\/\/abinox-chr-clim.com\/index.php\/wp-json\/wp\/v2\/media\/108296"}],"wp:attachment":[{"href":"https:\/\/abinox-chr-clim.com\/index.php\/wp-json\/wp\/v2\/media?parent=109477"}],"wp:term":[{"taxonomy":"product_brand","embeddable":true,"href":"https:\/\/abinox-chr-clim.com\/index.php\/wp-json\/wp\/v2\/product_brand?post=109477"},{"taxonomy":"product_cat","embeddable":true,"href":"https:\/\/abinox-chr-clim.com\/index.php\/wp-json\/wp\/v2\/product_cat?post=109477"},{"taxonomy":"product_tag","embeddable":true,"href":"https:\/\/abinox-chr-clim.com\/index.php\/wp-json\/wp\/v2\/product_tag?post=109477"}],"curies":[{"name":"wp","href":"https:\/\/api.w.org\/{rel}","templated":true}]}}