{"id":109474,"date":"2025-05-29T11:04:10","date_gmt":"2025-05-29T09:04:10","guid":{"rendered":"https:\/\/abinox-chr-clim.com\/index.php\/product\/table-de-preparation-8-bacs-gn-1-6-1-porte-true-tssu-27-08-hc\/"},"modified":"2026-04-02T10:15:02","modified_gmt":"2026-04-02T08:15:02","slug":"table-de-preparation-8-bacs-gn-1-6-1-porte-true-tssu-27-08-hc","status":"publish","type":"product","link":"https:\/\/abinox-chr-clim.com\/index.php\/product\/table-de-preparation-8-bacs-gn-1-6-1-porte-true-tssu-27-08-hc\/","title":{"rendered":"Table de pr\u00e9paration 8 bacs GN 1\/6 1 porte True TSSU-27-08-HC"},"content":{"rendered":"<p>Comptoir de pr\u00e9paration de salade\/sandwich de taille compacte, id\u00e9al pour les cuisines avec un espace limit\u00e9. Maintient les temp\u00e9ratures avec pr\u00e9cision et efficacit\u00e9 gr\u00e2ce \u00e0 une isolation avanc\u00e9e Ecomate.<\/p>\n<p>\u2022 Garantie compl\u00e8te de 5 ans sur les pi\u00e8ces et la main d&rsquo;\u0153uvre, leader du secteur<br \/>\u2022 Les syst\u00e8mes de circulation d&rsquo;air brevet\u00e9s maintiennent une temp\u00e9rature constante et uniforme de 0,5 \u00b0C \u00e0 5 \u00b0C dans TOUTES les casseroles, garantissant ainsi que les ingr\u00e9dients de haute qualit\u00e9 restent frais et s\u00fbrs \u00e0 consommer.<br \/>\u2022 Syst\u00e8me de r\u00e9frig\u00e9ration \u00e0 hydrocarbures R290 respectueux de l&rsquo;environnement pour une conservation optimale des aliments.<br \/>\u2022 Fourni avec une planche \u00e0 d\u00e9couper pleine longueur et des casseroles GN en polycarbonate.<br \/>\u2022 Compatible avec d&rsquo;autres tailles et dispositions de casseroles GN.<br \/>\u2022 Id\u00e9al pour la pr\u00e9paration de sandwichs, de salades et de wraps.<br \/>\u2022 Respiration 100 % frontale, ne n\u00e9cessitant aucun d\u00e9gagement sur les c\u00f4t\u00e9s de l&rsquo;unit\u00e9<br \/>\u2022 Le capot et le couvercle isol\u00e9s r\u00e9duisent la consommation d&rsquo;\u00e9nergie lorsqu&rsquo;ils sont ferm\u00e9s ou peuvent \u00eatre facilement retir\u00e9s pour construire l&rsquo;unit\u00e9 dans un cadre fabriqu\u00e9.<br \/>\u2022 Fourni avec des roulettes de 158 mm.<br \/>\u2022 Fa\u00e7ade en acier inoxydable \u00e0 haute r\u00e9sistance, pour moins de bosses et de rayures.<\/p>\n<p><b><u>Caract\u00e9ristiques du produit :<\/u><\/b><br \/>\u2022 Capacit\u00e9 : 184 L<br \/>\u2022 Dim. : 1093(H) x 702(L) x 766(P) mm<br \/>\u2022 Isolation : 44.45 mm<br \/>\u2022 Mati\u00e8re : Inox et aluminium<br \/>\u2022 Puissance : 368 W<br \/>\u2022 Fr\u00e9on : R290 \/ GWP 3<br \/>\u2022 Temp\u00e9rature : 0,5 \u00b0C \u00e0 5 \u00b0C<br \/>\u2022 Voltage : 230V<br \/>\u2022 Poids : 75 kg<br \/>\u2022 Temp\u00e9rature ambiante MAX : 25 \u00b0C<br \/>\u2022 Type : 4.9 A<br \/>\u2022 Couleur : Argent.<\/p>\n","protected":false},"excerpt":{"rendered":"<p>8 x 1\/6GN<\/p>\n","protected":false},"featured_media":106376,"comment_status":"open","ping_status":"closed","template":"","meta":[],"product_brand":[],"product_cat":[1146,1296,1159,1155],"product_tag":[],"class_list":{"0":"post-109474","1":"product","2":"type-product","3":"status-publish","4":"has-post-thumbnail","6":"product_cat-mobilier-de-cuisine-chariots-et-echelles","7":"product_cat-palettisable","8":"product_cat-tables-de-preparation","9":"product_cat-tables-et-plonges","10":"product_shipping_class-free-shipping","12":"first","13":"outofstock","14":"featured","15":"taxable","16":"shipping-taxable","17":"purchasable","18":"product-type-simple"},"_links":{"self":[{"href":"https:\/\/abinox-chr-clim.com\/index.php\/wp-json\/wp\/v2\/product\/109474","targetHints":{"allow":["GET"]}}],"collection":[{"href":"https:\/\/abinox-chr-clim.com\/index.php\/wp-json\/wp\/v2\/product"}],"about":[{"href":"https:\/\/abinox-chr-clim.com\/index.php\/wp-json\/wp\/v2\/types\/product"}],"replies":[{"embeddable":true,"href":"https:\/\/abinox-chr-clim.com\/index.php\/wp-json\/wp\/v2\/comments?post=109474"}],"wp:featuredmedia":[{"embeddable":true,"href":"https:\/\/abinox-chr-clim.com\/index.php\/wp-json\/wp\/v2\/media\/106376"}],"wp:attachment":[{"href":"https:\/\/abinox-chr-clim.com\/index.php\/wp-json\/wp\/v2\/media?parent=109474"}],"wp:term":[{"taxonomy":"product_brand","embeddable":true,"href":"https:\/\/abinox-chr-clim.com\/index.php\/wp-json\/wp\/v2\/product_brand?post=109474"},{"taxonomy":"product_cat","embeddable":true,"href":"https:\/\/abinox-chr-clim.com\/index.php\/wp-json\/wp\/v2\/product_cat?post=109474"},{"taxonomy":"product_tag","embeddable":true,"href":"https:\/\/abinox-chr-clim.com\/index.php\/wp-json\/wp\/v2\/product_tag?post=109474"}],"curies":[{"name":"wp","href":"https:\/\/api.w.org\/{rel}","templated":true}]}}