{"id":109469,"date":"2025-05-29T11:04:01","date_gmt":"2025-05-29T09:04:01","guid":{"rendered":"https:\/\/abinox-chr-clim.com\/index.php\/product\/mugs-churchill-stonecast-grey-340ml-lot-de-12\/"},"modified":"2026-04-02T10:14:59","modified_gmt":"2026-04-02T08:14:59","slug":"mugs-churchill-stonecast-grey-340ml-lot-de-12","status":"publish","type":"product","link":"https:\/\/abinox-chr-clim.com\/index.php\/product\/mugs-churchill-stonecast-grey-340ml-lot-de-12\/","title":{"rendered":"Mugs Churchill Stonecast Grey 340ml (Lot de 12)"},"content":{"rendered":"<p>Avec un charme rustique pour un effet \u00e9tonnant, ces tasses profil\u00e9es en pierre de Churchill sont d\u00e9cor\u00e9es \u00e0 la main et individuelles, rendant chaque pi\u00e8ce unique, avec son propre caract\u00e8re.Inspir\u00e9 par la fa\u00e7on dont les saisons changent, ajoutez de la chaleur \u00e0 la table avec ce design polyvalent peint \u00e0 la main disponible en 10 couleurs magnifiques &#8211; Cr\u00e8me de Muscade, Bleu Oeuf de Canard, Blanc Orge, Gris Poivre, Orange \u00c9pic\u00e9e, Bleu Bleuet, Jaune Graine de Moutarde, Rouge Baie, Myrtille et Vert Salicornia.<\/p>\n<p>\u2022 Lave-vaisselle<br \/>\u2022 Passe au micro-ondes<br \/>\u2022 Finition \u00e9maill\u00e9e sup\u00e9rieure<br \/>\u2022 Chaque pi\u00e8ce est unique<\/p>\n<p><b><u>Caract\u00e9ristiques du produit :<\/u><\/b><br \/>\u2022 Lot : 12.0<br \/>\u2022 Mati\u00e8re : C\u00e9ramique super vitrifi\u00e9e<br \/>\u2022 Couleur : Gris.<\/p>\n","protected":false},"excerpt":{"rendered":"<p>80mm. Quantit\u00e9 par paquet : 12<\/p>\n","protected":false},"featured_media":107009,"comment_status":"open","ping_status":"closed","template":"","meta":[],"product_brand":[],"product_cat":[1023,1045,1297,1043],"product_tag":[],"class_list":{"0":"post-109469","1":"product","2":"type-product","3":"status-publish","4":"has-post-thumbnail","6":"product_cat-art-de-la-table","7":"product_cat-divers-vaisselle","8":"product_cat-non-palettisable","9":"product_cat-vaisselle","10":"product_shipping_class-free-shipping","12":"first","13":"instock","14":"featured","15":"taxable","16":"shipping-taxable","17":"purchasable","18":"product-type-simple"},"_links":{"self":[{"href":"https:\/\/abinox-chr-clim.com\/index.php\/wp-json\/wp\/v2\/product\/109469","targetHints":{"allow":["GET"]}}],"collection":[{"href":"https:\/\/abinox-chr-clim.com\/index.php\/wp-json\/wp\/v2\/product"}],"about":[{"href":"https:\/\/abinox-chr-clim.com\/index.php\/wp-json\/wp\/v2\/types\/product"}],"replies":[{"embeddable":true,"href":"https:\/\/abinox-chr-clim.com\/index.php\/wp-json\/wp\/v2\/comments?post=109469"}],"wp:featuredmedia":[{"embeddable":true,"href":"https:\/\/abinox-chr-clim.com\/index.php\/wp-json\/wp\/v2\/media\/107009"}],"wp:attachment":[{"href":"https:\/\/abinox-chr-clim.com\/index.php\/wp-json\/wp\/v2\/media?parent=109469"}],"wp:term":[{"taxonomy":"product_brand","embeddable":true,"href":"https:\/\/abinox-chr-clim.com\/index.php\/wp-json\/wp\/v2\/product_brand?post=109469"},{"taxonomy":"product_cat","embeddable":true,"href":"https:\/\/abinox-chr-clim.com\/index.php\/wp-json\/wp\/v2\/product_cat?post=109469"},{"taxonomy":"product_tag","embeddable":true,"href":"https:\/\/abinox-chr-clim.com\/index.php\/wp-json\/wp\/v2\/product_tag?post=109469"}],"curies":[{"name":"wp","href":"https:\/\/api.w.org\/{rel}","templated":true}]}}