{"id":109467,"date":"2025-05-29T11:03:58","date_gmt":"2025-05-29T09:03:58","guid":{"rendered":"https:\/\/abinox-chr-clim.com\/index.php\/product\/crepiere-polyvalente-waring-commercial-xpress-wsc300ck\/"},"modified":"2026-04-13T08:14:14","modified_gmt":"2026-04-13T06:14:14","slug":"crepiere-polyvalente-waring-commercial-xpress-wsc300ck","status":"publish","type":"product","link":"https:\/\/abinox-chr-clim.com\/index.php\/product\/crepiere-polyvalente-waring-commercial-xpress-wsc300ck\/","title":{"rendered":"Cr\u00eapi\u00e8re polyvalente Waring Commercial Xpress WSC300CK"},"content":{"rendered":"<p>La r\u00e9alisation de cr\u00eapes simplifi\u00e9e et perfectionn\u00e9e. Le WSC300CK Waring Commercial XPress cuit les deux c\u00f4t\u00e9s simultan\u00e9ment pour produire des cr\u00eapes parfaitement form\u00e9es, minimisant le temps de pr\u00e9paration et maximisant la production.Con\u00e7u pour \u00e9galement r\u00e9chauffer et cuire des tortillas, pr\u00e9parer des quesadillas, et plus encore, cette plaque de cuisson \u00e0 double surface avec commandes num\u00e9riques est id\u00e9ale pour les op\u00e9rations de restauration d&rsquo;aujourd&rsquo;hui. Il suffit de r\u00e9gler le temps et la temp\u00e9rature pour des r\u00e9sultats parfaits \u00e0 chaque fois.Facile \u00e0 utiliser, \u00e0 nettoyer et \u00e0 entretenir.<\/p>\n<p>\u2022 Chauffe rapide &#8211; commencez \u00e0 cuisiner plus rapidement<br \/>\u2022 Surface de cuisson polyvalente en aluminium de 343mm avec r\u00e9sistances int\u00e9gr\u00e9es<br \/>\u2022 Les doubles surfaces de cuisson cuisent des deux c\u00f4t\u00e9s en m\u00eame temps &#8211; pas besoin de retourner les aliments<br \/>\u2022 La surface de cuisson est recouverte d&rsquo;un triple rev\u00eatement Whitford QuanTanium pour faciliter le retrait des aliments<br \/>\u2022 Pav\u00e9 tactile \u00e9lectronique avec contr\u00f4les pr\u00e9cis de la temp\u00e9rature de 52\u00b0C \u00e0 218\u00b0C<br \/>\u2022 Affiche la temp\u00e9rature en Fahrenheit ou Celsius<br \/>\u2022 Minuterie num\u00e9rique \u00e0 compte \u00e0 rebours programmable avec indicateur sonore<br \/>\u2022 Comprend une spatule \u00e0 cr\u00eapes en silicone pour plier les cr\u00eapes et retirer les aliments sans rayer la surface antiadh\u00e9sive<\/p>\n<p><b><u>Caract\u00e9ristiques du produit :<\/u><\/b><br \/>\u2022 Dim. : 247,65(H) x 457,2(L) x 457,2(L) mm<br \/>\u2022 Poids : 13,6 kg<br \/>\u2022 Couleur : Argent.<\/p>\n","protected":false},"excerpt":{"rendered":"<p>2,7 kW. Plaques de cuisson de 343mm<\/p>\n","protected":false},"featured_media":107008,"comment_status":"open","ping_status":"closed","template":"","meta":[],"product_brand":[],"product_cat":[1183,1160,1297,1179],"product_tag":[],"class_list":{"0":"post-109467","1":"product","2":"type-product","3":"status-publish","4":"has-post-thumbnail","6":"product_cat-gaufriers-et-crepieres","7":"product_cat-materiel-electrique-et-de-cuisson","8":"product_cat-non-palettisable","9":"product_cat-petit-materiel","10":"product_shipping_class-free-shipping","12":"first","13":"instock","14":"featured","15":"taxable","16":"shipping-taxable","17":"purchasable","18":"product-type-simple"},"_links":{"self":[{"href":"https:\/\/abinox-chr-clim.com\/index.php\/wp-json\/wp\/v2\/product\/109467","targetHints":{"allow":["GET"]}}],"collection":[{"href":"https:\/\/abinox-chr-clim.com\/index.php\/wp-json\/wp\/v2\/product"}],"about":[{"href":"https:\/\/abinox-chr-clim.com\/index.php\/wp-json\/wp\/v2\/types\/product"}],"replies":[{"embeddable":true,"href":"https:\/\/abinox-chr-clim.com\/index.php\/wp-json\/wp\/v2\/comments?post=109467"}],"wp:featuredmedia":[{"embeddable":true,"href":"https:\/\/abinox-chr-clim.com\/index.php\/wp-json\/wp\/v2\/media\/107008"}],"wp:attachment":[{"href":"https:\/\/abinox-chr-clim.com\/index.php\/wp-json\/wp\/v2\/media?parent=109467"}],"wp:term":[{"taxonomy":"product_brand","embeddable":true,"href":"https:\/\/abinox-chr-clim.com\/index.php\/wp-json\/wp\/v2\/product_brand?post=109467"},{"taxonomy":"product_cat","embeddable":true,"href":"https:\/\/abinox-chr-clim.com\/index.php\/wp-json\/wp\/v2\/product_cat?post=109467"},{"taxonomy":"product_tag","embeddable":true,"href":"https:\/\/abinox-chr-clim.com\/index.php\/wp-json\/wp\/v2\/product_tag?post=109467"}],"curies":[{"name":"wp","href":"https:\/\/api.w.org\/{rel}","templated":true}]}}