{"id":109466,"date":"2025-05-29T11:03:56","date_gmt":"2025-05-29T09:03:56","guid":{"rendered":"https:\/\/abinox-chr-clim.com\/index.php\/product\/gaufrier-belge-rond-double-buffalo\/"},"modified":"2026-04-13T08:21:50","modified_gmt":"2026-04-13T06:21:50","slug":"gaufrier-belge-rond-double-buffalo","status":"publish","type":"product","link":"https:\/\/abinox-chr-clim.com\/index.php\/product\/gaufrier-belge-rond-double-buffalo\/","title":{"rendered":"Gaufrier belge rond double Buffalo"},"content":{"rendered":"<p>Des gaufriers professionnels pr\u00e9cis et puissants, dot\u00e9s d&rsquo;une conception intelligente qui permet de capturer et de nettoyer l&rsquo;exc\u00e9dent de p\u00e2te.<\/p>\n<p>\u2022 Bo\u00eetier en acier inoxydable facile \u00e0 nettoyer et solide<br \/>\u2022 Plaques en aluminium moul\u00e9 sous pression de qualit\u00e9 sup\u00e9rieure avec rev\u00eatement antiadh\u00e9sif<br \/>\u2022 Plage de temp\u00e9rature : 50-250&#8451;<br \/>\u2022 Commandes et minuteurs ind\u00e9pendants pour chaque c\u00f4t\u00e9<br \/>\u2022 Production maximale : jusqu&rsquo;\u00e0 60 gaufres par heure<br \/>\u2022 Conception antigaspillage &#8211; le canal circulaire antiadh\u00e9sif retient l&rsquo;exc\u00e9dent de p\u00e2te<br \/>\u2022 Poign\u00e9es en bak\u00e9lite durables<\/p>\n<p><b><u>Caract\u00e9ristiques du produit :<\/u><\/b><br \/>\u2022 Dim. : 198(H) x 500(L) x 290(P) mm<br \/>\u2022 Mati\u00e8re : Inox et aluminium<br \/>\u2022 Voltage : 220-240V<br \/>\u2022 Poids : 9,8 kg<br \/>\u2022 Couleur : Argent.<\/p>\n","protected":false},"excerpt":{"rendered":"<p>2kW. Produit jusqu&rsquo;\u00e0 60 gaufres de 180mm de diam\u00e8tre par heure<\/p>\n","protected":false},"featured_media":106064,"comment_status":"open","ping_status":"closed","template":"","meta":[],"product_brand":[],"product_cat":[1183,1160,1297,1179],"product_tag":[],"class_list":{"0":"post-109466","1":"product","2":"type-product","3":"status-publish","4":"has-post-thumbnail","6":"product_cat-gaufriers-et-crepieres","7":"product_cat-materiel-electrique-et-de-cuisson","8":"product_cat-non-palettisable","9":"product_cat-petit-materiel","10":"product_shipping_class-free-shipping","12":"first","13":"instock","14":"featured","15":"taxable","16":"shipping-taxable","17":"purchasable","18":"product-type-simple"},"_links":{"self":[{"href":"https:\/\/abinox-chr-clim.com\/index.php\/wp-json\/wp\/v2\/product\/109466","targetHints":{"allow":["GET"]}}],"collection":[{"href":"https:\/\/abinox-chr-clim.com\/index.php\/wp-json\/wp\/v2\/product"}],"about":[{"href":"https:\/\/abinox-chr-clim.com\/index.php\/wp-json\/wp\/v2\/types\/product"}],"replies":[{"embeddable":true,"href":"https:\/\/abinox-chr-clim.com\/index.php\/wp-json\/wp\/v2\/comments?post=109466"}],"wp:featuredmedia":[{"embeddable":true,"href":"https:\/\/abinox-chr-clim.com\/index.php\/wp-json\/wp\/v2\/media\/106064"}],"wp:attachment":[{"href":"https:\/\/abinox-chr-clim.com\/index.php\/wp-json\/wp\/v2\/media?parent=109466"}],"wp:term":[{"taxonomy":"product_brand","embeddable":true,"href":"https:\/\/abinox-chr-clim.com\/index.php\/wp-json\/wp\/v2\/product_brand?post=109466"},{"taxonomy":"product_cat","embeddable":true,"href":"https:\/\/abinox-chr-clim.com\/index.php\/wp-json\/wp\/v2\/product_cat?post=109466"},{"taxonomy":"product_tag","embeddable":true,"href":"https:\/\/abinox-chr-clim.com\/index.php\/wp-json\/wp\/v2\/product_tag?post=109466"}],"curies":[{"name":"wp","href":"https:\/\/api.w.org\/{rel}","templated":true}]}}