{"id":109465,"date":"2025-05-29T11:03:54","date_gmt":"2025-05-29T09:03:54","guid":{"rendered":"https:\/\/abinox-chr-clim.com\/index.php\/product\/verres-a-vin-ce-arcoroc-savoie-grand-vin-350ml-lot-de-48\/"},"modified":"2026-03-10T10:22:14","modified_gmt":"2026-03-10T09:22:14","slug":"verres-a-vin-ce-arcoroc-savoie-grand-vin-350ml-lot-de-48","status":"publish","type":"product","link":"https:\/\/abinox-chr-clim.com\/index.php\/product\/verres-a-vin-ce-arcoroc-savoie-grand-vin-350ml-lot-de-48\/","title":{"rendered":"Verres \u00e0 vin CE Arcoroc Savoie Grand Vin 350ml (lot de 48)"},"content":{"rendered":"<p>La jambe \u00e0 hauteur r\u00e9duite et le corps mince rendent cette gamme parfaite pour les d\u00e9bits de boissons, les traiteurs et autres lieux de r\u00e9ception. Lavable au lave-verres.<\/p>\n<p>\u2022 Lavable au lave-verres<br \/>\u2022 Marqu\u00e9 et estampill\u00e9 CE \u00e0 250ml<\/p>\n<p><b><u>Caract\u00e9ristiques du produit :<\/u><\/b><br \/>\u2022 Lot : 48.0<br \/>\u2022 Capacit\u00e9 : 350ml. Gradu\u00e9 \u00e0 250ml CE.<br \/>\u2022 Dim. : 183(h)mm.<br \/>\u2022 Mati\u00e8re : Verre<br \/>\u2022 Poids : 8,59 kg<br \/>\u2022 Couleur : Transparent.<\/p>\n","protected":false},"excerpt":{"rendered":"<p>350ml. Gradu\u00e9 \u00e0 250ml CE. Bo\u00eete de 48.<\/p>\n","protected":false},"featured_media":108292,"comment_status":"open","ping_status":"closed","template":"","meta":[],"product_brand":[],"product_cat":[1023,1297,1051,1063],"product_tag":[],"class_list":{"0":"post-109465","1":"product","2":"type-product","3":"status-publish","4":"has-post-thumbnail","6":"product_cat-art-de-la-table","7":"product_cat-non-palettisable","8":"product_cat-verrerie","9":"product_cat-vin","10":"product_shipping_class-free-shipping","12":"first","13":"outofstock","14":"featured","15":"taxable","16":"shipping-taxable","17":"purchasable","18":"product-type-simple"},"_links":{"self":[{"href":"https:\/\/abinox-chr-clim.com\/index.php\/wp-json\/wp\/v2\/product\/109465","targetHints":{"allow":["GET"]}}],"collection":[{"href":"https:\/\/abinox-chr-clim.com\/index.php\/wp-json\/wp\/v2\/product"}],"about":[{"href":"https:\/\/abinox-chr-clim.com\/index.php\/wp-json\/wp\/v2\/types\/product"}],"replies":[{"embeddable":true,"href":"https:\/\/abinox-chr-clim.com\/index.php\/wp-json\/wp\/v2\/comments?post=109465"}],"wp:featuredmedia":[{"embeddable":true,"href":"https:\/\/abinox-chr-clim.com\/index.php\/wp-json\/wp\/v2\/media\/108292"}],"wp:attachment":[{"href":"https:\/\/abinox-chr-clim.com\/index.php\/wp-json\/wp\/v2\/media?parent=109465"}],"wp:term":[{"taxonomy":"product_brand","embeddable":true,"href":"https:\/\/abinox-chr-clim.com\/index.php\/wp-json\/wp\/v2\/product_brand?post=109465"},{"taxonomy":"product_cat","embeddable":true,"href":"https:\/\/abinox-chr-clim.com\/index.php\/wp-json\/wp\/v2\/product_cat?post=109465"},{"taxonomy":"product_tag","embeddable":true,"href":"https:\/\/abinox-chr-clim.com\/index.php\/wp-json\/wp\/v2\/product_tag?post=109465"}],"curies":[{"name":"wp","href":"https:\/\/api.w.org\/{rel}","templated":true}]}}