{"id":109464,"date":"2025-05-29T11:03:52","date_gmt":"2025-05-29T09:03:52","guid":{"rendered":"https:\/\/abinox-chr-clim.com\/index.php\/product\/verres-a-vin-tulipe-cabernet-chef-sommelier-580-ml-lot-de-24\/"},"modified":"2026-04-02T10:30:54","modified_gmt":"2026-04-02T08:30:54","slug":"verres-a-vin-tulipe-cabernet-chef-sommelier-580-ml-lot-de-24","status":"publish","type":"product","link":"https:\/\/abinox-chr-clim.com\/index.php\/product\/verres-a-vin-tulipe-cabernet-chef-sommelier-580-ml-lot-de-24\/","title":{"rendered":"Verres \u00e0 vin Tulipe Cabernet Chef &#038; Sommelier 580 ml (lot de 24)"},"content":{"rendered":"<p>Verres \u00e0 pied intemporels en forme de tulipe adapt\u00e9s aux vins rouges et blancs. Classiques, renforc\u00e9s par un verre poli et un pied plat pour assurer une tr\u00e8s bonne stabilit\u00e9. \u00abEffervescence Plus\u00bb est utilis\u00e9 dans la base de la fl\u00fbte pour cr\u00e9er et maintenir les bulles du champagne. Lavables au lave-verres.<\/p>\n<p>\u2022 Passe au lave-verres<br \/>\u2022 Ce produit n&rsquo;est pas marqu\u00e9 CE<\/p>\n<p><b><u>Caract\u00e9ristiques du produit :<\/u><\/b><br \/>\u2022 Lot : 24.0<br \/>\u2022 Capacit\u00e9 : 58 cl<br \/>\u2022 Dim. : 230(H) x 93(\u00d8) mm<br \/>\u2022 Mati\u00e8re : Verre<br \/>\u2022 Poids : 230 g<br \/>\u2022 Couleur : Transparent.<\/p>\n","protected":false},"excerpt":{"rendered":"<p>580 ml. Lot de paquet : 24. Portion recommand\u00e9e : 250 ml<\/p>\n","protected":false},"featured_media":108291,"comment_status":"open","ping_status":"closed","template":"","meta":[],"product_brand":[],"product_cat":[1023,1297,1051,1063],"product_tag":[],"class_list":{"0":"post-109464","1":"product","2":"type-product","3":"status-publish","4":"has-post-thumbnail","6":"product_cat-art-de-la-table","7":"product_cat-non-palettisable","8":"product_cat-verrerie","9":"product_cat-vin","10":"product_shipping_class-free-shipping","12":"first","13":"instock","14":"featured","15":"taxable","16":"shipping-taxable","17":"purchasable","18":"product-type-simple"},"_links":{"self":[{"href":"https:\/\/abinox-chr-clim.com\/index.php\/wp-json\/wp\/v2\/product\/109464","targetHints":{"allow":["GET"]}}],"collection":[{"href":"https:\/\/abinox-chr-clim.com\/index.php\/wp-json\/wp\/v2\/product"}],"about":[{"href":"https:\/\/abinox-chr-clim.com\/index.php\/wp-json\/wp\/v2\/types\/product"}],"replies":[{"embeddable":true,"href":"https:\/\/abinox-chr-clim.com\/index.php\/wp-json\/wp\/v2\/comments?post=109464"}],"wp:featuredmedia":[{"embeddable":true,"href":"https:\/\/abinox-chr-clim.com\/index.php\/wp-json\/wp\/v2\/media\/108291"}],"wp:attachment":[{"href":"https:\/\/abinox-chr-clim.com\/index.php\/wp-json\/wp\/v2\/media?parent=109464"}],"wp:term":[{"taxonomy":"product_brand","embeddable":true,"href":"https:\/\/abinox-chr-clim.com\/index.php\/wp-json\/wp\/v2\/product_brand?post=109464"},{"taxonomy":"product_cat","embeddable":true,"href":"https:\/\/abinox-chr-clim.com\/index.php\/wp-json\/wp\/v2\/product_cat?post=109464"},{"taxonomy":"product_tag","embeddable":true,"href":"https:\/\/abinox-chr-clim.com\/index.php\/wp-json\/wp\/v2\/product_tag?post=109464"}],"curies":[{"name":"wp","href":"https:\/\/api.w.org\/{rel}","templated":true}]}}