{"id":109461,"date":"2025-05-29T11:03:47","date_gmt":"2025-05-29T09:03:47","guid":{"rendered":"https:\/\/abinox-chr-clim.com\/index.php\/product\/centrifugeuse-waring-wj90xe\/"},"modified":"2026-04-02T10:14:35","modified_gmt":"2026-04-02T08:14:35","slug":"centrifugeuse-waring-wj90xe","status":"publish","type":"product","link":"https:\/\/abinox-chr-clim.com\/index.php\/product\/centrifugeuse-waring-wj90xe\/","title":{"rendered":"Centrifugeuse Waring WJ90XE"},"content":{"rendered":"<p>Centrifugeuse \u00e0 rendement \u00e9lev\u00e9 avec \u00e9jection de la pulpe dans un grand bac de 11 litres. Puissant moteur \u00e0 induction sans balais qui convertit facilement les fruits et l\u00e9gumes en jus. La goulotte large (80mm) permet de ne pas perdre de temps \u00e0 couper les fruits. Panier de filtre en acier inoxydable et disque de broyage con\u00e7us par des experts pour un rendement \u00e9lev\u00e9 et produire moins de d\u00e9chets.<\/p>\n<p>\u2022 Moteur \u00e0 induction robuste sans balais de 1,2 HP<br \/>\u2022 Con\u00e7u pour \u00eatre utilis\u00e9 dans les bars \u00e0 smoothies, bars, caf\u00e9s, restaurants, h\u00f4tels et \u00e9tablissements de soins de sant\u00e9<br \/>\u2022 Panier de filtre en acier inoxydable et disque de broyage con\u00e7us par des experts pour un rendement \u00e9lev\u00e9 et produire moins de d\u00e9chets.<br \/>\u2022 R\u00e9f\u00e9rence soumise \u00e0 une Eco-participation de 0.69\u20ac par unit\u00e9 vendue applicable en France uniquement\u00a0<br \/>\u2022 Bo\u00eetier en m\u00e9tal moul\u00e9 sous pression \u00e0 rev\u00eatement poudr\u00e9 avec panier de filtre en acier inoxydable et disque de broyage<br \/>\u2022 L&rsquo;ouverture de la goulotte d&rsquo;alimentation de 8 cm peut accepter des pommes enti\u00e8res et une grande capacit\u00e9 de fruits et l\u00e9gumes<br \/>\u2022 Le grand bac \u00e0 pulpe de 11 litres permet un fonctionnement continu<br \/>\u2022 La hauteur du bec d&rsquo;\u00e9coulement du jus peut accueillir un pichet de 1,4L<br \/>\u2022 Caract\u00e9ristiques de verrouillage de s\u00e9curit\u00e9<br \/>\u2022 Le robinet rotatif antigoutte r\u00e9duit les d\u00e9g\u00e2ts<br \/>\u2022 Comprend une brosse de nettoyage<\/p>\n<p><b><u>Caract\u00e9ristiques du produit :<\/u><\/b><br \/>\u2022 Dim. : 622(H) x 273(L) x 457(P)mm<br \/>\u2022 Mati\u00e8re : M\u00e9tal<br \/>\u2022 Voltage : 220-240V<br \/>\u2022 Poids : 12,2 kg<br \/>\u2022 Couleur : Argent.<\/p>\n","protected":false},"excerpt":{"rendered":"<p>1kW. 3600 tr\/mn. Avec \u00e9jection continue de la pulpe<\/p>\n","protected":false},"featured_media":108289,"comment_status":"open","ping_status":"closed","template":"","meta":[],"product_brand":[],"product_cat":[1284,1160,1297,1179,1187],"product_tag":[],"class_list":{"0":"post-109461","1":"product","2":"type-product","3":"status-publish","4":"has-post-thumbnail","6":"product_cat-centrifugeuses-preparation-des-aliments","7":"product_cat-materiel-electrique-et-de-cuisson","8":"product_cat-non-palettisable","9":"product_cat-petit-materiel","10":"product_cat-preparation-des-aliments","11":"product_shipping_class-free-shipping","13":"first","14":"instock","15":"featured","16":"taxable","17":"shipping-taxable","18":"purchasable","19":"product-type-simple"},"_links":{"self":[{"href":"https:\/\/abinox-chr-clim.com\/index.php\/wp-json\/wp\/v2\/product\/109461","targetHints":{"allow":["GET"]}}],"collection":[{"href":"https:\/\/abinox-chr-clim.com\/index.php\/wp-json\/wp\/v2\/product"}],"about":[{"href":"https:\/\/abinox-chr-clim.com\/index.php\/wp-json\/wp\/v2\/types\/product"}],"replies":[{"embeddable":true,"href":"https:\/\/abinox-chr-clim.com\/index.php\/wp-json\/wp\/v2\/comments?post=109461"}],"wp:featuredmedia":[{"embeddable":true,"href":"https:\/\/abinox-chr-clim.com\/index.php\/wp-json\/wp\/v2\/media\/108289"}],"wp:attachment":[{"href":"https:\/\/abinox-chr-clim.com\/index.php\/wp-json\/wp\/v2\/media?parent=109461"}],"wp:term":[{"taxonomy":"product_brand","embeddable":true,"href":"https:\/\/abinox-chr-clim.com\/index.php\/wp-json\/wp\/v2\/product_brand?post=109461"},{"taxonomy":"product_cat","embeddable":true,"href":"https:\/\/abinox-chr-clim.com\/index.php\/wp-json\/wp\/v2\/product_cat?post=109461"},{"taxonomy":"product_tag","embeddable":true,"href":"https:\/\/abinox-chr-clim.com\/index.php\/wp-json\/wp\/v2\/product_tag?post=109461"}],"curies":[{"name":"wp","href":"https:\/\/api.w.org\/{rel}","templated":true}]}}