{"id":109458,"date":"2025-05-29T11:03:42","date_gmt":"2025-05-29T09:03:42","guid":{"rendered":"https:\/\/abinox-chr-clim.com\/index.php\/product\/hachoir-a-viande-professionnel-buffalo-12\/"},"modified":"2026-04-24T11:04:20","modified_gmt":"2026-04-24T09:04:20","slug":"hachoir-a-viande-professionnel-buffalo-12","status":"publish","type":"product","link":"https:\/\/abinox-chr-clim.com\/index.php\/product\/hachoir-a-viande-professionnel-buffalo-12\/","title":{"rendered":"Hachoir a viande professionnel Buffalo #12"},"content":{"rendered":"<p>Hachoir \u00e0 viande professionnel robuste avec entra\u00eenement par engrenages de pr\u00e9cision et moteur \u00e9conome en \u00e9nergie dot\u00e9 d&rsquo;un ventilateur de refroidissement. Fonction inverse pour hacher les viandes particuli\u00e8rement grossi\u00e8res.<\/p>\n<p>\u2022 Rendement impressionnant de 130 kg\/h pour le hachage de la viande<br \/>\u2022 Moteur ultra-durable de 550W<br \/>\u2022 Fonction d&rsquo;inversion &#8211; pour \u00e9liminer les blocages en toute s\u00e9curit\u00e9<br \/>\u2022 Lame, plaques perfor\u00e9es et bac d&rsquo;alimentation en acier inoxydable faciles \u00e0 nettoyer<br \/>\u2022 Bo\u00eetier robuste en aluminium moul\u00e9 sous pression<br \/>\u2022 Grilles avec trous de 6 mm et 8 mm incluses<br \/>\u2022 Poussoir en plastique et tube de farce \u00e0 saucisse inclus<br \/>\u2022 Protection int\u00e9gr\u00e9e contre les surcharges<\/p>\n<p><b><u>Caract\u00e9ristiques du produit :<\/u><\/b><br \/>\u2022 Dim. : 520(H) x 245(L) x 400(P)mm<br \/>\u2022 Mati\u00e8re : Inox et aluminium<br \/>\u2022 Voltage : 220-240V<br \/>\u2022 Poids : 20,76 kg<br \/>\u2022 Couleur : Argent.<\/p>\n","protected":false},"excerpt":{"rendered":"<p>550W. Rendement : jusqu&rsquo;\u00e0 130 kg\/h<\/p>\n","protected":false},"featured_media":108287,"comment_status":"open","ping_status":"closed","template":"","meta":[],"product_brand":[],"product_cat":[1192,1160,1297,1179,1187],"product_tag":[],"class_list":{"0":"post-109458","1":"product","2":"type-product","3":"status-publish","4":"has-post-thumbnail","6":"product_cat-hachoirs-a-viande","7":"product_cat-materiel-electrique-et-de-cuisson","8":"product_cat-non-palettisable","9":"product_cat-petit-materiel","10":"product_cat-preparation-des-aliments","11":"product_shipping_class-free-shipping","13":"first","14":"instock","15":"featured","16":"taxable","17":"shipping-taxable","18":"purchasable","19":"product-type-simple"},"_links":{"self":[{"href":"https:\/\/abinox-chr-clim.com\/index.php\/wp-json\/wp\/v2\/product\/109458","targetHints":{"allow":["GET"]}}],"collection":[{"href":"https:\/\/abinox-chr-clim.com\/index.php\/wp-json\/wp\/v2\/product"}],"about":[{"href":"https:\/\/abinox-chr-clim.com\/index.php\/wp-json\/wp\/v2\/types\/product"}],"replies":[{"embeddable":true,"href":"https:\/\/abinox-chr-clim.com\/index.php\/wp-json\/wp\/v2\/comments?post=109458"}],"wp:featuredmedia":[{"embeddable":true,"href":"https:\/\/abinox-chr-clim.com\/index.php\/wp-json\/wp\/v2\/media\/108287"}],"wp:attachment":[{"href":"https:\/\/abinox-chr-clim.com\/index.php\/wp-json\/wp\/v2\/media?parent=109458"}],"wp:term":[{"taxonomy":"product_brand","embeddable":true,"href":"https:\/\/abinox-chr-clim.com\/index.php\/wp-json\/wp\/v2\/product_brand?post=109458"},{"taxonomy":"product_cat","embeddable":true,"href":"https:\/\/abinox-chr-clim.com\/index.php\/wp-json\/wp\/v2\/product_cat?post=109458"},{"taxonomy":"product_tag","embeddable":true,"href":"https:\/\/abinox-chr-clim.com\/index.php\/wp-json\/wp\/v2\/product_tag?post=109458"}],"curies":[{"name":"wp","href":"https:\/\/api.w.org\/{rel}","templated":true}]}}