{"id":109455,"date":"2025-05-29T11:03:36","date_gmt":"2025-05-29T09:03:36","guid":{"rendered":"https:\/\/abinox-chr-clim.com\/index.php\/product\/adoucisseur-deau-manuel-pour-lave-vaisselle-et-lave-verres-8l-ws8-sk\/"},"modified":"2025-08-26T12:42:25","modified_gmt":"2025-08-26T10:42:25","slug":"adoucisseur-deau-manuel-pour-lave-vaisselle-et-lave-verres-8l-ws8-sk","status":"publish","type":"product","link":"https:\/\/abinox-chr-clim.com\/index.php\/product\/adoucisseur-deau-manuel-pour-lave-vaisselle-et-lave-verres-8l-ws8-sk\/","title":{"rendered":"Adoucisseur d&rsquo;eau manuel pour lave-vaisselle et lave-verres 8L WS8-SK"},"content":{"rendered":"<p>Adoucisseurs d&rsquo;eau manuels pour \u00e9viter l&rsquo;accumulation de calcaire dans les machines et am\u00e9liorer les r\u00e9sultats de lavage en cas d&rsquo;eau dure.<br \/><b><u>Caract\u00e9ristiques du produit :<\/u><\/b><br \/>\u2022 Capacit\u00e9 : 8 litres<br \/>\u2022 Dim. : 425(H) x 180(\u00d8)mm<br \/>\u2022 Temp\u00e9rature : Max 40\u00b0C<br \/>\u2022 Poids : 7 kg<br \/>\u2022 Couleur : Argent.<\/p>\n","protected":false},"excerpt":{"rendered":"<p>Compatible pour ECO1, ECO2, DUO2 et DUO500.<\/p>\n","protected":false},"featured_media":107457,"comment_status":"open","ping_status":"closed","template":"","meta":[],"product_brand":[],"product_cat":[1173,1171,1160,1297],"product_tag":[],"class_list":{"0":"post-109455","1":"product","2":"type-product","3":"status-publish","4":"has-post-thumbnail","6":"product_cat-divers-laverie","7":"product_cat-laverie","8":"product_cat-materiel-electrique-et-de-cuisson","9":"product_cat-non-palettisable","10":"product_shipping_class-free-shipping","12":"first","13":"outofstock","14":"featured","15":"taxable","16":"shipping-taxable","17":"purchasable","18":"product-type-simple"},"_links":{"self":[{"href":"https:\/\/abinox-chr-clim.com\/index.php\/wp-json\/wp\/v2\/product\/109455","targetHints":{"allow":["GET"]}}],"collection":[{"href":"https:\/\/abinox-chr-clim.com\/index.php\/wp-json\/wp\/v2\/product"}],"about":[{"href":"https:\/\/abinox-chr-clim.com\/index.php\/wp-json\/wp\/v2\/types\/product"}],"replies":[{"embeddable":true,"href":"https:\/\/abinox-chr-clim.com\/index.php\/wp-json\/wp\/v2\/comments?post=109455"}],"wp:featuredmedia":[{"embeddable":true,"href":"https:\/\/abinox-chr-clim.com\/index.php\/wp-json\/wp\/v2\/media\/107457"}],"wp:attachment":[{"href":"https:\/\/abinox-chr-clim.com\/index.php\/wp-json\/wp\/v2\/media?parent=109455"}],"wp:term":[{"taxonomy":"product_brand","embeddable":true,"href":"https:\/\/abinox-chr-clim.com\/index.php\/wp-json\/wp\/v2\/product_brand?post=109455"},{"taxonomy":"product_cat","embeddable":true,"href":"https:\/\/abinox-chr-clim.com\/index.php\/wp-json\/wp\/v2\/product_cat?post=109455"},{"taxonomy":"product_tag","embeddable":true,"href":"https:\/\/abinox-chr-clim.com\/index.php\/wp-json\/wp\/v2\/product_tag?post=109455"}],"curies":[{"name":"wp","href":"https:\/\/api.w.org\/{rel}","templated":true}]}}