{"id":109452,"date":"2025-05-29T11:03:30","date_gmt":"2025-05-29T09:03:30","guid":{"rendered":"https:\/\/abinox-chr-clim.com\/index.php\/product\/plats-de-cuisson-rectangulaires-churchill-counter-serve-533-x-330mm-lot-de-2\/"},"modified":"2026-04-02T09:18:10","modified_gmt":"2026-04-02T07:18:10","slug":"plats-de-cuisson-rectangulaires-churchill-counter-serve-533-x-330mm-lot-de-2","status":"publish","type":"product","link":"https:\/\/abinox-chr-clim.com\/index.php\/product\/plats-de-cuisson-rectangulaires-churchill-counter-serve-533-x-330mm-lot-de-2\/","title":{"rendered":"Plats de cuisson rectangulaires Churchill Counter Serve 533 x 330mm (lot de 2)"},"content":{"rendered":"<p>Une collection prim\u00e9e d&rsquo;articles Counter-Serve, con\u00e7ue pour am\u00e9liorer l&rsquo;apparence des pr\u00e9sentations de comptoir chauds et froids. Toutes les pi\u00e8ces, \u00e0 l&rsquo;exception du CF770, sont empilables pour un rangement facile et toutes vont au cong\u00e9lateur, au four, au micro-ondes et au lave-vaisselle.<\/p>\n<p>\u2022 Couleur : Blanc<br \/>\u2022 Forme : Rectangulaire<br \/>\u2022 Passe au four, au micro-ondes et au lave-vaisselle<br \/>\u2022 Empilable<\/p>\n<p><b><u>Caract\u00e9ristiques du produit :<\/u><\/b><br \/>\u2022 Lot : 2.0<br \/>\u2022 Capacit\u00e9 : 6 L<br \/>\u2022 Dim. : 533 x 330mm<br \/>\u2022 Mati\u00e8re : Porcelaine<br \/>\u2022 Poids : 20,4 kg<br \/>\u2022 Couleur : Blanc.<\/p>\n","protected":false},"excerpt":{"rendered":"<p>533x 330mm. Blanc. Lot de 2.<\/p>\n","protected":false},"featured_media":108279,"comment_status":"open","ping_status":"closed","template":"","meta":[],"product_brand":[],"product_cat":[1064,1091,1297,1087],"product_tag":[],"class_list":{"0":"post-109452","1":"product","2":"type-product","3":"status-publish","4":"has-post-thumbnail","6":"product_cat-cuisine","7":"product_cat-moules-a-gateaux","8":"product_cat-non-palettisable","9":"product_cat-patisserie","10":"product_shipping_class-free-shipping","12":"first","13":"instock","14":"featured","15":"taxable","16":"shipping-taxable","17":"purchasable","18":"product-type-simple"},"_links":{"self":[{"href":"https:\/\/abinox-chr-clim.com\/index.php\/wp-json\/wp\/v2\/product\/109452","targetHints":{"allow":["GET"]}}],"collection":[{"href":"https:\/\/abinox-chr-clim.com\/index.php\/wp-json\/wp\/v2\/product"}],"about":[{"href":"https:\/\/abinox-chr-clim.com\/index.php\/wp-json\/wp\/v2\/types\/product"}],"replies":[{"embeddable":true,"href":"https:\/\/abinox-chr-clim.com\/index.php\/wp-json\/wp\/v2\/comments?post=109452"}],"wp:featuredmedia":[{"embeddable":true,"href":"https:\/\/abinox-chr-clim.com\/index.php\/wp-json\/wp\/v2\/media\/108279"}],"wp:attachment":[{"href":"https:\/\/abinox-chr-clim.com\/index.php\/wp-json\/wp\/v2\/media?parent=109452"}],"wp:term":[{"taxonomy":"product_brand","embeddable":true,"href":"https:\/\/abinox-chr-clim.com\/index.php\/wp-json\/wp\/v2\/product_brand?post=109452"},{"taxonomy":"product_cat","embeddable":true,"href":"https:\/\/abinox-chr-clim.com\/index.php\/wp-json\/wp\/v2\/product_cat?post=109452"},{"taxonomy":"product_tag","embeddable":true,"href":"https:\/\/abinox-chr-clim.com\/index.php\/wp-json\/wp\/v2\/product_tag?post=109452"}],"curies":[{"name":"wp","href":"https:\/\/api.w.org\/{rel}","templated":true}]}}