{"id":109451,"date":"2025-05-29T11:03:28","date_gmt":"2025-05-29T09:03:28","guid":{"rendered":"https:\/\/abinox-chr-clim.com\/index.php\/product\/bouilloire-en-acier-inoxydable-caterlite-35l\/"},"modified":"2026-02-18T08:37:17","modified_gmt":"2026-02-18T07:37:17","slug":"bouilloire-en-acier-inoxydable-caterlite-35l","status":"publish","type":"product","link":"https:\/\/abinox-chr-clim.com\/index.php\/product\/bouilloire-en-acier-inoxydable-caterlite-35l\/","title":{"rendered":"Bouilloire en acier inoxydable Caterlite 3,5L"},"content":{"rendered":"<p>Bouilloire en acier inoxydable de grande contenance avec cordon d\u00e9tachable et arr\u00eat automatique de s\u00e9curit\u00e9 en cas de niveau d&rsquo;eau trop bas. Ne convient pas \u00e0 chauffer le lait.<\/p>\n<p>\u2022 Corps acier inoxydable 304 int\u00e9rieur et ext\u00e9rieur<br \/>\u2022 R\u00e9f\u00e9rence soumise \u00e0 une Eco-participation de 0.09\u20ac par unit\u00e9 vendue applicable en France uniquement\u00a0<br \/>\u2022 Indicateur du niveau d&rsquo;eau (voyant lumineux)<br \/>\u2022 Arr\u00eat automatique<\/p>\n<p><b><u>Caract\u00e9ristiques du produit :<\/u><\/b><br \/>\u2022 Capacit\u00e9 : 3,5 L<br \/>\u2022 Dim. : 252(H) x 249(L) x 232(P) mm<br \/>\u2022 Mati\u00e8re : Inox<br \/>\u2022 Voltage : 230V<br \/>\u2022 Poids : 1,82 kg<br \/>\u2022 Type : 9.6A<br \/>\u2022 Couleur : Argent.<\/p>\n","protected":false},"excerpt":{"rendered":"<p>Capacit\u00e9: 3.5L<\/p>\n","protected":false},"featured_media":108277,"comment_status":"open","ping_status":"closed","template":"","meta":[],"product_brand":[],"product_cat":[1164,1166,1160,1297],"product_tag":[],"class_list":{"0":"post-109451","1":"product","2":"type-product","3":"status-publish","4":"has-post-thumbnail","6":"product_cat-cafeterie","7":"product_cat-chauffe-eau","8":"product_cat-materiel-electrique-et-de-cuisson","9":"product_cat-non-palettisable","10":"product_shipping_class-free-shipping","12":"first","13":"outofstock","14":"featured","15":"taxable","16":"shipping-taxable","17":"purchasable","18":"product-type-simple"},"_links":{"self":[{"href":"https:\/\/abinox-chr-clim.com\/index.php\/wp-json\/wp\/v2\/product\/109451","targetHints":{"allow":["GET"]}}],"collection":[{"href":"https:\/\/abinox-chr-clim.com\/index.php\/wp-json\/wp\/v2\/product"}],"about":[{"href":"https:\/\/abinox-chr-clim.com\/index.php\/wp-json\/wp\/v2\/types\/product"}],"replies":[{"embeddable":true,"href":"https:\/\/abinox-chr-clim.com\/index.php\/wp-json\/wp\/v2\/comments?post=109451"}],"wp:featuredmedia":[{"embeddable":true,"href":"https:\/\/abinox-chr-clim.com\/index.php\/wp-json\/wp\/v2\/media\/108277"}],"wp:attachment":[{"href":"https:\/\/abinox-chr-clim.com\/index.php\/wp-json\/wp\/v2\/media?parent=109451"}],"wp:term":[{"taxonomy":"product_brand","embeddable":true,"href":"https:\/\/abinox-chr-clim.com\/index.php\/wp-json\/wp\/v2\/product_brand?post=109451"},{"taxonomy":"product_cat","embeddable":true,"href":"https:\/\/abinox-chr-clim.com\/index.php\/wp-json\/wp\/v2\/product_cat?post=109451"},{"taxonomy":"product_tag","embeddable":true,"href":"https:\/\/abinox-chr-clim.com\/index.php\/wp-json\/wp\/v2\/product_tag?post=109451"}],"curies":[{"name":"wp","href":"https:\/\/api.w.org\/{rel}","templated":true}]}}