{"id":109450,"date":"2025-05-29T11:03:27","date_gmt":"2025-05-29T09:03:27","guid":{"rendered":"https:\/\/abinox-chr-clim.com\/index.php\/product\/ampoule-chauffante-a-quartz-infrarouge-enveloppee-r7-220mm-500w\/"},"modified":"2026-04-21T09:07:24","modified_gmt":"2026-04-21T07:07:24","slug":"ampoule-chauffante-a-quartz-infrarouge-enveloppee-r7-220mm-500w","status":"publish","type":"product","link":"https:\/\/abinox-chr-clim.com\/index.php\/product\/ampoule-chauffante-a-quartz-infrarouge-enveloppee-r7-220mm-500w\/","title":{"rendered":"Ampoule chauffante \u00e0 quartz infrarouge envelopp\u00e9e R7 220mm 500W"},"content":{"rendered":"<p>Les ampoules \u00e0 quartz basse pression envelopp\u00e9es am\u00e9liorent consid\u00e9rablement la s\u00e9curit\u00e9 dans les points de vente alimentaires en aidant \u00e0 \u00e9viter toute chute de verre dans les plats. Compatible avec la plupart des douilles standard. Dur\u00e9e de vie d&rsquo;environ 5000 h. 220mm(L). \u00c0 encliqueter \/ Culot R7.<\/p>\n<p>\u2022 Encliquetable<br \/>\u2022 Dur\u00e9e de vie d&rsquo;environ 5000 heures<br \/>\u2022 Culot R7<br \/>\u2022 Enveloppe pour la s\u00e9curit\u00e9 alimentaire<br \/>\u2022 500W<\/p>\n<p><b><u>Caract\u00e9ristiques du produit :<\/u><\/b><br \/>\u2022 Dim. : 220(L) x 20(\u00d8)mm<br \/>\u2022 Poids : 60 g.<\/p>\n","protected":false},"excerpt":{"rendered":"<p>Ampoule 220mm. 500W.<\/p>\n","protected":false},"featured_media":105822,"comment_status":"open","ping_status":"closed","template":"","meta":[],"product_brand":[],"product_cat":[1239,1297,1238,1216],"product_tag":[],"class_list":{"0":"post-109450","1":"product","2":"type-product","3":"status-publish","4":"has-post-thumbnail","6":"product_cat-divers-produits-a-usage-unique","7":"product_cat-non-palettisable","8":"product_cat-produits-a-usage-unique","9":"product_cat-usage-unique-et-entretien","10":"product_shipping_class-free-shipping","12":"first","13":"outofstock","14":"featured","15":"taxable","16":"shipping-taxable","17":"purchasable","18":"product-type-simple"},"_links":{"self":[{"href":"https:\/\/abinox-chr-clim.com\/index.php\/wp-json\/wp\/v2\/product\/109450","targetHints":{"allow":["GET"]}}],"collection":[{"href":"https:\/\/abinox-chr-clim.com\/index.php\/wp-json\/wp\/v2\/product"}],"about":[{"href":"https:\/\/abinox-chr-clim.com\/index.php\/wp-json\/wp\/v2\/types\/product"}],"replies":[{"embeddable":true,"href":"https:\/\/abinox-chr-clim.com\/index.php\/wp-json\/wp\/v2\/comments?post=109450"}],"wp:featuredmedia":[{"embeddable":true,"href":"https:\/\/abinox-chr-clim.com\/index.php\/wp-json\/wp\/v2\/media\/105822"}],"wp:attachment":[{"href":"https:\/\/abinox-chr-clim.com\/index.php\/wp-json\/wp\/v2\/media?parent=109450"}],"wp:term":[{"taxonomy":"product_brand","embeddable":true,"href":"https:\/\/abinox-chr-clim.com\/index.php\/wp-json\/wp\/v2\/product_brand?post=109450"},{"taxonomy":"product_cat","embeddable":true,"href":"https:\/\/abinox-chr-clim.com\/index.php\/wp-json\/wp\/v2\/product_cat?post=109450"},{"taxonomy":"product_tag","embeddable":true,"href":"https:\/\/abinox-chr-clim.com\/index.php\/wp-json\/wp\/v2\/product_tag?post=109450"}],"curies":[{"name":"wp","href":"https:\/\/api.w.org\/{rel}","templated":true}]}}