{"id":109449,"date":"2025-05-29T11:03:25","date_gmt":"2025-05-29T09:03:25","guid":{"rendered":"https:\/\/abinox-chr-clim.com\/index.php\/product\/ampoule-quartz-infrarouges-nue-r7-118mm-300w\/"},"modified":"2026-04-21T08:24:47","modified_gmt":"2026-04-21T06:24:47","slug":"ampoule-quartz-infrarouges-nue-r7-118mm-300w","status":"publish","type":"product","link":"https:\/\/abinox-chr-clim.com\/index.php\/product\/ampoule-quartz-infrarouges-nue-r7-118mm-300w\/","title":{"rendered":"Ampoule quartz infrarouges nue R7 118mm 300W"},"content":{"rendered":"<p>Support c\u00e9ramique et r\u00e9flecteur aluminium pour les ampoules standards de 118mm. Ampoules \u00e0 quartz basse pression. La version \u00e0 double enveloppe am\u00e9liore la s\u00e9curit\u00e9 en \u00e9vitant toute chute de verre dans les aliments. Culot R7.<\/p>\n<p>\u2022 Lampres chauffantes \u00e0 infrarouges<br \/>\u2022 Ampoule \u00e0 infrarouges 300W<\/p>\n<p><b><u>Caract\u00e9ristiques du produit :<\/u><\/b><br \/>\u2022 Dim. : 118(L) x 10.5(\u00d8)mm<br \/>\u2022 Poids : 10 g<br \/>\u2022 Type : 300W.<\/p>\n","protected":false},"excerpt":{"rendered":"<p>300W. Basse pression. Culot R7.<\/p>\n","protected":false},"featured_media":108276,"comment_status":"open","ping_status":"closed","template":"","meta":[],"product_brand":[],"product_cat":[1239,1297,1238,1216],"product_tag":[],"class_list":{"0":"post-109449","1":"product","2":"type-product","3":"status-publish","4":"has-post-thumbnail","6":"product_cat-divers-produits-a-usage-unique","7":"product_cat-non-palettisable","8":"product_cat-produits-a-usage-unique","9":"product_cat-usage-unique-et-entretien","10":"product_shipping_class-free-shipping","12":"first","13":"outofstock","14":"featured","15":"taxable","16":"shipping-taxable","17":"purchasable","18":"product-type-simple"},"_links":{"self":[{"href":"https:\/\/abinox-chr-clim.com\/index.php\/wp-json\/wp\/v2\/product\/109449","targetHints":{"allow":["GET"]}}],"collection":[{"href":"https:\/\/abinox-chr-clim.com\/index.php\/wp-json\/wp\/v2\/product"}],"about":[{"href":"https:\/\/abinox-chr-clim.com\/index.php\/wp-json\/wp\/v2\/types\/product"}],"replies":[{"embeddable":true,"href":"https:\/\/abinox-chr-clim.com\/index.php\/wp-json\/wp\/v2\/comments?post=109449"}],"wp:featuredmedia":[{"embeddable":true,"href":"https:\/\/abinox-chr-clim.com\/index.php\/wp-json\/wp\/v2\/media\/108276"}],"wp:attachment":[{"href":"https:\/\/abinox-chr-clim.com\/index.php\/wp-json\/wp\/v2\/media?parent=109449"}],"wp:term":[{"taxonomy":"product_brand","embeddable":true,"href":"https:\/\/abinox-chr-clim.com\/index.php\/wp-json\/wp\/v2\/product_brand?post=109449"},{"taxonomy":"product_cat","embeddable":true,"href":"https:\/\/abinox-chr-clim.com\/index.php\/wp-json\/wp\/v2\/product_cat?post=109449"},{"taxonomy":"product_tag","embeddable":true,"href":"https:\/\/abinox-chr-clim.com\/index.php\/wp-json\/wp\/v2\/product_tag?post=109449"}],"curies":[{"name":"wp","href":"https:\/\/api.w.org\/{rel}","templated":true}]}}