{"id":109432,"date":"2025-05-29T11:02:36","date_gmt":"2025-05-29T09:02:36","guid":{"rendered":"https:\/\/abinox-chr-clim.com\/index.php\/product\/lot-de-2-vestes-de-cuisine-blanches-nisbets-essentials-l\/"},"modified":"2026-04-02T09:49:03","modified_gmt":"2026-04-02T07:49:03","slug":"lot-de-2-vestes-de-cuisine-blanches-nisbets-essentials-l","status":"publish","type":"product","link":"https:\/\/abinox-chr-clim.com\/index.php\/product\/lot-de-2-vestes-de-cuisine-blanches-nisbets-essentials-l\/","title":{"rendered":"Lot de 2 vestes de cuisine blanches Nisbets Essentials L"},"content":{"rendered":"<p>Vestes de cuisine l\u00e9g\u00e8res en polycoton. Boutonnage noir. 170 g\/m\u00b2.<\/p>\n<p>\u2022 Le tissu l\u00e9ger et les manches courtes permettent au personnel de rester au frais pendant les p\u00e9riodes de travail intense<br \/>\u2022 Le polycoton rend les vestes durables et faciles d&rsquo;entretien<br \/>\u2022 Adapt\u00e9es au lavage en machine, elles sont faciles \u00e0 nettoyer<br \/>\u2022 La conception \u00e0 double boutonnage offre une protection suppl\u00e9mentaire contre les br\u00fblures<br \/>\u2022 Le style crois\u00e9 permet d&rsquo;inverser les vestes pour cacher les taches<br \/>\u2022 Le coloris blanc offre un look \u00e9l\u00e9gant et net<br \/>\u2022 Les fermetures \u00e0 boutons noires ajoutent une touche contrast\u00e9e et \u00e9l\u00e9gante<br \/>\u2022 La coupe unisexe permet de l&rsquo;utiliser avec tous les membres du personnel<\/p>\n<p><b><u>Caract\u00e9ristiques du produit :<\/u><\/b><br \/>\u2022 Lot : 2.0<br \/>\u2022 Poids : 640 g<br \/>\u2022 Couleur : Blanc.<\/p>\n","protected":false},"excerpt":{"rendered":"<p>L. Taille de la poitrine : 112-117cm<\/p>\n","protected":false},"featured_media":107006,"comment_status":"open","ping_status":"closed","template":"","meta":[],"product_brand":[],"product_cat":[1297,1262,1268,1257],"product_tag":[],"class_list":{"0":"post-109432","1":"product","2":"type-product","3":"status-publish","4":"has-post-thumbnail","6":"product_cat-non-palettisable","7":"product_cat-tenues-de-cuisine","8":"product_cat-vestes-de-cuisine","9":"product_cat-vetements-et-chaussures","10":"product_shipping_class-free-shipping","12":"first","13":"instock","14":"featured","15":"taxable","16":"shipping-taxable","17":"purchasable","18":"product-type-simple"},"_links":{"self":[{"href":"https:\/\/abinox-chr-clim.com\/index.php\/wp-json\/wp\/v2\/product\/109432","targetHints":{"allow":["GET"]}}],"collection":[{"href":"https:\/\/abinox-chr-clim.com\/index.php\/wp-json\/wp\/v2\/product"}],"about":[{"href":"https:\/\/abinox-chr-clim.com\/index.php\/wp-json\/wp\/v2\/types\/product"}],"replies":[{"embeddable":true,"href":"https:\/\/abinox-chr-clim.com\/index.php\/wp-json\/wp\/v2\/comments?post=109432"}],"wp:featuredmedia":[{"embeddable":true,"href":"https:\/\/abinox-chr-clim.com\/index.php\/wp-json\/wp\/v2\/media\/107006"}],"wp:attachment":[{"href":"https:\/\/abinox-chr-clim.com\/index.php\/wp-json\/wp\/v2\/media?parent=109432"}],"wp:term":[{"taxonomy":"product_brand","embeddable":true,"href":"https:\/\/abinox-chr-clim.com\/index.php\/wp-json\/wp\/v2\/product_brand?post=109432"},{"taxonomy":"product_cat","embeddable":true,"href":"https:\/\/abinox-chr-clim.com\/index.php\/wp-json\/wp\/v2\/product_cat?post=109432"},{"taxonomy":"product_tag","embeddable":true,"href":"https:\/\/abinox-chr-clim.com\/index.php\/wp-json\/wp\/v2\/product_tag?post=109432"}],"curies":[{"name":"wp","href":"https:\/\/api.w.org\/{rel}","templated":true}]}}