{"id":109425,"date":"2025-05-29T11:02:23","date_gmt":"2025-05-29T09:02:23","guid":{"rendered":"https:\/\/abinox-chr-clim.com\/index.php\/product\/pantalon-de-cuisine-noir-nisbets-essentials-xs\/"},"modified":"2026-04-15T09:58:53","modified_gmt":"2026-04-15T07:58:53","slug":"pantalon-de-cuisine-noir-nisbets-essentials-xs","status":"publish","type":"product","link":"https:\/\/abinox-chr-clim.com\/index.php\/product\/pantalon-de-cuisine-noir-nisbets-essentials-xs\/","title":{"rendered":"Pantalon de cuisine noir Nisbets Essentials XS"},"content":{"rendered":"<p>Pantalon l\u00e9ger, avec une poche arri\u00e8re.<\/p>\n<p>\u2022 La mati\u00e8re r\u00e9sistante en polycoton rend le pantalon robuste et facile d&rsquo;entretien<br \/>\u2022 Le tissu l\u00e9ger permet au personnel de rester au frais et \u00e0 l&rsquo;aise dans les cuisines chaudes<br \/>\u2022 Convient pour le lavage en machine, ce qui facilite le nettoyage<br \/>\u2022 La taille \u00e9lastique et les cordons de serrage assurent un ajustement confortable et r\u00e9glable<br \/>\u2022 La couleur noire permet de cacher les taches et donne un aspect professionnel<br \/>\u2022 Une seule poche arri\u00e8re permet au personnel de garder les \u00e9l\u00e9ments essentiels de la cuisine \u00e0 port\u00e9e de main<\/p>\n<p><b><u>Caract\u00e9ristiques du produit :<\/u><\/b><br \/>\u2022 Poids : 360 g<br \/>\u2022 Couleur : Noir.<\/p>\n","protected":false},"excerpt":{"rendered":"<p>Noir. Taille : XS<\/p>\n","protected":false},"featured_media":108270,"comment_status":"open","ping_status":"closed","template":"","meta":[],"product_brand":[],"product_cat":[1297,1265,1262,1257],"product_tag":[],"class_list":{"0":"post-109425","1":"product","2":"type-product","3":"status-publish","4":"has-post-thumbnail","6":"product_cat-non-palettisable","7":"product_cat-pantalons-de-cuisine","8":"product_cat-tenues-de-cuisine","9":"product_cat-vetements-et-chaussures","10":"product_shipping_class-free-shipping","12":"first","13":"instock","14":"featured","15":"taxable","16":"shipping-taxable","17":"purchasable","18":"product-type-simple"},"_links":{"self":[{"href":"https:\/\/abinox-chr-clim.com\/index.php\/wp-json\/wp\/v2\/product\/109425","targetHints":{"allow":["GET"]}}],"collection":[{"href":"https:\/\/abinox-chr-clim.com\/index.php\/wp-json\/wp\/v2\/product"}],"about":[{"href":"https:\/\/abinox-chr-clim.com\/index.php\/wp-json\/wp\/v2\/types\/product"}],"replies":[{"embeddable":true,"href":"https:\/\/abinox-chr-clim.com\/index.php\/wp-json\/wp\/v2\/comments?post=109425"}],"wp:featuredmedia":[{"embeddable":true,"href":"https:\/\/abinox-chr-clim.com\/index.php\/wp-json\/wp\/v2\/media\/108270"}],"wp:attachment":[{"href":"https:\/\/abinox-chr-clim.com\/index.php\/wp-json\/wp\/v2\/media?parent=109425"}],"wp:term":[{"taxonomy":"product_brand","embeddable":true,"href":"https:\/\/abinox-chr-clim.com\/index.php\/wp-json\/wp\/v2\/product_brand?post=109425"},{"taxonomy":"product_cat","embeddable":true,"href":"https:\/\/abinox-chr-clim.com\/index.php\/wp-json\/wp\/v2\/product_cat?post=109425"},{"taxonomy":"product_tag","embeddable":true,"href":"https:\/\/abinox-chr-clim.com\/index.php\/wp-json\/wp\/v2\/product_tag?post=109425"}],"curies":[{"name":"wp","href":"https:\/\/api.w.org\/{rel}","templated":true}]}}