{"id":109419,"date":"2025-05-29T11:02:12","date_gmt":"2025-05-29T09:02:12","guid":{"rendered":"https:\/\/abinox-chr-clim.com\/index.php\/product\/lot-de-2-tabliers-bavette-en-polyester-coton-noirs-nisbets-essentials\/"},"modified":"2026-04-14T10:12:43","modified_gmt":"2026-04-14T08:12:43","slug":"lot-de-2-tabliers-bavette-en-polyester-coton-noirs-nisbets-essentials","status":"publish","type":"product","link":"https:\/\/abinox-chr-clim.com\/index.php\/product\/lot-de-2-tabliers-bavette-en-polyester-coton-noirs-nisbets-essentials\/","title":{"rendered":"Lot de 2 tabliers bavette en polyester coton noirs Nisbets Essentials"},"content":{"rendered":"<p>Lot de deux tabliers noirs classiques de grande qualit\u00e9. Polyester-coton lavable en machine pour un nettoyage rapide. Les tresses s&rsquo;adaptent \u00e0 toutes les tailles. Adapt\u00e9 en salle comme en cuisine.<\/p>\n<p>\u2022 Excellente protection du torse et des cuisses contre les \u00e9claboussures<br \/>\u2022 Prot\u00e8ge les uniformes du personnel contre les taches et leur donne un aspect \u00e9l\u00e9gant et propre<br \/>\u2022 Peut \u00eatre nou\u00e9 \u00e0 l&rsquo;avant ou \u00e0 l&rsquo;arri\u00e8re pour offrir un ajustement confortable \u00e0 toutes les tailles<br \/>\u2022 Le polycoton r\u00e9sistant est facile et rapide \u00e0 laver en machine entre les services<br \/>\u2022 Leur look professionnel convient aussi bien \u00e0 la salle qu&rsquo;\u00e0 la cuisine<br \/>\u2022 Vendus par lot de deux, ils offrent un meilleur rapport qualit\u00e9-prix<\/p>\n<p><b><u>Caract\u00e9ristiques du produit :<\/u><\/b><br \/>\u2022 Lot : 2.0<br \/>\u2022 Dim. : 660(L) x 800(L) mm<br \/>\u2022 Mati\u00e8re : Polycoton<br \/>\u2022 Poids : 300 g<br \/>\u2022 Couleur : Noir.<\/p>\n","protected":false},"excerpt":{"rendered":"<p>Lot de 2. Noir<\/p>\n","protected":false},"featured_media":106691,"comment_status":"open","ping_status":"closed","template":"","meta":[],"product_brand":[],"product_cat":[1264,1297,1262,1257],"product_tag":[],"class_list":{"0":"post-109419","1":"product","2":"type-product","3":"status-publish","4":"has-post-thumbnail","6":"product_cat-divers-tenues-de-cuisine","7":"product_cat-non-palettisable","8":"product_cat-tenues-de-cuisine","9":"product_cat-vetements-et-chaussures","10":"product_shipping_class-free-shipping","12":"first","13":"instock","14":"featured","15":"taxable","16":"shipping-taxable","17":"purchasable","18":"product-type-simple"},"_links":{"self":[{"href":"https:\/\/abinox-chr-clim.com\/index.php\/wp-json\/wp\/v2\/product\/109419","targetHints":{"allow":["GET"]}}],"collection":[{"href":"https:\/\/abinox-chr-clim.com\/index.php\/wp-json\/wp\/v2\/product"}],"about":[{"href":"https:\/\/abinox-chr-clim.com\/index.php\/wp-json\/wp\/v2\/types\/product"}],"replies":[{"embeddable":true,"href":"https:\/\/abinox-chr-clim.com\/index.php\/wp-json\/wp\/v2\/comments?post=109419"}],"wp:featuredmedia":[{"embeddable":true,"href":"https:\/\/abinox-chr-clim.com\/index.php\/wp-json\/wp\/v2\/media\/106691"}],"wp:attachment":[{"href":"https:\/\/abinox-chr-clim.com\/index.php\/wp-json\/wp\/v2\/media?parent=109419"}],"wp:term":[{"taxonomy":"product_brand","embeddable":true,"href":"https:\/\/abinox-chr-clim.com\/index.php\/wp-json\/wp\/v2\/product_brand?post=109419"},{"taxonomy":"product_cat","embeddable":true,"href":"https:\/\/abinox-chr-clim.com\/index.php\/wp-json\/wp\/v2\/product_cat?post=109419"},{"taxonomy":"product_tag","embeddable":true,"href":"https:\/\/abinox-chr-clim.com\/index.php\/wp-json\/wp\/v2\/product_tag?post=109419"}],"curies":[{"name":"wp","href":"https:\/\/api.w.org\/{rel}","templated":true}]}}