{"id":109398,"date":"2025-05-29T11:01:33","date_gmt":"2025-05-29T09:01:33","guid":{"rendered":"https:\/\/abinox-chr-clim.com\/index.php\/product\/baskets-microfibre-slipbuster-super-confort-noires-40\/"},"modified":"2025-08-26T15:08:41","modified_gmt":"2025-08-26T13:08:41","slug":"baskets-microfibre-slipbuster-super-confort-noires-40","status":"publish","type":"product","link":"https:\/\/abinox-chr-clim.com\/index.php\/product\/baskets-microfibre-slipbuster-super-confort-noires-40\/","title":{"rendered":"Baskets microfibre Slipbuster super confort noires 40"},"content":{"rendered":"<p>Semelles tr\u00e8s confortables. Pas d&#8217;embout. Tailles disponibles 37-46.<\/p>\n<p>\u2022 Semelle antid\u00e9rapante sp\u00e9cialement con\u00e7ue<br \/>\u2022 Tr\u00e8s durable &#8211; fait pour un usage quotidien<br \/>\u2022 Design \u00e9l\u00e9gant adapt\u00e9 \u00e0 la salle et la cuisine<\/p>\n<p><b><u>Caract\u00e9ristiques du produit :<\/u><\/b><br \/>\u2022 Tailles : 40.0.<\/p>\n","protected":false},"excerpt":{"rendered":"<p>Taille EU 40<\/p>\n","protected":false},"featured_media":108268,"comment_status":"open","ping_status":"closed","template":"","meta":[],"product_brand":[],"product_cat":[1258,1260,1297,1257],"product_tag":[],"class_list":{"0":"post-109398","1":"product","2":"type-product","3":"status-publish","4":"has-post-thumbnail","6":"product_cat-chaussures","7":"product_cat-divers-chaussures","8":"product_cat-non-palettisable","9":"product_cat-vetements-et-chaussures","10":"product_shipping_class-free-shipping","12":"first","13":"outofstock","14":"featured","15":"taxable","16":"shipping-taxable","17":"purchasable","18":"product-type-simple"},"_links":{"self":[{"href":"https:\/\/abinox-chr-clim.com\/index.php\/wp-json\/wp\/v2\/product\/109398","targetHints":{"allow":["GET"]}}],"collection":[{"href":"https:\/\/abinox-chr-clim.com\/index.php\/wp-json\/wp\/v2\/product"}],"about":[{"href":"https:\/\/abinox-chr-clim.com\/index.php\/wp-json\/wp\/v2\/types\/product"}],"replies":[{"embeddable":true,"href":"https:\/\/abinox-chr-clim.com\/index.php\/wp-json\/wp\/v2\/comments?post=109398"}],"wp:featuredmedia":[{"embeddable":true,"href":"https:\/\/abinox-chr-clim.com\/index.php\/wp-json\/wp\/v2\/media\/108268"}],"wp:attachment":[{"href":"https:\/\/abinox-chr-clim.com\/index.php\/wp-json\/wp\/v2\/media?parent=109398"}],"wp:term":[{"taxonomy":"product_brand","embeddable":true,"href":"https:\/\/abinox-chr-clim.com\/index.php\/wp-json\/wp\/v2\/product_brand?post=109398"},{"taxonomy":"product_cat","embeddable":true,"href":"https:\/\/abinox-chr-clim.com\/index.php\/wp-json\/wp\/v2\/product_cat?post=109398"},{"taxonomy":"product_tag","embeddable":true,"href":"https:\/\/abinox-chr-clim.com\/index.php\/wp-json\/wp\/v2\/product_tag?post=109398"}],"curies":[{"name":"wp","href":"https:\/\/api.w.org\/{rel}","templated":true}]}}