{"id":109389,"date":"2025-05-29T11:01:16","date_gmt":"2025-05-29T09:01:16","guid":{"rendered":"https:\/\/abinox-chr-clim.com\/index.php\/product\/chaussures-de-securite-en-tissu-slipbuster-flyknit-noires-41\/"},"modified":"2025-08-26T15:01:31","modified_gmt":"2025-08-26T13:01:31","slug":"chaussures-de-securite-en-tissu-slipbuster-flyknit-noires-41","status":"publish","type":"product","link":"https:\/\/abinox-chr-clim.com\/index.php\/product\/chaussures-de-securite-en-tissu-slipbuster-flyknit-noires-41\/","title":{"rendered":"Chaussures de s\u00e9curit\u00e9 en tissu Slipbuster Flyknit noires 41"},"content":{"rendered":"<p>Tissu respirant et l\u00e9ger. Embout de protection de 200J. Disponible dans les tailles 37-46.<\/p>\n<p>\u2022 Semelle antid\u00e9rapante sp\u00e9cialement con\u00e7ue et embout de protection 200J<br \/>\u2022 Durable et r\u00e9sistant \u00e0 l&rsquo;usure pour un usage quotidien<br \/>\u2022 Design \u00e9l\u00e9gant adapt\u00e9 \u00e0 toutes les fonctions &#8211; parfait pour les cuisines<\/p>\n<p><b><u>Caract\u00e9ristiques du produit :<\/u><\/b><br \/>\u2022 Tailles : 41.0.<\/p>\n","protected":false},"excerpt":{"rendered":"<p>Taille EU : 41<\/p>\n","protected":false},"featured_media":108267,"comment_status":"open","ping_status":"closed","template":"","meta":[],"product_brand":[],"product_cat":[1258,1259,1297,1257],"product_tag":[],"class_list":{"0":"post-109389","1":"product","2":"type-product","3":"status-publish","4":"has-post-thumbnail","6":"product_cat-chaussures","7":"product_cat-chaussures-de-securite","8":"product_cat-non-palettisable","9":"product_cat-vetements-et-chaussures","10":"product_shipping_class-free-shipping","12":"first","13":"outofstock","14":"featured","15":"taxable","16":"shipping-taxable","17":"purchasable","18":"product-type-simple"},"_links":{"self":[{"href":"https:\/\/abinox-chr-clim.com\/index.php\/wp-json\/wp\/v2\/product\/109389","targetHints":{"allow":["GET"]}}],"collection":[{"href":"https:\/\/abinox-chr-clim.com\/index.php\/wp-json\/wp\/v2\/product"}],"about":[{"href":"https:\/\/abinox-chr-clim.com\/index.php\/wp-json\/wp\/v2\/types\/product"}],"replies":[{"embeddable":true,"href":"https:\/\/abinox-chr-clim.com\/index.php\/wp-json\/wp\/v2\/comments?post=109389"}],"wp:featuredmedia":[{"embeddable":true,"href":"https:\/\/abinox-chr-clim.com\/index.php\/wp-json\/wp\/v2\/media\/108267"}],"wp:attachment":[{"href":"https:\/\/abinox-chr-clim.com\/index.php\/wp-json\/wp\/v2\/media?parent=109389"}],"wp:term":[{"taxonomy":"product_brand","embeddable":true,"href":"https:\/\/abinox-chr-clim.com\/index.php\/wp-json\/wp\/v2\/product_brand?post=109389"},{"taxonomy":"product_cat","embeddable":true,"href":"https:\/\/abinox-chr-clim.com\/index.php\/wp-json\/wp\/v2\/product_cat?post=109389"},{"taxonomy":"product_tag","embeddable":true,"href":"https:\/\/abinox-chr-clim.com\/index.php\/wp-json\/wp\/v2\/product_tag?post=109389"}],"curies":[{"name":"wp","href":"https:\/\/api.w.org\/{rel}","templated":true}]}}