{"id":109365,"date":"2025-05-29T11:00:31","date_gmt":"2025-05-29T09:00:31","guid":{"rendered":"https:\/\/abinox-chr-clim.com\/index.php\/product\/tablier-bistro-en-toile-de-coton-southside-marine\/"},"modified":"2026-04-14T11:26:54","modified_gmt":"2026-04-14T09:26:54","slug":"tablier-bistro-en-toile-de-coton-southside-marine","status":"publish","type":"product","link":"https:\/\/abinox-chr-clim.com\/index.php\/product\/tablier-bistro-en-toile-de-coton-southside-marine\/","title":{"rendered":"Tablier bistro en toile de coton Southside marine"},"content":{"rendered":"<p>Les tabliers en toile de coton Southside peuvent \u00eatre nou\u00e9s sur le devant ou dans le dos pour s&rsquo;adapter confortablement \u00e0 toutes les tailles. Ils prot\u00e8gent contre les \u00e9claboussures et les taches afin de pr\u00e9server la propret\u00e9 des uniformes du personnel et conviennent au lavage industriel.<\/p>\n<p>\u2022 Convient pour une utilisation en salle ainsi qu&rsquo;en cuisine<br \/>\u2022 Peut \u00eatre attach\u00e9 devant ou derri\u00e8re pour offrir un ajustement confortable pour toutes les tailles<br \/>\u2022 Prot\u00e8ge contre les \u00e9claboussures et les taches<br \/>\u2022 Coupe classique assurant un port confortable et \u00e9l\u00e9gant lors des services<br \/>\u2022 Longueur des sangles : 900 mm<br \/>\u2022 Convient \u00e0 un lavage commercial pour un nettoyage rapide et facile<br \/>\u2022 Taille unique<\/p>\n<p><b><u>Caract\u00e9ristiques du produit :<\/u><\/b><br \/>\u2022 Dim. : 760(L) x 800(l)mm<br \/>\u2022 Mati\u00e8re : 100% coton<br \/>\u2022 Couleur : Bleu.<\/p>\n","protected":false},"excerpt":{"rendered":"<p>Taille : 760(L) x 800(l)mm | 100% Coton<\/p>\n","protected":false},"featured_media":108265,"comment_status":"open","ping_status":"closed","template":"","meta":[],"product_brand":[],"product_cat":[1264,1297,1262,1257],"product_tag":[],"class_list":{"0":"post-109365","1":"product","2":"type-product","3":"status-publish","4":"has-post-thumbnail","6":"product_cat-divers-tenues-de-cuisine","7":"product_cat-non-palettisable","8":"product_cat-tenues-de-cuisine","9":"product_cat-vetements-et-chaussures","10":"product_shipping_class-free-shipping","12":"first","13":"instock","14":"featured","15":"taxable","16":"shipping-taxable","17":"purchasable","18":"product-type-simple"},"_links":{"self":[{"href":"https:\/\/abinox-chr-clim.com\/index.php\/wp-json\/wp\/v2\/product\/109365","targetHints":{"allow":["GET"]}}],"collection":[{"href":"https:\/\/abinox-chr-clim.com\/index.php\/wp-json\/wp\/v2\/product"}],"about":[{"href":"https:\/\/abinox-chr-clim.com\/index.php\/wp-json\/wp\/v2\/types\/product"}],"replies":[{"embeddable":true,"href":"https:\/\/abinox-chr-clim.com\/index.php\/wp-json\/wp\/v2\/comments?post=109365"}],"wp:featuredmedia":[{"embeddable":true,"href":"https:\/\/abinox-chr-clim.com\/index.php\/wp-json\/wp\/v2\/media\/108265"}],"wp:attachment":[{"href":"https:\/\/abinox-chr-clim.com\/index.php\/wp-json\/wp\/v2\/media?parent=109365"}],"wp:term":[{"taxonomy":"product_brand","embeddable":true,"href":"https:\/\/abinox-chr-clim.com\/index.php\/wp-json\/wp\/v2\/product_brand?post=109365"},{"taxonomy":"product_cat","embeddable":true,"href":"https:\/\/abinox-chr-clim.com\/index.php\/wp-json\/wp\/v2\/product_cat?post=109365"},{"taxonomy":"product_tag","embeddable":true,"href":"https:\/\/abinox-chr-clim.com\/index.php\/wp-json\/wp\/v2\/product_tag?post=109365"}],"curies":[{"name":"wp","href":"https:\/\/api.w.org\/{rel}","templated":true}]}}