{"id":109362,"date":"2025-05-29T11:00:25","date_gmt":"2025-05-29T09:00:25","guid":{"rendered":"https:\/\/abinox-chr-clim.com\/index.php\/product\/tablier-court-southside-en-denim-bleu-avec-attaches-marron-clair\/"},"modified":"2026-04-14T11:31:04","modified_gmt":"2026-04-14T09:31:04","slug":"tablier-court-southside-en-denim-bleu-avec-attaches-marron-clair","status":"publish","type":"product","link":"https:\/\/abinox-chr-clim.com\/index.php\/product\/tablier-court-southside-en-denim-bleu-avec-attaches-marron-clair\/","title":{"rendered":"Tablier court Southside en denim bleu avec attaches marron clair"},"content":{"rendered":"<p>Con\u00e7u pour le confort, la pr\u00e9sentation et la durabilit\u00e9 au quotidien. Le style bleu denim moderne donne un aspect contemporain. Coupe universelle pour un port confortable.<\/p>\n<p>\u2022 La coupe classique assure un port confortable mais \u00e9l\u00e9gant pendant de longues p\u00e9riodes de travail<br \/>\u2022 Le style moderne en denim bleu offre un style contemporain<br \/>\u2022 Ajustement universel pour un port confortable<br \/>\u2022 Dimensions de la poche : 200(H) x 330(l)mm, longueur de la sangle 1100mm<br \/>\u2022 Adapt\u00e9 au lavage commercial pour un nettoyage rapide et facile<br \/>\u2022 Taille unique<\/p>\n<p><b><u>Caract\u00e9ristiques du produit :<\/u><\/b><br \/>\u2022 Dim. : Longueur totale 780 mm, largeur du bas 700 mm, largeur du tour de cou 300 mm<br \/>\u2022 Mati\u00e8re : Polycoton<br \/>\u2022 Couleur : Bleu.<\/p>\n","protected":false},"excerpt":{"rendered":"<p>Taille : 780(L) x 700(l)mm | Polycoton<\/p>\n","protected":false},"featured_media":107005,"comment_status":"open","ping_status":"closed","template":"","meta":[],"product_brand":[],"product_cat":[1264,1297,1262,1257],"product_tag":[],"class_list":{"0":"post-109362","1":"product","2":"type-product","3":"status-publish","4":"has-post-thumbnail","6":"product_cat-divers-tenues-de-cuisine","7":"product_cat-non-palettisable","8":"product_cat-tenues-de-cuisine","9":"product_cat-vetements-et-chaussures","10":"product_shipping_class-free-shipping","12":"first","13":"instock","14":"featured","15":"taxable","16":"shipping-taxable","17":"purchasable","18":"product-type-simple"},"_links":{"self":[{"href":"https:\/\/abinox-chr-clim.com\/index.php\/wp-json\/wp\/v2\/product\/109362","targetHints":{"allow":["GET"]}}],"collection":[{"href":"https:\/\/abinox-chr-clim.com\/index.php\/wp-json\/wp\/v2\/product"}],"about":[{"href":"https:\/\/abinox-chr-clim.com\/index.php\/wp-json\/wp\/v2\/types\/product"}],"replies":[{"embeddable":true,"href":"https:\/\/abinox-chr-clim.com\/index.php\/wp-json\/wp\/v2\/comments?post=109362"}],"wp:featuredmedia":[{"embeddable":true,"href":"https:\/\/abinox-chr-clim.com\/index.php\/wp-json\/wp\/v2\/media\/107005"}],"wp:attachment":[{"href":"https:\/\/abinox-chr-clim.com\/index.php\/wp-json\/wp\/v2\/media?parent=109362"}],"wp:term":[{"taxonomy":"product_brand","embeddable":true,"href":"https:\/\/abinox-chr-clim.com\/index.php\/wp-json\/wp\/v2\/product_brand?post=109362"},{"taxonomy":"product_cat","embeddable":true,"href":"https:\/\/abinox-chr-clim.com\/index.php\/wp-json\/wp\/v2\/product_cat?post=109362"},{"taxonomy":"product_tag","embeddable":true,"href":"https:\/\/abinox-chr-clim.com\/index.php\/wp-json\/wp\/v2\/product_tag?post=109362"}],"curies":[{"name":"wp","href":"https:\/\/api.w.org\/{rel}","templated":true}]}}