{"id":109361,"date":"2025-05-29T11:00:24","date_gmt":"2025-05-29T09:00:24","guid":{"rendered":"https:\/\/abinox-chr-clim.com\/index.php\/product\/calot-en-maille-respirant-southside-noir-taille-unique\/"},"modified":"2026-02-18T10:39:14","modified_gmt":"2026-02-18T09:39:14","slug":"calot-en-maille-respirant-southside-noir-taille-unique","status":"publish","type":"product","link":"https:\/\/abinox-chr-clim.com\/index.php\/product\/calot-en-maille-respirant-southside-noir-taille-unique\/","title":{"rendered":"Calot en maille respirant Southside noir &#8211; taille unique"},"content":{"rendered":"<p>Polycoton, avec panneau sup\u00e9rieur en maille pour une excellente respirabilit\u00e9. Taille unique.<\/p>\n<p>\u2022 Taille unique<br \/>\u2022 Enti\u00e8rement lavable<br \/>\u2022 Arri\u00e8re \u00e9lastiqu\u00e9 pour un ajustement confortable<br \/>\u2022 Mati\u00e8re en polycoton solide pour une utilisation durable<br \/>\u2022 Le haut du calot est dot\u00e9 d&rsquo;un panneau en maille filet pour une meilleure respirabilit\u00e9.<\/p>\n<p><b><u>Caract\u00e9ristiques du produit :<\/u><\/b><br \/>\u2022 Couleur : Noir.<\/p>\n","protected":false},"excerpt":{"rendered":"<p>Taille unique<\/p>\n","protected":false},"featured_media":105629,"comment_status":"open","ping_status":"closed","template":"","meta":[],"product_brand":[],"product_cat":[1263,1297,1262,1257],"product_tag":[],"class_list":{"0":"post-109361","1":"product","2":"type-product","3":"status-publish","4":"has-post-thumbnail","6":"product_cat-couvre-chefs","7":"product_cat-non-palettisable","8":"product_cat-tenues-de-cuisine","9":"product_cat-vetements-et-chaussures","10":"product_shipping_class-free-shipping","12":"first","13":"outofstock","14":"featured","15":"taxable","16":"shipping-taxable","17":"purchasable","18":"product-type-simple"},"_links":{"self":[{"href":"https:\/\/abinox-chr-clim.com\/index.php\/wp-json\/wp\/v2\/product\/109361","targetHints":{"allow":["GET"]}}],"collection":[{"href":"https:\/\/abinox-chr-clim.com\/index.php\/wp-json\/wp\/v2\/product"}],"about":[{"href":"https:\/\/abinox-chr-clim.com\/index.php\/wp-json\/wp\/v2\/types\/product"}],"replies":[{"embeddable":true,"href":"https:\/\/abinox-chr-clim.com\/index.php\/wp-json\/wp\/v2\/comments?post=109361"}],"wp:featuredmedia":[{"embeddable":true,"href":"https:\/\/abinox-chr-clim.com\/index.php\/wp-json\/wp\/v2\/media\/105629"}],"wp:attachment":[{"href":"https:\/\/abinox-chr-clim.com\/index.php\/wp-json\/wp\/v2\/media?parent=109361"}],"wp:term":[{"taxonomy":"product_brand","embeddable":true,"href":"https:\/\/abinox-chr-clim.com\/index.php\/wp-json\/wp\/v2\/product_brand?post=109361"},{"taxonomy":"product_cat","embeddable":true,"href":"https:\/\/abinox-chr-clim.com\/index.php\/wp-json\/wp\/v2\/product_cat?post=109361"},{"taxonomy":"product_tag","embeddable":true,"href":"https:\/\/abinox-chr-clim.com\/index.php\/wp-json\/wp\/v2\/product_tag?post=109361"}],"curies":[{"name":"wp","href":"https:\/\/api.w.org\/{rel}","templated":true}]}}