{"id":109360,"date":"2025-05-29T11:00:22","date_gmt":"2025-05-29T09:00:22","guid":{"rendered":"https:\/\/abinox-chr-clim.com\/index.php\/product\/tablier-en-toile-de-coton-southside-bleu-marine\/"},"modified":"2026-03-16T12:51:52","modified_gmt":"2026-03-16T11:51:52","slug":"tablier-en-toile-de-coton-southside-bleu-marine","status":"publish","type":"product","link":"https:\/\/abinox-chr-clim.com\/index.php\/product\/tablier-en-toile-de-coton-southside-bleu-marine\/","title":{"rendered":"Tablier en toile de coton Southside bleu marine"},"content":{"rendered":"<p>Les tabliers en toile de coton Southside peuvent \u00eatre nou\u00e9s sur le devant ou dans le dos pour s&rsquo;adapter confortablement \u00e0 toutes les tailles. Ils prot\u00e8gent contre les \u00e9claboussures et les taches afin de pr\u00e9server la propret\u00e9 des uniformes du personnel et conviennent au lavage industriel.<\/p>\n<p>\u2022 La toile de coton est suffisamment durable pour r\u00e9sister \u00e0 une utilisation quotidienne<br \/>\u2022 La coupe classique garantit un port confortable et \u00e9l\u00e9gant pour les longs d\u00e9placements<br \/>\u2022 Le poids du tissu de 230 g\/m\u00b2 est protecteur, mais permet au tablier de respirer<br \/>\u2022 La couleur marine offre un look moderne et \u00e9l\u00e9gant<br \/>\u2022 L&rsquo;apparence professionnelle convient aussi bien \u00e0 une utilisation en salle qu&rsquo;en cuisine.<br \/>\u2022 La longueur de la sangle de 1,5 m\u00e8tre offre un ajustement confortable<br \/>\u2022 Peut \u00eatre nou\u00e9 devant ou derri\u00e8re pour offrir un ajustement confortable pour toutes les tailles<br \/>\u2022 Prot\u00e8ge contre les \u00e9claboussures et les taches pour garder les uniformes du personnel propres<br \/>\u2022 Convient au lavage commercial pour un nettoyage rapide et facile<\/p>\n<p><b><u>Caract\u00e9ristiques du produit :<\/u><\/b><br \/>\u2022 Dim. : 860(L) x 440(L) mm<br \/>\u2022 Mati\u00e8re : 100% coton<br \/>\u2022 Couleur : Bleu.<\/p>\n","protected":false},"excerpt":{"rendered":"<p>Dimensions\u00a0: 860(L) x 440(H)mm | Marine<\/p>\n","protected":false},"featured_media":106531,"comment_status":"open","ping_status":"closed","template":"","meta":[],"product_brand":[],"product_cat":[1264,1297,1262,1257],"product_tag":[],"class_list":{"0":"post-109360","1":"product","2":"type-product","3":"status-publish","4":"has-post-thumbnail","6":"product_cat-divers-tenues-de-cuisine","7":"product_cat-non-palettisable","8":"product_cat-tenues-de-cuisine","9":"product_cat-vetements-et-chaussures","10":"product_shipping_class-free-shipping","12":"first","13":"outofstock","14":"featured","15":"taxable","16":"shipping-taxable","17":"purchasable","18":"product-type-simple"},"_links":{"self":[{"href":"https:\/\/abinox-chr-clim.com\/index.php\/wp-json\/wp\/v2\/product\/109360","targetHints":{"allow":["GET"]}}],"collection":[{"href":"https:\/\/abinox-chr-clim.com\/index.php\/wp-json\/wp\/v2\/product"}],"about":[{"href":"https:\/\/abinox-chr-clim.com\/index.php\/wp-json\/wp\/v2\/types\/product"}],"replies":[{"embeddable":true,"href":"https:\/\/abinox-chr-clim.com\/index.php\/wp-json\/wp\/v2\/comments?post=109360"}],"wp:featuredmedia":[{"embeddable":true,"href":"https:\/\/abinox-chr-clim.com\/index.php\/wp-json\/wp\/v2\/media\/106531"}],"wp:attachment":[{"href":"https:\/\/abinox-chr-clim.com\/index.php\/wp-json\/wp\/v2\/media?parent=109360"}],"wp:term":[{"taxonomy":"product_brand","embeddable":true,"href":"https:\/\/abinox-chr-clim.com\/index.php\/wp-json\/wp\/v2\/product_brand?post=109360"},{"taxonomy":"product_cat","embeddable":true,"href":"https:\/\/abinox-chr-clim.com\/index.php\/wp-json\/wp\/v2\/product_cat?post=109360"},{"taxonomy":"product_tag","embeddable":true,"href":"https:\/\/abinox-chr-clim.com\/index.php\/wp-json\/wp\/v2\/product_tag?post=109360"}],"curies":[{"name":"wp","href":"https:\/\/api.w.org\/{rel}","templated":true}]}}