{"id":109352,"date":"2025-05-29T11:00:06","date_gmt":"2025-05-29T09:00:06","guid":{"rendered":"https:\/\/abinox-chr-clim.com\/index.php\/product\/veste-de-cuisinier-en-maille-a-manches-courtes-southside-harlem-noire-l\/"},"modified":"2026-04-02T10:12:59","modified_gmt":"2026-04-02T08:12:59","slug":"veste-de-cuisinier-en-maille-a-manches-courtes-southside-harlem-noire-l","status":"publish","type":"product","link":"https:\/\/abinox-chr-clim.com\/index.php\/product\/veste-de-cuisinier-en-maille-a-manches-courtes-southside-harlem-noire-l\/","title":{"rendered":"Veste de cuisinier en maille \u00e0 manches courtes Southside Harlem noire L"},"content":{"rendered":"<p>Fabriqu\u00e9e dans un tissu l\u00e9ger, elle est dot\u00e9e d&rsquo;un panneau en maille respirante sur le haut du dos et les \u00e9paules. Poss\u00e8de une fermeture \u00e0 glissi\u00e8re sur le devant et un bouton-pression au niveau du cou. Cette veste en maille \u00e0 manches courtes pour cuisinier a une coupe classique garantissant un port confortable et \u00e9l\u00e9gant pour les longs services.<\/p>\n<p>\u2022 La couleur noire donne un style moderne<br \/>\u2022 Le mat\u00e9riau l\u00e9ger et respirant apporte de la fra\u00eecheur<br \/>\u2022 Le mat\u00e9riau en polycoton rend cette veste durable et facile \u00e0 entretenir<br \/>\u2022 Convient au lavage commercial &#8211; le nettoyage est donc toujours facile<br \/>\u2022 La coupe classique garantit un port confortable et \u00e9l\u00e9gant pour les longs services<br \/>\u2022 Contient du polyester recycl\u00e9, r\u00e9duisant l&rsquo;utilisation de mat\u00e9riaux vierges<\/p>\n<p><b><u>Caract\u00e9ristiques du produit :<\/u><\/b><br \/>\u2022 Couleur : Noir.<\/p>\n","protected":false},"excerpt":{"rendered":"<p>Taille\u00a0UK : L<\/p>\n","protected":false},"featured_media":106057,"comment_status":"open","ping_status":"closed","template":"","meta":[],"product_brand":[],"product_cat":[1297,1262,1268,1257],"product_tag":[],"class_list":{"0":"post-109352","1":"product","2":"type-product","3":"status-publish","4":"has-post-thumbnail","6":"product_cat-non-palettisable","7":"product_cat-tenues-de-cuisine","8":"product_cat-vestes-de-cuisine","9":"product_cat-vetements-et-chaussures","10":"product_shipping_class-free-shipping","12":"first","13":"instock","14":"featured","15":"taxable","16":"shipping-taxable","17":"purchasable","18":"product-type-simple"},"_links":{"self":[{"href":"https:\/\/abinox-chr-clim.com\/index.php\/wp-json\/wp\/v2\/product\/109352","targetHints":{"allow":["GET"]}}],"collection":[{"href":"https:\/\/abinox-chr-clim.com\/index.php\/wp-json\/wp\/v2\/product"}],"about":[{"href":"https:\/\/abinox-chr-clim.com\/index.php\/wp-json\/wp\/v2\/types\/product"}],"replies":[{"embeddable":true,"href":"https:\/\/abinox-chr-clim.com\/index.php\/wp-json\/wp\/v2\/comments?post=109352"}],"wp:featuredmedia":[{"embeddable":true,"href":"https:\/\/abinox-chr-clim.com\/index.php\/wp-json\/wp\/v2\/media\/106057"}],"wp:attachment":[{"href":"https:\/\/abinox-chr-clim.com\/index.php\/wp-json\/wp\/v2\/media?parent=109352"}],"wp:term":[{"taxonomy":"product_brand","embeddable":true,"href":"https:\/\/abinox-chr-clim.com\/index.php\/wp-json\/wp\/v2\/product_brand?post=109352"},{"taxonomy":"product_cat","embeddable":true,"href":"https:\/\/abinox-chr-clim.com\/index.php\/wp-json\/wp\/v2\/product_cat?post=109352"},{"taxonomy":"product_tag","embeddable":true,"href":"https:\/\/abinox-chr-clim.com\/index.php\/wp-json\/wp\/v2\/product_tag?post=109352"}],"curies":[{"name":"wp","href":"https:\/\/api.w.org\/{rel}","templated":true}]}}