{"id":109351,"date":"2025-05-29T11:00:04","date_gmt":"2025-05-29T09:00:04","guid":{"rendered":"https:\/\/abinox-chr-clim.com\/index.php\/product\/casquette-de-baseball-en-coton-whites-anthracite\/"},"modified":"2026-03-16T12:47:43","modified_gmt":"2026-03-16T11:47:43","slug":"casquette-de-baseball-en-coton-whites-anthracite","status":"publish","type":"product","link":"https:\/\/abinox-chr-clim.com\/index.php\/product\/casquette-de-baseball-en-coton-whites-anthracite\/","title":{"rendered":"Casquette de baseball en coton Whites anthracite"},"content":{"rendered":"<p>Les casquettes de baseball en coton Whites offrent confort et style. Le tissu en coton respirant aide le personnel \u00e0 rester au frais. Parfaites pour un usage quotidien, ces casquettes offrent une protection solaire et un look classique. Les sangles r\u00e9glables garantissent un ajustement confortable pour toutes les tailles.<\/p>\n<p>\u2022 Dimensions Tour de t\u00eate : 57 \u00e0 63 cm<br \/>\u2022 Mati\u00e8re 65% Polyester 35% Coton<br \/>\u2022 Poids du tissu\u00a0: 190 g\/m\u00b2<br \/>\u2022 Convient au lavage commercial &#8211; facilitant le nettoyage<br \/>\u2022 Le mat\u00e9riau en polycoton r\u00e9sistant rend le chapeau durable et simple \u00e0 entretenir<br \/>\u2022 Sangle arri\u00e8re r\u00e9glable pour un confort quotidien<br \/>\u2022 Construction l\u00e9g\u00e8re mais durable<\/p>\n<p><b><u>Caract\u00e9ristiques du produit :<\/u><\/b><br \/>\u2022 Couleur : Blanc.<\/p>\n","protected":false},"excerpt":{"rendered":"<p>Taille unique. Couleur: Charbon<\/p>\n","protected":false},"featured_media":108263,"comment_status":"open","ping_status":"closed","template":"","meta":[],"product_brand":[],"product_cat":[1263,1297,1262,1257],"product_tag":[],"class_list":{"0":"post-109351","1":"product","2":"type-product","3":"status-publish","4":"has-post-thumbnail","6":"product_cat-couvre-chefs","7":"product_cat-non-palettisable","8":"product_cat-tenues-de-cuisine","9":"product_cat-vetements-et-chaussures","10":"product_shipping_class-free-shipping","12":"first","13":"outofstock","14":"featured","15":"taxable","16":"shipping-taxable","17":"purchasable","18":"product-type-simple"},"_links":{"self":[{"href":"https:\/\/abinox-chr-clim.com\/index.php\/wp-json\/wp\/v2\/product\/109351","targetHints":{"allow":["GET"]}}],"collection":[{"href":"https:\/\/abinox-chr-clim.com\/index.php\/wp-json\/wp\/v2\/product"}],"about":[{"href":"https:\/\/abinox-chr-clim.com\/index.php\/wp-json\/wp\/v2\/types\/product"}],"replies":[{"embeddable":true,"href":"https:\/\/abinox-chr-clim.com\/index.php\/wp-json\/wp\/v2\/comments?post=109351"}],"wp:featuredmedia":[{"embeddable":true,"href":"https:\/\/abinox-chr-clim.com\/index.php\/wp-json\/wp\/v2\/media\/108263"}],"wp:attachment":[{"href":"https:\/\/abinox-chr-clim.com\/index.php\/wp-json\/wp\/v2\/media?parent=109351"}],"wp:term":[{"taxonomy":"product_brand","embeddable":true,"href":"https:\/\/abinox-chr-clim.com\/index.php\/wp-json\/wp\/v2\/product_brand?post=109351"},{"taxonomy":"product_cat","embeddable":true,"href":"https:\/\/abinox-chr-clim.com\/index.php\/wp-json\/wp\/v2\/product_cat?post=109351"},{"taxonomy":"product_tag","embeddable":true,"href":"https:\/\/abinox-chr-clim.com\/index.php\/wp-json\/wp\/v2\/product_tag?post=109351"}],"curies":[{"name":"wp","href":"https:\/\/api.w.org\/{rel}","templated":true}]}}