{"id":109350,"date":"2025-05-29T11:00:01","date_gmt":"2025-05-29T09:00:01","guid":{"rendered":"https:\/\/abinox-chr-clim.com\/index.php\/product\/pantalon-de-cuisinier-vegas-whites-anthracite-xxl\/"},"modified":"2026-04-15T10:28:17","modified_gmt":"2026-04-15T08:28:17","slug":"pantalon-de-cuisinier-vegas-whites-anthracite-xxl","status":"publish","type":"product","link":"https:\/\/abinox-chr-clim.com\/index.php\/product\/pantalon-de-cuisinier-vegas-whites-anthracite-xxl\/","title":{"rendered":"Pantalon de cuisinier Vegas Whites anthracite XXL"},"content":{"rendered":"<p>Le pantalon de cuisinier Vegas Whites a une coupe classique pour \u00eatre confortable et \u00e9l\u00e9gant pendant les longs services. Fabriqu\u00e9 en polycoton l\u00e9ger et respirant, ce pantalon peut \u00eatre lav\u00e9 en machine pour un entretien facile.<\/p>\n<p>\u2022 La couleur anthracite donne un aspect moderne et dissimule les taches.<br \/>\u2022 Mat\u00e9riau l\u00e9ger et respirant pour rester \u00e0 l&rsquo;aise<br \/>\u2022 Poids du tissu 240 g\/m\u00b2<br \/>\u2022 Le mat\u00e9riau en polycoton rend ce pantalon durable et facile \u00e0 entretenir<br \/>\u2022 Contient du polyester recycl\u00e9<br \/>\u2022 Convient au lavage commercial &#8211; le nettoyage est donc toujours facile<br \/>\u2022 La coupe classique assure un port confortable et \u00e9l\u00e9gant pour de longues p\u00e9riodes de travail.<\/p>\n<p><b><u>Caract\u00e9ristiques du produit :<\/u><\/b><br \/>\u2022 Couleur : Gris.<\/p>\n","protected":false},"excerpt":{"rendered":"<p>Anthracite &#8211; Taille UK XXL<\/p>\n","protected":false},"featured_media":108262,"comment_status":"open","ping_status":"closed","template":"","meta":[],"product_brand":[],"product_cat":[1297,1265,1262,1257],"product_tag":[],"class_list":{"0":"post-109350","1":"product","2":"type-product","3":"status-publish","4":"has-post-thumbnail","6":"product_cat-non-palettisable","7":"product_cat-pantalons-de-cuisine","8":"product_cat-tenues-de-cuisine","9":"product_cat-vetements-et-chaussures","10":"product_shipping_class-free-shipping","12":"first","13":"instock","14":"featured","15":"taxable","16":"shipping-taxable","17":"purchasable","18":"product-type-simple"},"_links":{"self":[{"href":"https:\/\/abinox-chr-clim.com\/index.php\/wp-json\/wp\/v2\/product\/109350","targetHints":{"allow":["GET"]}}],"collection":[{"href":"https:\/\/abinox-chr-clim.com\/index.php\/wp-json\/wp\/v2\/product"}],"about":[{"href":"https:\/\/abinox-chr-clim.com\/index.php\/wp-json\/wp\/v2\/types\/product"}],"replies":[{"embeddable":true,"href":"https:\/\/abinox-chr-clim.com\/index.php\/wp-json\/wp\/v2\/comments?post=109350"}],"wp:featuredmedia":[{"embeddable":true,"href":"https:\/\/abinox-chr-clim.com\/index.php\/wp-json\/wp\/v2\/media\/108262"}],"wp:attachment":[{"href":"https:\/\/abinox-chr-clim.com\/index.php\/wp-json\/wp\/v2\/media?parent=109350"}],"wp:term":[{"taxonomy":"product_brand","embeddable":true,"href":"https:\/\/abinox-chr-clim.com\/index.php\/wp-json\/wp\/v2\/product_brand?post=109350"},{"taxonomy":"product_cat","embeddable":true,"href":"https:\/\/abinox-chr-clim.com\/index.php\/wp-json\/wp\/v2\/product_cat?post=109350"},{"taxonomy":"product_tag","embeddable":true,"href":"https:\/\/abinox-chr-clim.com\/index.php\/wp-json\/wp\/v2\/product_tag?post=109350"}],"curies":[{"name":"wp","href":"https:\/\/api.w.org\/{rel}","templated":true}]}}