{"id":109345,"date":"2025-05-29T10:59:52","date_gmt":"2025-05-29T08:59:52","guid":{"rendered":"https:\/\/abinox-chr-clim.com\/index.php\/product\/tablier-bavette-raye-gris-et-blanc-whites\/"},"modified":"2026-04-14T11:18:49","modified_gmt":"2026-04-14T09:18:49","slug":"tablier-bavette-raye-gris-et-blanc-whites","status":"publish","type":"product","link":"https:\/\/abinox-chr-clim.com\/index.php\/product\/tablier-bavette-raye-gris-et-blanc-whites\/","title":{"rendered":"Tablier bavette ray\u00e9 gris et blanc Whites"},"content":{"rendered":"<p>Ce tablier ray\u00e9 gris et blanc allie mode et fonctionnalit\u00e9, le rendant parfait pour les environnements de cuisine professionnelle.<\/p>\n<p>\u2022 La coupe classique assure un port confortable et \u00e9l\u00e9gant pendant les longues journ\u00e9es de travail<br \/>\u2022 Prot\u00e8ge vos v\u00eatements des \u00e9claboussures ou des taches pour les garder plus propres<br \/>\u2022 Sa grande taille offre une excellente couverture du haut et du bas du corps<br \/>\u2022 Adapt\u00e9 au lavage industriel pour un nettoyage rapide et facile<br \/>\u2022 Disponible en taille unique<\/p>\n<p><b><u>Caract\u00e9ristiques du produit :<\/u><\/b><br \/>\u2022 Dim. : Longueur totale du corps 950 mm, longueur des c\u00f4t\u00e9s 650 mm, largeur du bas 700 mm, largeur du tour de cou 300 mm<br \/>\u2022 Mati\u00e8re : Polycoton<br \/>\u2022 Couleur : Ray\u00e9.<\/p>\n","protected":false},"excerpt":{"rendered":"<p>Taille : 950(L) x 700(l)mm | Polycoton<\/p>\n","protected":false},"featured_media":107453,"comment_status":"open","ping_status":"closed","template":"","meta":[],"product_brand":[],"product_cat":[1264,1297,1262,1257],"product_tag":[],"class_list":{"0":"post-109345","1":"product","2":"type-product","3":"status-publish","4":"has-post-thumbnail","6":"product_cat-divers-tenues-de-cuisine","7":"product_cat-non-palettisable","8":"product_cat-tenues-de-cuisine","9":"product_cat-vetements-et-chaussures","10":"product_shipping_class-free-shipping","12":"first","13":"instock","14":"featured","15":"taxable","16":"shipping-taxable","17":"purchasable","18":"product-type-simple"},"_links":{"self":[{"href":"https:\/\/abinox-chr-clim.com\/index.php\/wp-json\/wp\/v2\/product\/109345","targetHints":{"allow":["GET"]}}],"collection":[{"href":"https:\/\/abinox-chr-clim.com\/index.php\/wp-json\/wp\/v2\/product"}],"about":[{"href":"https:\/\/abinox-chr-clim.com\/index.php\/wp-json\/wp\/v2\/types\/product"}],"replies":[{"embeddable":true,"href":"https:\/\/abinox-chr-clim.com\/index.php\/wp-json\/wp\/v2\/comments?post=109345"}],"wp:featuredmedia":[{"embeddable":true,"href":"https:\/\/abinox-chr-clim.com\/index.php\/wp-json\/wp\/v2\/media\/107453"}],"wp:attachment":[{"href":"https:\/\/abinox-chr-clim.com\/index.php\/wp-json\/wp\/v2\/media?parent=109345"}],"wp:term":[{"taxonomy":"product_brand","embeddable":true,"href":"https:\/\/abinox-chr-clim.com\/index.php\/wp-json\/wp\/v2\/product_brand?post=109345"},{"taxonomy":"product_cat","embeddable":true,"href":"https:\/\/abinox-chr-clim.com\/index.php\/wp-json\/wp\/v2\/product_cat?post=109345"},{"taxonomy":"product_tag","embeddable":true,"href":"https:\/\/abinox-chr-clim.com\/index.php\/wp-json\/wp\/v2\/product_tag?post=109345"}],"curies":[{"name":"wp","href":"https:\/\/api.w.org\/{rel}","templated":true}]}}