{"id":109344,"date":"2025-05-29T10:59:50","date_gmt":"2025-05-29T08:59:50","guid":{"rendered":"https:\/\/abinox-chr-clim.com\/index.php\/product\/veste-de-cuisinier-femme-ajustee-whites-noire-taille-s\/"},"modified":"2026-04-02T10:30:53","modified_gmt":"2026-04-02T08:30:53","slug":"veste-de-cuisinier-femme-ajustee-whites-noire-taille-s","status":"publish","type":"product","link":"https:\/\/abinox-chr-clim.com\/index.php\/product\/veste-de-cuisinier-femme-ajustee-whites-noire-taille-s\/","title":{"rendered":"Veste de cuisinier femme ajust\u00e9e Whites noire taille S"},"content":{"rendered":"<p>Les coutures incurv\u00e9es dans le dos assurent une coupe cintr\u00e9e flatteuse et une durabilit\u00e9 de tous les jours. Les manches 3\/4 avec poignets fendus permettent de retrousser facilement les manches en cas de besoin. Les a\u00e9rations sous les bras aident \u00e0 rester au frais.<\/p>\n<p>\u2022 Mati\u00e8re 80% polyester 20% coton<br \/>\u2022 Poids du tissu 190 g\/m\u00b2<br \/>\u2022 Convient au lavage commercial &#8211; facilitant le nettoyage<br \/>\u2022 Le mat\u00e9riau en polycoton r\u00e9sistant rend la veste durable et simple \u00e0 entretenir<br \/>\u2022 Fabriqu\u00e9 \u00e0 partir de polyester et de coton recycl\u00e9s<br \/>\u2022 Coutures lat\u00e9rales incurv\u00e9es pour un ajustement ajust\u00e9<br \/>\u2022 Manches 3\/4 avec poignet fendu<\/p>\n<p><b><u>Caract\u00e9ristiques du produit :<\/u><\/b><br \/>\u2022 Couleur : Noir.<\/p>\n","protected":false},"excerpt":{"rendered":"<p>Taille S. Tour de poitrine : 108cm<\/p>\n","protected":false},"featured_media":108261,"comment_status":"open","ping_status":"closed","template":"","meta":[],"product_brand":[],"product_cat":[1297,1262,1268,1257],"product_tag":[],"class_list":{"0":"post-109344","1":"product","2":"type-product","3":"status-publish","4":"has-post-thumbnail","6":"product_cat-non-palettisable","7":"product_cat-tenues-de-cuisine","8":"product_cat-vestes-de-cuisine","9":"product_cat-vetements-et-chaussures","10":"product_shipping_class-free-shipping","12":"first","13":"outofstock","14":"featured","15":"taxable","16":"shipping-taxable","17":"purchasable","18":"product-type-simple"},"_links":{"self":[{"href":"https:\/\/abinox-chr-clim.com\/index.php\/wp-json\/wp\/v2\/product\/109344","targetHints":{"allow":["GET"]}}],"collection":[{"href":"https:\/\/abinox-chr-clim.com\/index.php\/wp-json\/wp\/v2\/product"}],"about":[{"href":"https:\/\/abinox-chr-clim.com\/index.php\/wp-json\/wp\/v2\/types\/product"}],"replies":[{"embeddable":true,"href":"https:\/\/abinox-chr-clim.com\/index.php\/wp-json\/wp\/v2\/comments?post=109344"}],"wp:featuredmedia":[{"embeddable":true,"href":"https:\/\/abinox-chr-clim.com\/index.php\/wp-json\/wp\/v2\/media\/108261"}],"wp:attachment":[{"href":"https:\/\/abinox-chr-clim.com\/index.php\/wp-json\/wp\/v2\/media?parent=109344"}],"wp:term":[{"taxonomy":"product_brand","embeddable":true,"href":"https:\/\/abinox-chr-clim.com\/index.php\/wp-json\/wp\/v2\/product_brand?post=109344"},{"taxonomy":"product_cat","embeddable":true,"href":"https:\/\/abinox-chr-clim.com\/index.php\/wp-json\/wp\/v2\/product_cat?post=109344"},{"taxonomy":"product_tag","embeddable":true,"href":"https:\/\/abinox-chr-clim.com\/index.php\/wp-json\/wp\/v2\/product_tag?post=109344"}],"curies":[{"name":"wp","href":"https:\/\/api.w.org\/{rel}","templated":true}]}}