{"id":109340,"date":"2025-05-29T10:59:42","date_gmt":"2025-05-29T08:59:42","guid":{"rendered":"https:\/\/abinox-chr-clim.com\/index.php\/product\/sacs-gaufres-compostables-pour-machine-sous-vide-vogue-150x250mm-lot-de-50\/"},"modified":"2026-04-15T10:52:23","modified_gmt":"2026-04-15T08:52:23","slug":"sacs-gaufres-compostables-pour-machine-sous-vide-vogue-150x250mm-lot-de-50","status":"publish","type":"product","link":"https:\/\/abinox-chr-clim.com\/index.php\/product\/sacs-gaufres-compostables-pour-machine-sous-vide-vogue-150x250mm-lot-de-50\/","title":{"rendered":"Sacs gaufr\u00e9s compostables pour machine sous vide Vogue 150x250mm (Lot de 50)"},"content":{"rendered":"<p>Scellez et conservez avec les sacs gaufr\u00e9s sous-vide \u00e0 chambre compostables Vogue. Le design gaufr\u00e9 am\u00e9liore l&rsquo;efficacit\u00e9 du vide, ce qui les rend id\u00e9aux pour une conservation fiable des aliments dans les cuisines professionnelles. Ils sont compostables industriellement pour r\u00e9duire les d\u00e9chets nocifs dans les d\u00e9charges.<\/p>\n<p>\u2022 Construction durable emp\u00eachant les fuites ou la contamination<br \/>\u2022 Id\u00e9al pour la pr\u00e9paration avant un service, \u00e9conomisant du temps<br \/>\u2022 Mat\u00e9riaux biod\u00e9gradables &#8211; un excellent choix pour les utilisateurs soucieux de l&rsquo;environnement<br \/>\u2022 Adapt\u00e9 \u00e0 une utilisation avec des machines sous vide<br \/>\u2022 Peut aider \u00e0 conserver les aliments 3 \u00e0 5 fois plus longtemps que le stockage non sous vide, r\u00e9duisant le gaspillage alimentaire<br \/>\u2022 Aide \u00e0 r\u00e9duire la d\u00e9shydratation des aliments et les br\u00fblures de cong\u00e9lation<br \/>\u2022 Stockage parfait &#8211; emp\u00eache la moisissure, l&rsquo;humidit\u00e9, les insectes et les odeurs<br \/>\u2022 Transparent pour identifier facilement le contenu<\/p>\n<p><b><u>Caract\u00e9ristiques du produit :<\/u><\/b><br \/>\u2022 Lot : 50.0<br \/>\u2022 Dim. : 19,5(H) x 250(L) x 150(P) mm<br \/>\u2022 Poids : 360 g<br \/>\u2022 Couleur : Transparent.<\/p>\n","protected":false},"excerpt":{"rendered":"<p>150x250mm<\/p>\n","protected":false},"featured_media":108249,"comment_status":"open","ping_status":"closed","template":"","meta":[],"product_brand":[],"product_cat":[1277,1297],"product_tag":[],"class_list":{"0":"post-109340","1":"product","2":"type-product","3":"status-publish","4":"has-post-thumbnail","6":"product_cat-divers-principal","7":"product_cat-non-palettisable","8":"product_shipping_class-free-shipping","10":"first","11":"instock","12":"featured","13":"taxable","14":"shipping-taxable","15":"purchasable","16":"product-type-simple"},"_links":{"self":[{"href":"https:\/\/abinox-chr-clim.com\/index.php\/wp-json\/wp\/v2\/product\/109340","targetHints":{"allow":["GET"]}}],"collection":[{"href":"https:\/\/abinox-chr-clim.com\/index.php\/wp-json\/wp\/v2\/product"}],"about":[{"href":"https:\/\/abinox-chr-clim.com\/index.php\/wp-json\/wp\/v2\/types\/product"}],"replies":[{"embeddable":true,"href":"https:\/\/abinox-chr-clim.com\/index.php\/wp-json\/wp\/v2\/comments?post=109340"}],"wp:featuredmedia":[{"embeddable":true,"href":"https:\/\/abinox-chr-clim.com\/index.php\/wp-json\/wp\/v2\/media\/108249"}],"wp:attachment":[{"href":"https:\/\/abinox-chr-clim.com\/index.php\/wp-json\/wp\/v2\/media?parent=109340"}],"wp:term":[{"taxonomy":"product_brand","embeddable":true,"href":"https:\/\/abinox-chr-clim.com\/index.php\/wp-json\/wp\/v2\/product_brand?post=109340"},{"taxonomy":"product_cat","embeddable":true,"href":"https:\/\/abinox-chr-clim.com\/index.php\/wp-json\/wp\/v2\/product_cat?post=109340"},{"taxonomy":"product_tag","embeddable":true,"href":"https:\/\/abinox-chr-clim.com\/index.php\/wp-json\/wp\/v2\/product_tag?post=109340"}],"curies":[{"name":"wp","href":"https:\/\/api.w.org\/{rel}","templated":true}]}}