{"id":109336,"date":"2025-05-29T10:59:35","date_gmt":"2025-05-29T08:59:35","guid":{"rendered":"https:\/\/abinox-chr-clim.com\/index.php\/product\/chaussures-de-securite-mixtes-nisbets-essentials-noires-47\/"},"modified":"2025-06-30T09:05:06","modified_gmt":"2025-06-30T07:05:06","slug":"chaussures-de-securite-mixtes-nisbets-essentials-noires-47","status":"publish","type":"product","link":"https:\/\/abinox-chr-clim.com\/index.php\/product\/chaussures-de-securite-mixtes-nisbets-essentials-noires-47\/","title":{"rendered":"Chaussures de s\u00e9curit\u00e9 mixtes Nisbets Essentials noires 47"},"content":{"rendered":"<p>Dessus souple, flexible et r\u00e9sistant \u00e0 l&rsquo;eau avec une semelle haute densit\u00e9 pour absorber les chocs et garantir un confort tout au long de la journ\u00e9e.<\/p>\n<p>\u2022 Antid\u00e9rapantes et antistatiques<br \/>\u2022 Dessus microfibre durable<br \/>\u2022 La forme large permet une meilleure respirabilit\u00e9<br \/>\u2022 Doublure Cambrelle\u00ae pour le confort des pieds gr\u00e2ce \u00e0 la technologie de gestion de l&rsquo;humidit\u00e9 utilis\u00e9e dans les chaussures de montagne, de randonn\u00e9e et de course \u00e0 pied.<br \/>\u2022 Semelle double densit\u00e9 r\u00e9sistante aux graisses et antid\u00e9rapante<br \/>\u2022 Embout renforc\u00e9 de r\u00e9sistance 200 joules<br \/>\u2022 Fabriqu\u00e9 conform\u00e9ment \u00e0 la norme EN20345:2011 S1P SRC<\/p>\n<p><b><u>Caract\u00e9ristiques du produit :<\/u><\/b><br \/>\u2022 Mati\u00e8re : Cuir<br \/>\u2022 Poids : 1,28 kg<br \/>\u2022 Tailles : 47.0<br \/>\u2022 Couleur : Noir.<\/p>\n","protected":false},"excerpt":{"rendered":"<p>Pointure 47.<\/p>\n","protected":false},"featured_media":105755,"comment_status":"open","ping_status":"closed","template":"","meta":[],"product_brand":[],"product_cat":[1258,1259,1297,1257],"product_tag":[],"class_list":{"0":"post-109336","1":"product","2":"type-product","3":"status-publish","4":"has-post-thumbnail","6":"product_cat-chaussures","7":"product_cat-chaussures-de-securite","8":"product_cat-non-palettisable","9":"product_cat-vetements-et-chaussures","10":"product_shipping_class-free-shipping","12":"first","13":"outofstock","14":"featured","15":"taxable","16":"shipping-taxable","17":"purchasable","18":"product-type-simple"},"_links":{"self":[{"href":"https:\/\/abinox-chr-clim.com\/index.php\/wp-json\/wp\/v2\/product\/109336","targetHints":{"allow":["GET"]}}],"collection":[{"href":"https:\/\/abinox-chr-clim.com\/index.php\/wp-json\/wp\/v2\/product"}],"about":[{"href":"https:\/\/abinox-chr-clim.com\/index.php\/wp-json\/wp\/v2\/types\/product"}],"replies":[{"embeddable":true,"href":"https:\/\/abinox-chr-clim.com\/index.php\/wp-json\/wp\/v2\/comments?post=109336"}],"wp:featuredmedia":[{"embeddable":true,"href":"https:\/\/abinox-chr-clim.com\/index.php\/wp-json\/wp\/v2\/media\/105755"}],"wp:attachment":[{"href":"https:\/\/abinox-chr-clim.com\/index.php\/wp-json\/wp\/v2\/media?parent=109336"}],"wp:term":[{"taxonomy":"product_brand","embeddable":true,"href":"https:\/\/abinox-chr-clim.com\/index.php\/wp-json\/wp\/v2\/product_brand?post=109336"},{"taxonomy":"product_cat","embeddable":true,"href":"https:\/\/abinox-chr-clim.com\/index.php\/wp-json\/wp\/v2\/product_cat?post=109336"},{"taxonomy":"product_tag","embeddable":true,"href":"https:\/\/abinox-chr-clim.com\/index.php\/wp-json\/wp\/v2\/product_tag?post=109336"}],"curies":[{"name":"wp","href":"https:\/\/api.w.org\/{rel}","templated":true}]}}