{"id":109325,"date":"2025-05-29T10:59:14","date_gmt":"2025-05-29T08:59:14","guid":{"rendered":"https:\/\/abinox-chr-clim.com\/index.php\/product\/chaussures-de-securite-mixtes-nisbets-essentials-noires-36\/"},"modified":"2025-06-30T09:04:52","modified_gmt":"2025-06-30T07:04:52","slug":"chaussures-de-securite-mixtes-nisbets-essentials-noires-36","status":"publish","type":"product","link":"https:\/\/abinox-chr-clim.com\/index.php\/product\/chaussures-de-securite-mixtes-nisbets-essentials-noires-36\/","title":{"rendered":"Chaussures de s\u00e9curit\u00e9 mixtes Nisbets Essentials noires 36"},"content":{"rendered":"<p>Chaussures de s\u00e9curit\u00e9 antid\u00e9rapantes offrant une protection efficace.<\/p>\n<p>\u2022 Forme large<br \/>\u2022 Ext\u00e9rieur en cuir r\u00e9sistant<br \/>\u2022 La forme large permet une meilleure respirabilit\u00e9<br \/>\u2022 Embout renforc\u00e9 de r\u00e9sistance 200 joules<br \/>\u2022 Antid\u00e9rapantes<br \/>\u2022 La\u00e7age sur 3 oeillets<br \/>\u2022 Fabriqu\u00e9 conform\u00e9ment \u00e0 la norme EN20345:2011 S1P SRC<\/p>\n<p><b><u>Caract\u00e9ristiques du produit :<\/u><\/b><br \/>\u2022 Mati\u00e8re : Cuir<br \/>\u2022 Poids : 880 g<br \/>\u2022 Tailles : 36.0<br \/>\u2022 Couleur : Noir.<\/p>\n","protected":false},"excerpt":{"rendered":"<p>Pointure 36.<\/p>\n","protected":false},"featured_media":105755,"comment_status":"open","ping_status":"closed","template":"","meta":[],"product_brand":[],"product_cat":[1258,1259,1297,1257],"product_tag":[],"class_list":{"0":"post-109325","1":"product","2":"type-product","3":"status-publish","4":"has-post-thumbnail","6":"product_cat-chaussures","7":"product_cat-chaussures-de-securite","8":"product_cat-non-palettisable","9":"product_cat-vetements-et-chaussures","10":"product_shipping_class-free-shipping","12":"first","13":"outofstock","14":"featured","15":"taxable","16":"shipping-taxable","17":"purchasable","18":"product-type-simple"},"_links":{"self":[{"href":"https:\/\/abinox-chr-clim.com\/index.php\/wp-json\/wp\/v2\/product\/109325","targetHints":{"allow":["GET"]}}],"collection":[{"href":"https:\/\/abinox-chr-clim.com\/index.php\/wp-json\/wp\/v2\/product"}],"about":[{"href":"https:\/\/abinox-chr-clim.com\/index.php\/wp-json\/wp\/v2\/types\/product"}],"replies":[{"embeddable":true,"href":"https:\/\/abinox-chr-clim.com\/index.php\/wp-json\/wp\/v2\/comments?post=109325"}],"wp:featuredmedia":[{"embeddable":true,"href":"https:\/\/abinox-chr-clim.com\/index.php\/wp-json\/wp\/v2\/media\/105755"}],"wp:attachment":[{"href":"https:\/\/abinox-chr-clim.com\/index.php\/wp-json\/wp\/v2\/media?parent=109325"}],"wp:term":[{"taxonomy":"product_brand","embeddable":true,"href":"https:\/\/abinox-chr-clim.com\/index.php\/wp-json\/wp\/v2\/product_brand?post=109325"},{"taxonomy":"product_cat","embeddable":true,"href":"https:\/\/abinox-chr-clim.com\/index.php\/wp-json\/wp\/v2\/product_cat?post=109325"},{"taxonomy":"product_tag","embeddable":true,"href":"https:\/\/abinox-chr-clim.com\/index.php\/wp-json\/wp\/v2\/product_tag?post=109325"}],"curies":[{"name":"wp","href":"https:\/\/api.w.org\/{rel}","templated":true}]}}