{"id":3045,"date":"2020-12-28T14:56:48","date_gmt":"2020-12-28T13:56:48","guid":{"rendered":"http:\/\/abinox-chr-clim.com\/?page_id=3045"},"modified":"2021-07-11T09:07:56","modified_gmt":"2021-07-11T07:07:56","slug":"inox-sur-mesure","status":"publish","type":"page","link":"https:\/\/abinox-chr-clim.com\/index.php\/inox-sur-mesure\/","title":{"rendered":"Inox sur mesure"},"content":{"rendered":"<div class=\"wpb-content-wrapper\"><p>[vc_row wrap_container=\u00a0\u00bbyes\u00a0\u00bb el_class=\u00a0\u00bbpy-5&Prime;][vc_column][vc_row_inner][vc_column_inner offset=\u00a0\u00bbvc_col-md-6&Prime;][vc_column_text]Besoin d&rsquo;une pi\u00e8ce ou d&rsquo;un \u00e9quipement en inox sur mesure ? ABINOX r\u00e9pond \u00e0 vos besoins avec efficacit\u00e9 et rapidit\u00e9.<\/p>\n<p>Aussi appel\u00e9 inox alimentaire par ses capacit\u00e9s hygi\u00e9niques, l&rsquo;inox est un m\u00e9tal noble qui est beaucoup utilis\u00e9 dans les m\u00e9tiers de bouche comme les restaurants, les bars, les boucheries, et est aussi bien adapt\u00e9 aux murs qu&rsquo;au sols et aux meubles (plan de travail en inox, joints, \u00eelot, plaque inox, \u00e9gouttoir, cuve, hotte inox, plaque de cuisson, table inox, \u00e9tag\u00e8res, plancha, tube en inox, barre en inox, etc.) !<\/p>\n<p>Finition de qualit\u00e9, brillant, inox bross\u00e9 ou inox poli miroir, \u00e9paisseur, longueur et diam\u00e8tres personnalis\u00e9s, t\u00f4les perfor\u00e9es ou non ; nos techniciens ma\u00eetrisent l&rsquo;art de la d\u00e9coupe, du pliage et de la soudure d&rsquo;acier inoxydable afin de vous fournir une fabrication sur mesure 100% fran\u00e7aise de vos pi\u00e8ces en inox et de votre futur plan de travail.[\/vc_column_text]<style>.porto-info-liste4494abff002b943aa847c6902851ae0 i { color: #e8465f;font-size: 14px; }<\/style><ul class=\"porto-info-list mb-4 pb-2 porto-info-liste4494abff002b943aa847c6902851ae0 wpb_custom_605e968d34621e6df4dfcffa2eeb43cc\"><li class=\"porto-info-list-item  wpb_custom_eade0171093a7591372ccf9372738e3d\"><i class=\"porto-info-icon fas fa-check\"><\/i><div class=\"porto-info-list-item-desc\">Fabrication 100% fran\u00e7aise<\/div><\/li><li class=\"porto-info-list-item  wpb_custom_eade0171093a7591372ccf9372738e3d\"><i class=\"porto-info-icon fas fa-check\"><\/i><div class=\"porto-info-list-item-desc\">R\u00e9alisation sur mesure<\/div><\/li><\/ul><div class=\"porto-animation d-flex align-items-center justify-content-start mb-4\"  data-appear-animation=\"fadeIn\" data-appear-animation-delay=\"700\">[vc_custom_heading text=\u00a0\u00bbVotre inox sur mesure<br \/>\nr\u00e9alis\u00e9 pour vos besoins.\u00a0\u00bb font_container=\u00a0\u00bbtag:h5|font_size:1.4em|text_align:left|line_height:1.4&Prime; use_theme_fonts=\u00a0\u00bbyes\u00a0\u00bb font_weight=\u00a0\u00bb700&Prime; skin=\u00a0\u00bbdark\u00a0\u00bb el_class=\u00a0\u00bbml-3 mb-1&Prime;]<\/div>[\/vc_column_inner][vc_column_inner offset=\u00a0\u00bbvc_col-md-6&Prime;][vc_single_image image=\u00a0\u00bb3169&Prime; img_size=\u00a0\u00bbblog-masonry\u00a0\u00bb el_class=\u00a0\u00bbbox-shadow-1 mt-4 mt-lg-0 ml-lg-3 p-3 mb-3&Prime;][\/vc_column_inner][\/vc_row_inner][\/vc_column][\/vc_row][vc_row full_width=\u00a0\u00bbstretch_row_content_no_spaces\u00a0\u00bb el_class=\u00a0\u00bbpx-0&Prime;][vc_column width=\u00a0\u00bb1\/2&Prime; css=\u00a0\u00bb.vc_custom_1591587646002{padding-top: 4.5rem !important;padding-bottom: 4.5rem !important;background-color: #e52f4b !important;}\u00a0\u00bb]<div class=\"porto-ultimate-content-box-container col-half-section mb-0 col-half-section-right\"><style>.porto_ucb_21b6bf01188be9ba0119a2cb5c097588{will-change: box-shadow;box-shadow: none;}.porto_ucb_21b6bf01188be9ba0119a2cb5c097588:hover{box-shadow:none}<\/style><div class=\"porto-ultimate-content-box porto_ucb_21b6bf01188be9ba0119a2cb5c097588\" style=\"\">[vc_custom_heading text=\u00a0\u00bbPr\u00e9cision et qualit\u00e9\u00a0\u00bb font_container=\u00a0\u00bbtag:h5|text_align:left\u00a0\u00bb use_theme_fonts=\u00a0\u00bbyes\u00a0\u00bb font_weight=\u00a0\u00bb600&Prime; skin=\u00a0\u00bblight\u00a0\u00bb letter_spacing=\u00a0\u00bb0&Prime; show_border=\u00a0\u00bbyes\u00a0\u00bb border_skin=\u00a0\u00bblight\u00a0\u00bb border_type=\u00a0\u00bbmiddle-border-reverse\u00a0\u00bb border_size=\u00a0\u00bblg\u00a0\u00bb animation_delay=\u00a0\u00bb100&Prime; el_class=\u00a0\u00bbmb-1&Prime; animation_type=\u00a0\u00bbfadeInLeft\u00a0\u00bb][vc_custom_heading text=\u00a0\u00bbVotre inox sur mesure\u00a0\u00bb font_container=\u00a0\u00bbtag:h2|font_size:2.2em|text_align:left|line_height:1.4&Prime; use_theme_fonts=\u00a0\u00bbyes\u00a0\u00bb skin=\u00a0\u00bblight\u00a0\u00bb animation_delay=\u00a0\u00bb200&Prime; el_class=\u00a0\u00bbmb-1&Prime; animation_type=\u00a0\u00bbfadeInLeft\u00a0\u00bb][vc_column_text]<span style=\"color: #fff; opacity: 0.7;\">Gr\u00e2ce \u00e0 notre savoir-faire, nous composons votre inox alimentaire sur mesure pour tous vos projets &#8211; Fabrication 100% fran\u00e7aise.<\/span><br \/>\n<span style=\"color: #fff; opacity: 0.7;\"><br \/>\nB\u00e9n\u00e9ficiez d&rsquo;une cuisine sur mesure impr\u00e9gn\u00e9e d&rsquo;une protection chimique qui vous offrira une r\u00e9sistance \u00e0 la corrosion.<\/span>[\/vc_column_text]<\/div><\/div>[\/vc_column][vc_column width=\u00a0\u00bb1\/2&Prime; text_align=\u00a0\u00bbright\u00a0\u00bb el_class=\u00a0\u00bbbackground-color-primary\u00a0\u00bb css=\u00a0\u00bb.vc_custom_1609343793896{padding-top: 4.5rem !important;padding-bottom: 4.5rem !important;}\u00a0\u00bb]<div class=\"porto-ultimate-content-box-container col-half-section mb-0\"><style>.porto_ucb_21b6bf01188be9ba0119a2cb5c097588{will-change: box-shadow;box-shadow: none;}.porto_ucb_21b6bf01188be9ba0119a2cb5c097588:hover{box-shadow:none}<\/style><div class=\"porto-ultimate-content-box has-content-pos justify-content-center porto_ucb_21b6bf01188be9ba0119a2cb5c097588\" style=\"\">[vc_custom_heading text=\u00a0\u00bbExp\u00e9riment\u00e9 et reconnu\u00a0\u00bb font_container=\u00a0\u00bbtag:h5|text_align:right\u00a0\u00bb use_theme_fonts=\u00a0\u00bbyes\u00a0\u00bb font_weight=\u00a0\u00bb600&Prime; skin=\u00a0\u00bblight\u00a0\u00bb letter_spacing=\u00a0\u00bb0&Prime; show_border=\u00a0\u00bbyes\u00a0\u00bb border_skin=\u00a0\u00bblight\u00a0\u00bb border_type=\u00a0\u00bbmiddle-border\u00a0\u00bb border_size=\u00a0\u00bblg\u00a0\u00bb animation_delay=\u00a0\u00bb100&Prime; el_class=\u00a0\u00bbmb-1&Prime; animation_type=\u00a0\u00bbfadeInRight\u00a0\u00bb][vc_custom_heading text=\u00a0\u00bbHabilit\u00e9 &amp; certifi\u00e9 socotec\u00a0\u00bb font_container=\u00a0\u00bbtag:h2|font_size:2.2em|text_align:right|line_height:1.4&Prime; use_theme_fonts=\u00a0\u00bbyes\u00a0\u00bb skin=\u00a0\u00bblight\u00a0\u00bb animation_delay=\u00a0\u00bb200&Prime; el_class=\u00a0\u00bbmb-1&Prime; animation_type=\u00a0\u00bbfadeInRight\u00a0\u00bb][vc_column_text]<span style=\"color: #fff; opacity: 0.7;\">Le groupe SOCOTEC est un tiers de confiance ind\u00e9pendant qui a plus de 250\u00a0agr\u00e9ments et accr\u00e9ditations d\u00e9livr\u00e9 apr\u00e8s \u00e9valuation, par diff\u00e9rents minist\u00e8res tel que : le minist\u00e8re l\u2019Int\u00e9rieur et des collectivit\u00e9s territoriales, de l\u2019\u00e9cologie et du d\u00e9veloppement durable, etc\u2026) mais aussi par les autorit\u00e9s de tutelle comme : la s\u00fbret\u00e9 nucl\u00e9aire, EDF, ANFAS, AFNOR, etc\u2026).<\/span><\/p>\n<p><img decoding=\"async\" class=\"alignnone size-full wp-image-2842\" src=\"http:\/\/abinox-chr-clim.com\/wp-content\/uploads\/2020\/12\/logo-socotech-blanc.png\" alt=\"Agr\u00e9\u00e9 socotec\" width=\"100\" height=\"80\" \/>[\/vc_column_text]<\/div><\/div>[\/vc_column][\/vc_row][vc_row content_placement=\u00a0\u00bbmiddle\u00a0\u00bb wrap_container=\u00a0\u00bbyes\u00a0\u00bb el_class=\u00a0\u00bbpy-5 mt-3&Prime;][vc_column el_class=\u00a0\u00bbpb-4 pb-lg-0&Prime; offset=\u00a0\u00bbvc_col-md-5&Prime;][vc_single_image image=\u00a0\u00bb3168&Prime; img_size=\u00a0\u00bbblog-masonry\u00a0\u00bb el_class=\u00a0\u00bbp-3 box-shadow-1 mb-3 mr-lg-3&Prime;][\/vc_column][vc_column offset=\u00a0\u00bbvc_col-md-7&Prime;][vc_column_text]R\u00e9alis\u00e9 votre cuisine professionnelle dont le fa\u00e7onnage aura \u00e9t\u00e9 con\u00e7u sur mesure pour vos besoins.<\/p>\n<p>Nos r\u00e9alisations sont destin\u00e9es aux particuliers et professionnels.<\/p>\n<p>Nous vous proposons donc de vous accompagner pour vos projets afin d&#8217;embellir et de s\u00e9curiser vos surfaces avec des rev\u00eatements inox alimentaires sur mesure ou standard suivant vos besoins et votre budget.<\/p>\n<p>Nos techniciens r\u00e9aliseront les pi\u00e8ces inox sur mesure dans nos ateliers dont l&rsquo;utilisation est parfaite en int\u00e9rieur et ext\u00e9rieur, et cela dans les meilleurs d\u00e9lais, afin que vous puissiez r\u00e9aliser vos objectifs au plus vite.[\/vc_column_text][\/vc_column][\/vc_row][vc_row full_width=\u00a0\u00bbstretch_row_content_no_spaces\u00a0\u00bb content_placement=\u00a0\u00bbmiddle\u00a0\u00bb wrap_container=\u00a0\u00bbyes\u00a0\u00bb is_section=\u00a0\u00bbyes\u00a0\u00bb section_skin=\u00a0\u00bbsecondary\u00a0\u00bb remove_margin_top=\u00a0\u00bbyes\u00a0\u00bb remove_margin_bottom=\u00a0\u00bbyes\u00a0\u00bb remove_border=\u00a0\u00bbyes\u00a0\u00bb css=\u00a0\u00bb.vc_custom_1609343749621{padding-top: 70px !important;padding-bottom: 70px !important;}\u00a0\u00bb][vc_column offset=\u00a0\u00bbvc_col-lg-5&Prime;][vc_custom_heading text=\u00a0\u00bbOpter pour notre service clef en main\u00a0\u00bb font_container=\u00a0\u00bbtag:h5|text_align:left|line_height:1.6&Prime; use_theme_fonts=\u00a0\u00bbyes\u00a0\u00bb text_transform=\u00a0\u00bbtext-uppercase\u00a0\u00bb font_weight=\u00a0\u00bb600&Prime; skin=\u00a0\u00bblight\u00a0\u00bb letter_spacing=\u00a0\u00bb0&Prime; show_border=\u00a0\u00bbyes\u00a0\u00bb border_skin=\u00a0\u00bbprimary\u00a0\u00bb border_type=\u00a0\u00bbmiddle-border-reverse\u00a0\u00bb border_size=\u00a0\u00bblg\u00a0\u00bb animation_delay=\u00a0\u00bb300&Prime; animation_type=\u00a0\u00bbfadeInLeft\u00a0\u00bb el_class=\u00a0\u00bbmb-1&Prime;][vc_custom_heading text=\u00a0\u00bbConfiez-nous votre projet<br \/>\non s\u2019occupe de tout.\u00a0\u00bb font_container=\u00a0\u00bbtag:h2|font_size:2.2em|text_align:left|line_height:1.4&Prime; use_theme_fonts=\u00a0\u00bbyes\u00a0\u00bb skin=\u00a0\u00bblight\u00a0\u00bb animation_delay=\u00a0\u00bb400&Prime; el_class=\u00a0\u00bbmb-1&Prime; animation_type=\u00a0\u00bbfadeInLeft\u00a0\u00bb][\/vc_column][vc_column offset=\u00a0\u00bbvc_col-lg-offset-1 vc_col-lg-6&Prime; el_class=\u00a0\u00bbtext-xl-right\u00a0\u00bb]<div class=\"porto-animation d-inline-block v-middle\"  data-appear-animation=\"fadeInRight\" data-appear-animation-delay=\"700\"><div class=\"porto-sicon-box mb-0 mr-4 pr-2 py-3  wpb_custom_1efe903570d178ff0a9b7bfa5febd3a4 style_1 default-icon\"><div class=\"porto-sicon-default\"><div class=\"porto-just-icon-wrapper porto-sicon-img  porto-icon-e3e40fb8c88328cee291575adca205d9\" style=\"background:#dde2ea;padding:15px;border-radius:24px;font-size: 18px;\"><img decoding=\"async\" class=\"img-icon\" alt=\"\" src=\"\/\/sw-themes.com\/porto_dummy\/wp-content\/uploads\/images\/business-consulting-2\/icons\/phone.svg\" width=\"18\" height=\"18\" \/><\/div><\/div><div class=\"porto-sicon-header\"><a class=\"porto-sicon-box-link\" href=\"#\"><h4 class=\"porto-sicon-title\" style=\"font-weight:600;font-size:1.2em;line-height:1.2;letter-spacing:0;\">06 14 05 66 06<\/h4><\/a><\/div> <!-- header --><\/div><!-- porto-sicon-box --><\/div>[vc_btn title=\u00a0\u00bbJe contacte ABINOX\u00a0\u00bb style=\u00a0\u00bbmodern\u00a0\u00bb size=\u00a0\u00bblg\u00a0\u00bb skin=\u00a0\u00bbprimary\u00a0\u00bb animation_delay=\u00a0\u00bb900&Prime; link=\u00a0\u00bburl:http%3A%2F%2Fabinox-chr-clim.com%2Findex.php%2Fcontact%2F|title:Nous%20contacter\u00a0\u00bb el_class=\u00a0\u00bbmb-0 v-middle\u00a0\u00bb animation_type=\u00a0\u00bbfadeInRight\u00a0\u00bb][\/vc_column][\/vc_row]<\/p>\n<\/div>","protected":false},"excerpt":{"rendered":"<p>[vc_row wrap_container=\u00a0\u00bbyes\u00a0\u00bb el_class=\u00a0\u00bbpy-5&Prime;][vc_column][vc_row_inner][vc_column_inner offset=\u00a0\u00bbvc_col-md-6&Prime;][vc_column_text]Besoin d&rsquo;une pi\u00e8ce ou d&rsquo;un \u00e9quipement en inox sur mesure ? ABINOX r\u00e9pond \u00e0 vos besoins avec efficacit\u00e9 et rapidit\u00e9. Aussi appel\u00e9 inox alimentaire par ses capacit\u00e9s hygi\u00e9niques, l&rsquo;inox est un m\u00e9tal noble qui est beaucoup utilis\u00e9 dans les m\u00e9tiers de bouche comme les restaurants, les bars, les boucheries, et est aussi [&hellip;]<\/p>\n","protected":false},"author":7,"featured_media":0,"parent":0,"menu_order":0,"comment_status":"closed","ping_status":"closed","template":"","meta":{"footnotes":""},"class_list":["post-3045","page","type-page","status-publish","hentry"],"_links":{"self":[{"href":"https:\/\/abinox-chr-clim.com\/index.php\/wp-json\/wp\/v2\/pages\/3045","targetHints":{"allow":["GET"]}}],"collection":[{"href":"https:\/\/abinox-chr-clim.com\/index.php\/wp-json\/wp\/v2\/pages"}],"about":[{"href":"https:\/\/abinox-chr-clim.com\/index.php\/wp-json\/wp\/v2\/types\/page"}],"author":[{"embeddable":true,"href":"https:\/\/abinox-chr-clim.com\/index.php\/wp-json\/wp\/v2\/users\/7"}],"replies":[{"embeddable":true,"href":"https:\/\/abinox-chr-clim.com\/index.php\/wp-json\/wp\/v2\/comments?post=3045"}],"version-history":[{"count":0,"href":"https:\/\/abinox-chr-clim.com\/index.php\/wp-json\/wp\/v2\/pages\/3045\/revisions"}],"wp:attachment":[{"href":"https:\/\/abinox-chr-clim.com\/index.php\/wp-json\/wp\/v2\/media?parent=3045"}],"curies":[{"name":"wp","href":"https:\/\/api.w.org\/{rel}","templated":true}]}}