{"id":2595,"date":"2020-12-10T18:28:26","date_gmt":"2020-12-10T17:28:26","guid":{"rendered":"http:\/\/abinox-chr-clim.com\/?page_id=2595"},"modified":"2021-01-26T17:15:35","modified_gmt":"2021-01-26T16:15:35","slug":"installer-materiel-de-cuisine-professionnel","status":"publish","type":"page","link":"https:\/\/abinox-chr-clim.com\/index.php\/installer-materiel-de-cuisine-professionnel\/","title":{"rendered":"Installer un mat\u00e9riel de cuisine professionnel"},"content":{"rendered":"<div class=\"wpb-content-wrapper\"><p>[vc_row wrap_container=\u00a0\u00bbyes\u00a0\u00bb el_class=\u00a0\u00bbpy-5&Prime;][vc_column][vc_column_text]Conception 3D pour projeter le projet &#8211; Plan d\u2019am\u00e9nagement adapt\u00e9 au besoin et aux normes &#8211; Devis d\u00e9taill\u00e9 par corps d\u2019\u00c9tat. L\u2019<b>installer un mat\u00e9riel de cuisine professionnel<\/b> n\u00e9cessite des connaissances dans plusieurs domaines, aussi bien dans la conception 3D que dans les domaines technique de fonctionnement d\u2019une part et d\u2019utilisation des appareils dans un environnement donn\u00e9 d\u2019autre part. C\u2019est pour cela que nous vous proposant d\u2019imaginer et de r\u00e9aliser avec vous votre projet de cuisine adapt\u00e9 \u00e0 vos besoins et suivant vos envies tout en respectant les normes en vigueurs.[\/vc_column_text][vc_row_inner][vc_column_inner width=\u00a0\u00bb1\/2&Prime; offset=\u00a0\u00bbvc_col-md -6&Prime;]<style>.porto-info-liste4494abff002b943aa847c6902851ae0 i { color: #e8465f;font-size: 14px; }<\/style><ul class=\"porto-info-list mb-4 pb-2 porto-info-liste4494abff002b943aa847c6902851ae0 wpb_custom_605e968d34621e6df4dfcffa2eeb43cc\"><li class=\"porto-info-list-item  wpb_custom_eade0171093a7591372ccf9372738e3d\"><i class=\"porto-info-icon fas fa-check\"><\/i><div class=\"porto-info-list-item-desc\">Vente et installation de mat\u00e9riel de restauration<\/div><\/li><li class=\"porto-info-list-item  wpb_custom_eade0171093a7591372ccf9372738e3d\"><i class=\"porto-info-icon fas fa-check\"><\/i><div class=\"porto-info-list-item-desc\">Solution sur mesure<\/div><\/li><li class=\"porto-info-list-item  wpb_custom_eade0171093a7591372ccf9372738e3d\"><i class=\"porto-info-icon fas fa-check\"><\/i><div class=\"porto-info-list-item-desc\">SAV de qualit\u00e9<\/div><\/li><\/ul><div class=\"porto-animation d-flex align-items-center justify-content-start mb-4\"  data-appear-animation=\"fadeIn\" data-appear-animation-delay=\"700\">[vc_custom_heading text=\u00a0\u00bbEspace optimis\u00e9,<br \/>\nProduit performant et de haute qualit\u00e9.\u00a0\u00bb font_container=\u00a0\u00bbtag:h5|font_size:1.4em|text_align:left|line_height:1.4&Prime; use_theme_fonts=\u00a0\u00bbyes\u00a0\u00bb font_weight=\u00a0\u00bb700&Prime; skin=\u00a0\u00bbdark\u00a0\u00bb el_class=\u00a0\u00bbml-3 mb-1&Prime;]<\/div>[\/vc_column_inner][vc_column_inner width=\u00a0\u00bb1\/2&Prime; offset=\u00a0\u00bbvc_col-md-6&Prime;][vc_single_image image=\u00a0\u00bb2873&Prime; img_size=\u00a0\u00bbblog-masonry\u00a0\u00bb el_class=\u00a0\u00bbbox-shadow-1 mt-4 mt-lg-0 ml-lg-3 p-3 mb-3&Prime;][\/vc_column_inner][\/vc_row_inner][\/vc_column][\/vc_row][vc_row full_width=\u00a0\u00bbstretch_row_content_no_spaces\u00a0\u00bb el_class=\u00a0\u00bbpx-0&Prime;][vc_column width=\u00a0\u00bb1\/2&Prime; text_align=\u00a0\u00bbleft\u00a0\u00bb css=\u00a0\u00bb.vc_custom_1607859969499{padding-top: 4.5rem !important;padding-bottom: 4.5rem !important;background-color: #e52f4b !important;}\u00a0\u00bb]<div class=\"porto-ultimate-content-box-container col-half-section mb-0 col-half-section-right\"><style>.porto_ucb_21b6bf01188be9ba0119a2cb5c097588{will-change: box-shadow;box-shadow: none;}.porto_ucb_21b6bf01188be9ba0119a2cb5c097588:hover{box-shadow:none}<\/style><div class=\"porto-ultimate-content-box porto_ucb_21b6bf01188be9ba0119a2cb5c097588\" style=\"\">[vc_custom_heading text=\u00a0\u00bbAccompagnement personnalis\u00e9\u00a0\u00bb font_container=\u00a0\u00bbtag:h5|text_align:left\u00a0\u00bb use_theme_fonts=\u00a0\u00bbyes\u00a0\u00bb skin=\u00a0\u00bblight\u00a0\u00bb show_border=\u00a0\u00bbyes\u00a0\u00bb border_skin=\u00a0\u00bblight\u00a0\u00bb border_type=\u00a0\u00bbmiddle-border-reverse\u00a0\u00bb border_size=\u00a0\u00bblg\u00a0\u00bb animation_delay=\u00a0\u00bb200&Prime; el_class=\u00a0\u00bbmb-1&Prime; animation_type=\u00a0\u00bbfadeInLeft\u00a0\u00bb css=\u00a0\u00bb.vc_custom_1607872924681{padding-left: 10px !important;}\u00a0\u00bb][vc_custom_heading text=\u00a0\u00bbDurabilit\u00e9 des installations\u00a0\u00bb font_container=\u00a0\u00bbtag:h2|font_size:2.2em|text_align:left|line_height:1.4&Prime; use_theme_fonts=\u00a0\u00bbyes\u00a0\u00bb skin=\u00a0\u00bblight\u00a0\u00bb animation_delay=\u00a0\u00bb200&Prime; el_class=\u00a0\u00bbmb-1&Prime; animation_type=\u00a0\u00bbfadeInLeft\u00a0\u00bb css=\u00a0\u00bb.vc_custom_1607856964383{padding-left: 10px !important;}\u00a0\u00bb][vc_column_text]<span style=\"color: #fff; opacity: 0.7;\">Vous d\u00e9marrer un projet et vous souhaitez d&rsquo;installer un mat\u00e9riel de cuisine professionnel ? Nos techniciens qualifi\u00e9s connaissent les besoins et les contraintes de votre m\u00e9tier et vous accompagne pour anticiper votre \u00e9volution.<\/span>[\/vc_column_text]<\/div><\/div>[\/vc_column][vc_column width=\u00a0\u00bb1\/2&Prime; text_align=\u00a0\u00bbright\u00a0\u00bb el_class=\u00a0\u00bbbackground-color-primary\u00a0\u00bb css=\u00a0\u00bb.vc_custom_1607620685644{padding-top: 4.5rem !important;padding-bottom: 4.5rem !important;}\u00a0\u00bb]<div class=\"porto-ultimate-content-box-container col-half-section mb-0\"><style>.porto_ucb_21b6bf01188be9ba0119a2cb5c097588{will-change: box-shadow;box-shadow: none;}.porto_ucb_21b6bf01188be9ba0119a2cb5c097588:hover{box-shadow:none}<\/style><div class=\"porto-ultimate-content-box porto_ucb_21b6bf01188be9ba0119a2cb5c097588\" style=\"\">[vc_custom_heading text=\u00a0\u00bbExp\u00e9riment\u00e9 et reconnu\u00a0\u00bb font_container=\u00a0\u00bbtag:h5|text_align:right\u00a0\u00bb use_theme_fonts=\u00a0\u00bbyes\u00a0\u00bb font_weight=\u00a0\u00bb600&Prime; skin=\u00a0\u00bblight\u00a0\u00bb letter_spacing=\u00a0\u00bb0&Prime; show_border=\u00a0\u00bbyes\u00a0\u00bb border_skin=\u00a0\u00bblight\u00a0\u00bb border_type=\u00a0\u00bbmiddle-border\u00a0\u00bb border_size=\u00a0\u00bblg\u00a0\u00bb animation_delay=\u00a0\u00bb100&Prime; el_class=\u00a0\u00bbmb-1&Prime; animation_type=\u00a0\u00bbfadeInRight\u00a0\u00bb css=\u00a0\u00bb.vc_custom_1607872868834{padding-left: 10px !important;}\u00a0\u00bb][vc_custom_heading text=\u00a0\u00bbTechnicien habilit\u00e9 &amp; certifi\u00e9\u00a0\u00bb font_container=\u00a0\u00bbtag:h2|font_size:2.2em|text_align:right|line_height:1.4&Prime; use_theme_fonts=\u00a0\u00bbyes\u00a0\u00bb skin=\u00a0\u00bblight\u00a0\u00bb animation_delay=\u00a0\u00bb200&Prime; el_class=\u00a0\u00bbmb-1&Prime; animation_type=\u00a0\u00bbfadeInRight\u00a0\u00bb css=\u00a0\u00bb.vc_custom_1607856854623{padding-left: 10px !important;}\u00a0\u00bb][vc_column_text css_animation=\u00a0\u00bbfadeInRight\u00a0\u00bb]<span style=\"color: #fff; opacity: 0.7;\">Le groupe SOCOTEC est un tiers de confiance ind\u00e9pendant qui a plus de 250 agr\u00e9ments et accr\u00e9ditations d\u00e9livr\u00e9 apr\u00e8s \u00e9valuation, par diff\u00e9rents minist\u00e8res tel que : le minist\u00e8re l\u2019Int\u00e9rieur et des collectivit\u00e9s territoriales, de l\u2019\u00e9cologie et du d\u00e9veloppement durable, etc\u2026) mais aussi par les autorit\u00e9s de tutelle comme : la s\u00fbret\u00e9 nucl\u00e9aire, EDF, ANFAS, AFNOR, etc\u2026).<\/span><\/p>\n<p><img decoding=\"async\" class=\"alignnone size-full wp-image-2842\" src=\"http:\/\/abinox-chr-clim.com\/wp-content\/uploads\/2020\/12\/logo-socotech-blanc.png\" alt=\"Agr\u00e9\u00e9 socotec\" width=\"100\" height=\"80\" \/>[\/vc_column_text]<\/div><\/div>[\/vc_column][\/vc_row][vc_row content_placement=\u00a0\u00bbmiddle\u00a0\u00bb wrap_container=\u00a0\u00bbyes\u00a0\u00bb el_class=\u00a0\u00bbpy-5 mt-3&Prime;][vc_column el_class=\u00a0\u00bbpb-4 pb-lg-0&Prime; offset=\u00a0\u00bbvc_col-md-5&Prime;][vc_single_image image=\u00a0\u00bb2622&Prime; img_size=\u00a0\u00bbblog-masonry\u00a0\u00bb el_class=\u00a0\u00bbp-3 box-shadow-1 mb-3 mr-lg-3&Prime; label=\u00a0\u00bb\u00a0\u00bb][\/vc_column][vc_column offset=\u00a0\u00bbvc_col-md-7&Prime;][vc_custom_heading text=\u00a0\u00bbQualit\u00e9 &amp; satisfaction\u00a0\u00bb font_container=\u00a0\u00bbtag:h5|font_size:1.2em|text_align:left|line_height:1.9&Prime; use_theme_fonts=\u00a0\u00bbyes\u00a0\u00bb animation_delay=\u00a0\u00bb100&Prime; animation_type=\u00a0\u00bbfadeIn\u00a0\u00bb][vc_column_text]Tous les mat\u00e9riaux de votre chantier sont s\u00e9lectionn\u00e9s et achet\u00e9s par nos \u00e9quipes selon les normes en vigueur. Nous vous garantissons une qualit\u00e9 de l&rsquo;ensemble des finitions avec du mat\u00e9riel de qualit\u00e9.<\/p>\n<p>De plus, nous disposons d&rsquo;une large gamme de produits de mat\u00e9riel professionnel de cuisine : table inox, r\u00e9frig\u00e9rateur, fours, friteuse, hotte, plancha, accessoires de cuisine ainsi que des produits de d\u00e9sinfection id\u00e9ale et utile pour cette p\u00e9riode de Covid et cela pour un tr\u00e8s bon rapport qualit\u00e9-prix. Destin\u00e9 pour les grandes cuisines, snack, pizzeria, bars, boucherie, h\u00f4tellerie, collectivit\u00e9, ABINOX \u00e0 le mat\u00e9riel et le savoir-faire qu&rsquo;il vous faut.<\/p>\n<p>ABINOX est l\u00e0 pour vous accompagner dans la conception de votre projet et <b>l&rsquo;installation de votre \u00e9quipement CHR<\/b>.[\/vc_column_text][\/vc_column][\/vc_row][vc_row full_width=\u00a0\u00bbstretch_row_content_no_spaces\u00a0\u00bb content_placement=\u00a0\u00bbmiddle\u00a0\u00bb wrap_container=\u00a0\u00bbyes\u00a0\u00bb is_section=\u00a0\u00bbyes\u00a0\u00bb section_skin=\u00a0\u00bbsecondary\u00a0\u00bb remove_margin_top=\u00a0\u00bbyes\u00a0\u00bb remove_margin_bottom=\u00a0\u00bbyes\u00a0\u00bb remove_border=\u00a0\u00bbyes\u00a0\u00bb css=\u00a0\u00bb.vc_custom_1607620477847{padding-top: 70px !important;padding-bottom: 70px !important;}\u00a0\u00bb][vc_column offset=\u00a0\u00bbvc_col-lg-5&Prime;][vc_custom_heading text=\u00a0\u00bbOpter pour notre service clef en main\u00a0\u00bb font_container=\u00a0\u00bbtag:h5|text_align:left|line_height:1.6&Prime; use_theme_fonts=\u00a0\u00bbyes\u00a0\u00bb text_transform=\u00a0\u00bbtext-uppercase\u00a0\u00bb font_weight=\u00a0\u00bb600&Prime; skin=\u00a0\u00bblight\u00a0\u00bb letter_spacing=\u00a0\u00bb0&Prime; show_border=\u00a0\u00bbyes\u00a0\u00bb border_skin=\u00a0\u00bbprimary\u00a0\u00bb border_type=\u00a0\u00bbmiddle-border-reverse\u00a0\u00bb border_size=\u00a0\u00bblg\u00a0\u00bb animation_delay=\u00a0\u00bb300&Prime; animation_type=\u00a0\u00bbfadeInLeft\u00a0\u00bb el_class=\u00a0\u00bbmb-1&Prime; css=\u00a0\u00bb.vc_custom_1608198287763{padding-left: 10px !important;}\u00a0\u00bb][vc_custom_heading text=\u00a0\u00bbConfiez-nous votre projet.<br \/>\nOn s\u2019occupe de tout.\u00a0\u00bb font_container=\u00a0\u00bbtag:h2|font_size:2.2em|text_align:left|line_height:1.4&Prime; use_theme_fonts=\u00a0\u00bbyes\u00a0\u00bb skin=\u00a0\u00bblight\u00a0\u00bb animation_delay=\u00a0\u00bb400&Prime; el_class=\u00a0\u00bbmb-1&Prime; animation_type=\u00a0\u00bbfadeInLeft\u00a0\u00bb css=\u00a0\u00bb.vc_custom_1608198340349{padding-left: 10px !important;}\u00a0\u00bb][\/vc_column][vc_column offset=\u00a0\u00bbvc_col-lg-offset-1 vc_col-lg-6&Prime; el_class=\u00a0\u00bbtext-xl-right\u00a0\u00bb]<div class=\"porto-animation d-inline-block v-middle\"  data-appear-animation=\"fadeInRight\" data-appear-animation-delay=\"700\"><div class=\"porto-sicon-box mb-0 mr-4 pr-2 py-3  wpb_custom_1efe903570d178ff0a9b7bfa5febd3a4 style_1 default-icon\"><div class=\"porto-sicon-default\"><div class=\"porto-just-icon-wrapper porto-sicon-img  porto-icon-e3e40fb8c88328cee291575adca205d9\" style=\"background:#dde2ea;padding:15px;border-radius:24px;font-size: 18px;\"><img decoding=\"async\" class=\"img-icon\" alt=\"\" src=\"\/\/sw-themes.com\/porto_dummy\/wp-content\/uploads\/images\/business-consulting-2\/icons\/phone.svg\" width=\"18\" height=\"18\" \/><\/div><\/div><div class=\"porto-sicon-header\"><a class=\"porto-sicon-box-link\" href=\"#\"><h4 class=\"porto-sicon-title\" style=\"font-weight:600;font-size:1.2em;line-height:1.2;letter-spacing:0;\">06 14 05 66 06<\/h4><\/a><\/div> <!-- header --><\/div><!-- porto-sicon-box --><\/div>[vc_btn title=\u00a0\u00bbJe contacte ABINOX\u00a0\u00bb style=\u00a0\u00bbmodern\u00a0\u00bb skin=\u00a0\u00bbprimary\u00a0\u00bb animation_delay=\u00a0\u00bb900&Prime; link=\u00a0\u00bburl:http%3A%2F%2Fabinox-chr-clim.com%2Findex.php%2Fcontact%2F\u00a0\u00bb el_class=\u00a0\u00bbmb-0 v-middle\u00a0\u00bb animation_type=\u00a0\u00bbfadeInRight\u00a0\u00bb][\/vc_column][\/vc_row]<\/p>\n<\/div>","protected":false},"excerpt":{"rendered":"<p>[vc_row wrap_container=\u00a0\u00bbyes\u00a0\u00bb el_class=\u00a0\u00bbpy-5&Prime;][vc_column][vc_column_text]Conception 3D pour projeter le projet &#8211; Plan d\u2019am\u00e9nagement adapt\u00e9 au besoin et aux normes &#8211; Devis d\u00e9taill\u00e9 par corps d\u2019\u00c9tat. L\u2019installer un mat\u00e9riel de cuisine professionnel n\u00e9cessite des connaissances dans plusieurs domaines, aussi bien dans la conception 3D que dans les domaines technique de fonctionnement d\u2019une part et d\u2019utilisation des appareils dans [&hellip;]<\/p>\n","protected":false},"author":7,"featured_media":0,"parent":0,"menu_order":0,"comment_status":"closed","ping_status":"closed","template":"","meta":{"footnotes":""},"class_list":["post-2595","page","type-page","status-publish","hentry"],"_links":{"self":[{"href":"https:\/\/abinox-chr-clim.com\/index.php\/wp-json\/wp\/v2\/pages\/2595","targetHints":{"allow":["GET"]}}],"collection":[{"href":"https:\/\/abinox-chr-clim.com\/index.php\/wp-json\/wp\/v2\/pages"}],"about":[{"href":"https:\/\/abinox-chr-clim.com\/index.php\/wp-json\/wp\/v2\/types\/page"}],"author":[{"embeddable":true,"href":"https:\/\/abinox-chr-clim.com\/index.php\/wp-json\/wp\/v2\/users\/7"}],"replies":[{"embeddable":true,"href":"https:\/\/abinox-chr-clim.com\/index.php\/wp-json\/wp\/v2\/comments?post=2595"}],"version-history":[{"count":0,"href":"https:\/\/abinox-chr-clim.com\/index.php\/wp-json\/wp\/v2\/pages\/2595\/revisions"}],"wp:attachment":[{"href":"https:\/\/abinox-chr-clim.com\/index.php\/wp-json\/wp\/v2\/media?parent=2595"}],"curies":[{"name":"wp","href":"https:\/\/api.w.org\/{rel}","templated":true}]}}