{"id":11,"date":"2020-11-29T21:58:11","date_gmt":"2020-11-29T20:58:11","guid":{"rendered":"http:\/\/abinox-chr-clim.com\/?page_id=11"},"modified":"2021-01-13T11:56:51","modified_gmt":"2021-01-13T10:56:51","slug":"a-propos","status":"publish","type":"page","link":"https:\/\/abinox-chr-clim.com\/index.php\/a-propos\/","title":{"rendered":"Qui sommes-nous ?"},"content":{"rendered":"<div class=\"wpb-content-wrapper\"><p>[vc_row wrap_container=\u00a0\u00bbyes\u00a0\u00bb el_class=\u00a0\u00bbpt-5 pb-4&Prime;][vc_column][vc_custom_heading text=\u00a0\u00bbVotre expert de confiance CHR et climatisation\u00a0\u00bb use_theme_fonts=\u00a0\u00bbyes\u00a0\u00bb][\/vc_column][\/vc_row][vc_row wrap_container=\u00a0\u00bbyes\u00a0\u00bb el_class=\u00a0\u00bbcustom-info-boxes mb-5 pb-lg-4 position-relative z-index-1&Prime;][vc_column animation_delay=\u00a0\u00bb500&Prime; offset=\u00a0\u00bbvc_col-lg-4 vc_col-md-6&Prime; el_class=\u00a0\u00bbmb-4 mb-xl-0 pb-2 pb-xl-0&Prime; animation_type=\u00a0\u00bbfadeInRight\u00a0\u00bb]<div class=\"porto-sicon-box p-5 mb-0 background-color-light box-shadow-1 h-100  wpb_custom_1efe903570d178ff0a9b7bfa5febd3a4 style_1 top-icon\"><div class=\"porto-sicon-top\"><div class=\"porto-just-icon-wrapper porto-sicon-img  porto-icon-9f5d1cfb45d27d96b50bf473aebba227\" style=\"font-size: 91px;\"><img decoding=\"async\" class=\"img-icon\" alt=\"Picto r\u00e9paration\" src=\"https:\/\/abinox-chr-clim.com\/wp-content\/uploads\/2020\/12\/picto-reparation-clim.png\" width=\"91\" height=\"98\" \/><\/div><\/div><div class=\"porto-sicon-header\"><h3 class=\"porto-sicon-title\" style=\"font-weight:700;font-size:1.5rem;line-height:1.5;\">D\u00c9PANNAGE<\/h3><\/div> <!-- header --><div class=\"porto-sicon-description\" style=\"\">Votre syst\u00e8me de climatisation ou votre mat\u00e9riel de cuisine est en panne ou d\u00e9fectueux ?<\/p>\n<p>Faites appel \u00e0 un <strong>professionnel sp\u00e9cialis\u00e9<\/strong> dans la <strong>r\u00e9paration<\/strong> des syst\u00e8mes de climatisation et de l&rsquo;\u00e9quipement CHR.<\/div> <!-- description --><\/div><!-- porto-sicon-box -->[\/vc_column][vc_column animation_delay=\u00a0\u00bb200&Prime; offset=\u00a0\u00bbvc_col-lg-4 vc_col-md-6&Prime; el_class=\u00a0\u00bbmb-4 mb-xl-0 pb-2 pb-xl-0&Prime; animation_type=\u00a0\u00bbzoomIn\u00a0\u00bb]<div class=\"porto-sicon-box p-5 mb-0 background-color-light box-shadow-1 h-100  wpb_custom_1efe903570d178ff0a9b7bfa5febd3a4 style_1 top-icon\"><div class=\"porto-sicon-top\"><div class=\"porto-just-icon-wrapper porto-sicon-img  porto-icon-9f5d1cfb45d27d96b50bf473aebba227\" style=\"font-size: 106px;\"><img decoding=\"async\" class=\"img-icon\" alt=\"\" src=\"https:\/\/abinox-chr-clim.com\/wp-content\/uploads\/2020\/12\/picto-installation-clim-1.png\" width=\"91\" height=\"98\" \/><\/div><\/div><div class=\"porto-sicon-header\"><h3 class=\"porto-sicon-title\" style=\"font-weight:700;font-size:1.5rem;line-height:1.5;\">INSTALLATION<\/h3><\/div> <!-- header --><div class=\"porto-sicon-description\" style=\"\">L\u2019installation d\u2019une climatisation ou d&rsquo;un mat\u00e9riel de cuisine professionnel, n\u00e9cessite de faire appel \u00e0<strong> un installateur qualifi\u00e9<\/strong>.\u00a0Habilit\u00e9 et certifi\u00e9 <strong>socotec<\/strong> nous mettons en oeuvre toute notre expertise dans la r\u00e9alisation de votre projet.<\/div> <!-- description --><\/div><!-- porto-sicon-box -->[\/vc_column][vc_column animation_delay=\u00a0\u00bb500&Prime; offset=\u00a0\u00bbvc_col-lg-4 vc_col-md-6&Prime; el_class=\u00a0\u00bbmb-4 mb-xl-0 pb-2 pb-xl-0&Prime; animation_type=\u00a0\u00bbfadeInLeft\u00a0\u00bb]<div class=\"porto-sicon-box p-5 mb-0 background-color-light box-shadow-1 h-100  wpb_custom_1efe903570d178ff0a9b7bfa5febd3a4 style_1 top-icon\"><div class=\"porto-sicon-top\"><div class=\"porto-just-icon-wrapper porto-sicon-img  porto-icon-9f5d1cfb45d27d96b50bf473aebba227\" style=\"font-size: 104px;\"><img decoding=\"async\" class=\"img-icon\" alt=\"Picto entretien\" src=\"https:\/\/abinox-chr-clim.com\/wp-content\/uploads\/2020\/12\/picto-entretien-clim.png\" width=\"113\" height=\"98\" \/><\/div><\/div><div class=\"porto-sicon-header\"><h3 class=\"porto-sicon-title\" style=\"font-weight:700;font-size:1.5rem;line-height:1.5;\">ENTRETIEN<\/h3><\/div> <!-- header --><div class=\"porto-sicon-description\" style=\"\">L\u2019entretien d\u2019un mat\u00e9riel de cuisine CHR ou d&rsquo;un climatiseur est indispensable pour <strong>garantir son bon fonctionnement et sa long\u00e9vit\u00e9<\/strong> tout au long de son utilisation.<\/p>\n<p>Ainsi, rien de mieux que de faire appel \u00e0 une entreprise professionnelle pour sa maintenance !<\/div> <!-- description --><\/div><!-- porto-sicon-box -->[\/vc_column][\/vc_row][vc_row content_placement=\u00a0\u00bbmiddle\u00a0\u00bb el_class=\u00a0\u00bbpx-0 pb-md-2&Prime;][vc_column animation_delay=\u00a0\u00bb100&Prime; offset=\u00a0\u00bbvc_col-md-6&Prime; css=\u00a0\u00bb.vc_custom_1609277307489{padding-top: 33vh !important;padding-bottom: 33vh !important;background-image: url(http:\/\/abinox-chr-clim.com\/wp-content\/uploads\/2020\/12\/competence-abinox-1.jpg?id=3050) !important;background-position: center !important;background-repeat: no-repeat !important;background-size: cover !important;}\u00a0\u00bb el_class=\u00a0\u00bbsection-right-triangle\u00a0\u00bb animation_type=\u00a0\u00bbfadeIn\u00a0\u00bb][\/vc_column][vc_column offset=\u00a0\u00bbvc_col-md-6&Prime; el_class=\u00a0\u00bbcol-half-section col-fullwidth-md py-5 px-4 px-md-3&Prime;][vc_custom_heading text=\u00a0\u00bbQui sommes-nous ?\u00a0\u00bb font_container=\u00a0\u00bbtag:p|text_align:left\u00a0\u00bb use_theme_fonts=\u00a0\u00bbyes\u00a0\u00bb animation_delay=\u00a0\u00bb100&Prime; el_class=\u00a0\u00bbmb-0&Prime; animation_type=\u00a0\u00bbfadeInUp\u00a0\u00bb][vc_custom_heading text=\u00a0\u00bbSoci\u00e9t\u00e9 ABINOX\u00a0\u00bb font_container=\u00a0\u00bbtag:h3|font_size:1.8em|text_align:left|line_height:1&Prime; use_theme_fonts=\u00a0\u00bbyes\u00a0\u00bb text_transform=\u00a0\u00bbtext-capitalize\u00a0\u00bb animation_delay=\u00a0\u00bb200&Prime; el_class=\u00a0\u00bbmb-2&Prime; animation_type=\u00a0\u00bbfadeInUp\u00a0\u00bb][vc_custom_heading text=\u00a0\u00bb\u00c9quipement CHR (collectivit\u00e9 h\u00f4tellerie restauration)\u00a0\u00bb font_container=\u00a0\u00bbtag:h5|text_align:left\u00a0\u00bb use_theme_fonts=\u00a0\u00bbyes\u00a0\u00bb font_weight=\u00a0\u00bb600&Prime; animation_delay=\u00a0\u00bb300&Prime; animation_type=\u00a0\u00bbfadeInUp\u00a0\u00bb][vc_custom_heading text=\u00a0\u00bbSolide d\u2019une exp\u00e9rience de plus de 21 ans dans les m\u00e9tiers du d\u00e9pannage et de l\u2019installation de cuisine professionnelle. Notre \u00e9quipe certifi\u00e9 socotec vous accompagne dans diff\u00e9rents domaines tel que : la conception, le d\u00e9pannage, l\u2019installation et l\u2019entretien d\u2019\u00e9quipement de collectivit\u00e9, h\u00f4tellerie et restauration.\u00a0\u00bb font_container=\u00a0\u00bbtag:p|text_align:left\u00a0\u00bb use_theme_fonts=\u00a0\u00bbyes\u00a0\u00bb animation_delay=\u00a0\u00bb400&Prime; el_class=\u00a0\u00bbmb-4&Prime; animation_type=\u00a0\u00bbfadeInUp\u00a0\u00bb][vc_custom_heading text=\u00a0\u00bbClimatisation pour les professionnelles et les particuliers\u00a0\u00bb font_container=\u00a0\u00bbtag:h5|text_align:left\u00a0\u00bb use_theme_fonts=\u00a0\u00bbyes\u00a0\u00bb font_weight=\u00a0\u00bb600&Prime; animation_delay=\u00a0\u00bb300&Prime; animation_type=\u00a0\u00bbfadeInUp\u00a0\u00bb][vc_custom_heading text=\u00a0\u00bbABINOX \u00e9largit son offre avec l\u2019installation et l\u2019entretien de climatisation pour les professionnels et les particuliers.\u00a0\u00bb font_container=\u00a0\u00bbtag:p|text_align:left\u00a0\u00bb use_theme_fonts=\u00a0\u00bbyes\u00a0\u00bb animation_delay=\u00a0\u00bb400&Prime; el_class=\u00a0\u00bbmb-4&Prime; animation_type=\u00a0\u00bbfadeInUp\u00a0\u00bb][vc_single_image image=\u00a0\u00bb2842&Prime; img_size=\u00a0\u00bb100&#215;80&Prime;][vc_custom_heading text=\u00a0\u00bbNous avons \u00e0 coeur de vous assurer un travail de qualit\u00e9 r\u00e9pondant \u00e0 vos besoins car votre projet est le n\u00f4tre ! C&rsquo;est pour cela que nos techniciens sont habilit\u00e9s &amp; certifi\u00e9s socotec.\u00a0\u00bb font_container=\u00a0\u00bbtag:p|text_align:left\u00a0\u00bb use_theme_fonts=\u00a0\u00bbyes\u00a0\u00bb animation_delay=\u00a0\u00bb100&Prime; el_class=\u00a0\u00bbmb-4&Prime; animation_type=\u00a0\u00bbfadeInUp\u00a0\u00bb][vc_row_inner][vc_column_inner width=\u00a0\u00bb1\/2&Prime; offset=\u00a0\u00bbvc_col-lg-6 vc_col-md-12&Prime;]<div class=\"porto-animation\"  data-appear-animation=\"fadeInUp\" data-appear-animation-delay=\"200\"><div class=\"porto-sicon-box mb-2  wpb_custom_1efe903570d178ff0a9b7bfa5febd3a4 style_1 default-icon\"><div class=\"porto-sicon-default\"><div class=\"porto-just-icon-wrapper porto-icon advanced\" style=\"color:#222529;border-style:solid;border-color:#e7e7e7;border-width:1px;width:38px;height:38px;line-height:38px;border-radius:20px;font-size:11.2px;\"><i class=\"fas fa-check\"><\/i><\/div><\/div><div class=\"porto-sicon-header\"><h5 class=\"porto-sicon-title\" style=\"letter-spacing:0;\">Vente de mat\u00e9riel CHR<\/h5><\/div> <!-- header --><\/div><!-- porto-sicon-box --><\/div><div class=\"porto-animation\"  data-appear-animation=\"fadeInUp\" data-appear-animation-delay=\"300\"><div class=\"porto-sicon-box mb-2  wpb_custom_1efe903570d178ff0a9b7bfa5febd3a4 style_1 default-icon\"><div class=\"porto-sicon-default\"><div class=\"porto-just-icon-wrapper porto-icon advanced\" style=\"color:#222529;border-style:solid;border-color:#e7e7e7;border-width:1px;width:38px;height:38px;line-height:38px;border-radius:20px;font-size:11.2px;\"><i class=\"fas fa-check\"><\/i><\/div><\/div><div class=\"porto-sicon-header\"><h5 class=\"porto-sicon-title\" style=\"letter-spacing:0;\">Chambre froide \/ Vitrine<\/h5><\/div> <!-- header --><\/div><!-- porto-sicon-box --><\/div><div class=\"porto-animation\"  data-appear-animation=\"fadeInUp\" data-appear-animation-delay=\"400\"><div class=\"porto-sicon-box mb-2  wpb_custom_1efe903570d178ff0a9b7bfa5febd3a4 style_1 default-icon\"><div class=\"porto-sicon-default\"><div class=\"porto-just-icon-wrapper porto-icon advanced\" style=\"color:#222529;border-style:solid;border-color:#e7e7e7;border-width:1px;width:38px;height:38px;line-height:38px;border-radius:20px;font-size:11.2px;\"><i class=\"fas fa-check\"><\/i><\/div><\/div><div class=\"porto-sicon-header\"><h5 class=\"porto-sicon-title\" style=\"letter-spacing:0;\">Contrat d'entretien<\/h5><\/div> <!-- header --><\/div><!-- porto-sicon-box --><\/div>[\/vc_column_inner][vc_column_inner width=\u00a0\u00bb1\/2&Prime; offset=\u00a0\u00bbvc_col-lg-6 vc_col-md-12&Prime;]<div class=\"porto-animation\"  data-appear-animation=\"fadeInUp\" data-appear-animation-delay=\"500\"><div class=\"porto-sicon-box mb-2  wpb_custom_1efe903570d178ff0a9b7bfa5febd3a4 style_1 default-icon\"><div class=\"porto-sicon-default\"><div class=\"porto-just-icon-wrapper porto-icon advanced\" style=\"color:#222529;border-style:solid;border-color:#e7e7e7;border-width:1px;width:38px;height:38px;line-height:38px;border-radius:20px;font-size:11.2px;\"><i class=\"fas fa-check\"><\/i><\/div><\/div><div class=\"porto-sicon-header\"><h5 class=\"porto-sicon-title\" style=\"letter-spacing:0;\">Cuisine \/ Laboratoire alimentaire<\/h5><\/div> <!-- header --><\/div><!-- porto-sicon-box --><\/div><div class=\"porto-animation\"  data-appear-animation=\"fadeInUp\" data-appear-animation-delay=\"600\"><div class=\"porto-sicon-box mb-2  wpb_custom_1efe903570d178ff0a9b7bfa5febd3a4 style_1 default-icon\"><div class=\"porto-sicon-default\"><div class=\"porto-just-icon-wrapper porto-icon advanced\" style=\"color:#222529;border-style:solid;border-color:#e7e7e7;border-width:1px;width:38px;height:38px;line-height:38px;border-radius:20px;font-size:11.2px;\"><i class=\"fas fa-check\"><\/i><\/div><\/div><div class=\"porto-sicon-header\"><h5 class=\"porto-sicon-title\" style=\"letter-spacing:0;\">R\u00e9paration mat\u00e9riel Climatisation \/ CHR<\/h5><\/div> <!-- header --><\/div><!-- porto-sicon-box --><\/div><div class=\"porto-animation\"  data-appear-animation=\"fadeInUp\" data-appear-animation-delay=\"700\"><div class=\"porto-sicon-box mb-2  wpb_custom_1efe903570d178ff0a9b7bfa5febd3a4 style_1 default-icon\"><div class=\"porto-sicon-default\"><div class=\"porto-just-icon-wrapper porto-icon advanced\" style=\"color:#222529;border-style:solid;border-color:#e7e7e7;border-width:1px;width:38px;height:38px;line-height:38px;border-radius:20px;font-size:11.2px;\"><i class=\"fas fa-check\"><\/i><\/div><\/div><div class=\"porto-sicon-header\"><h5 class=\"porto-sicon-title\" style=\"letter-spacing:0;\">Climatisation Professionnelle \/ Particulier<\/h5><\/div> <!-- header --><\/div><!-- porto-sicon-box --><\/div>[\/vc_column_inner][\/vc_row_inner][\/vc_column][\/vc_row][vc_row wrap_container=\u00a0\u00bbyes\u00a0\u00bb el_class=\u00a0\u00bbpy-5&Prime;][vc_column][vc_custom_heading text=\u00a0\u00bbPlan 3D\u00a0\u00bb font_container=\u00a0\u00bbtag:h5|text_align:left\u00a0\u00bb use_theme_fonts=\u00a0\u00bbyes\u00a0\u00bb font_weight=\u00a0\u00bb600&Prime; animation_delay=\u00a0\u00bb300&Prime; animation_type=\u00a0\u00bbfadeInUp\u00a0\u00bb][vc_custom_heading text=\u00a0\u00bbAfin de mener \u00e0 bien tous vos projets de la conception \u00e0 la r\u00e9alisation, nous r\u00e9alisons les plans 3D de votre futur installation CHR avant de d\u00e9buter les travaux.\u00a0\u00bb font_container=\u00a0\u00bbtag:p|text_align:left\u00a0\u00bb use_theme_fonts=\u00a0\u00bbyes\u00a0\u00bb animation_delay=\u00a0\u00bb400&Prime; el_class=\u00a0\u00bbmb-4&Prime; animation_type=\u00a0\u00bbfadeInUp\u00a0\u00bb][vc_custom_heading text=\u00a0\u00bbInox alimentaire sur mesure\u00a0\u00bb font_container=\u00a0\u00bbtag:h5|text_align:left\u00a0\u00bb use_theme_fonts=\u00a0\u00bbyes\u00a0\u00bb font_weight=\u00a0\u00bb600&Prime; animation_delay=\u00a0\u00bb300&Prime; animation_type=\u00a0\u00bbfadeInUp\u00a0\u00bb][vc_custom_heading text=\u00a0\u00bbAyant pour exigence de vous fournir un service de qualit\u00e9 au plus proche de vos besoins. Nous fabriquons des pi\u00e8ces et \u00e9quipements en inox alimentaire sur mesure : \u00e9tag\u00e8re, table, plonge\u2026\u00a0\u00bb font_container=\u00a0\u00bbtag:p|text_align:left\u00a0\u00bb use_theme_fonts=\u00a0\u00bbyes\u00a0\u00bb animation_delay=\u00a0\u00bb400&Prime; el_class=\u00a0\u00bbmb-4&Prime; animation_type=\u00a0\u00bbfadeInUp\u00a0\u00bb][vc_custom_heading text=\u00a0\u00bbGestes pour l\u2019environnement\u00a0\u00bb font_container=\u00a0\u00bbtag:h5|text_align:left\u00a0\u00bb use_theme_fonts=\u00a0\u00bbyes\u00a0\u00bb font_weight=\u00a0\u00bb600&Prime; animation_delay=\u00a0\u00bb300&Prime; animation_type=\u00a0\u00bbfadeInUp\u00a0\u00bb][vc_custom_heading text=\u00a0\u00bbEt l\u2019environnement dans tout \u00e7a !<\/p>\n<p>Concernant l\u2019entretien des \u00e9quipements de r\u00e9frig\u00e9ration nous attachons une attention particuli\u00e8re quant aux produits utilis\u00e9s. Nous privil\u00e9gions donc l\u2019usage de produits Naturel comme le vinaigre blanc.<\/p>\n<p>Concernant les d\u00e9pannages, lors des remplacements de moteur frigorifique (si pas de fuites) nous proc\u00e9dons \u00e0 la r\u00e9cup\u00e9ration et au retraitement des fluides frigorig\u00e8nes qui contiennent des cfc responsables des d\u00e9g\u00e2ts sur la couche d\u2019ozone.<\/p>\n<p>Voil\u00e0 vous savez tout ! Afin de vous accompagner au mieux dans votre projet, nous vous invitons \u00e0 nous contacter via notre page de contact ou par mail \u00e0 contact@abinox-chr-clim.com.\u00a0\u00bb font_container=\u00a0\u00bbtag:p|text_align:left\u00a0\u00bb use_theme_fonts=\u00a0\u00bbyes\u00a0\u00bb animation_delay=\u00a0\u00bb400&Prime; el_class=\u00a0\u00bbmb-4&Prime; animation_type=\u00a0\u00bbfadeInUp\u00a0\u00bb][vc_custom_heading text=\u00a0\u00bbNos garanties\u00a0\u00bb font_container=\u00a0\u00bbtag:h5|text_align:left\u00a0\u00bb use_theme_fonts=\u00a0\u00bbyes\u00a0\u00bb font_weight=\u00a0\u00bb600&Prime; animation_delay=\u00a0\u00bb300&Prime; animation_type=\u00a0\u00bbfadeInUp\u00a0\u00bb][vc_custom_heading text=\u00a0\u00bbToutes nos installations sont garanties 1 an pi\u00e8ce, main d\u2019\u0153uvre et d\u00e9placement.<br \/>\nDe plus, certains \u00e9quipements de moyennes gamme sont garantis 2 ans et jusqu&rsquo;\u00e0 5 ans pour certains \u00e9quipements de climatisation.\u00a0\u00bb font_container=\u00a0\u00bbtag:p|text_align:left\u00a0\u00bb use_theme_fonts=\u00a0\u00bbyes\u00a0\u00bb animation_delay=\u00a0\u00bb400&Prime; el_class=\u00a0\u00bbmb-4&Prime; animation_type=\u00a0\u00bbfadeInUp\u00a0\u00bb][vc_custom_heading text=\u00a0\u00bbAssurance\u00a0\u00bb font_container=\u00a0\u00bbtag:h5|text_align:left\u00a0\u00bb use_theme_fonts=\u00a0\u00bbyes\u00a0\u00bb font_weight=\u00a0\u00bb600&Prime; animation_delay=\u00a0\u00bb300&Prime; animation_type=\u00a0\u00bbfadeInUp\u00a0\u00bb][vc_custom_heading text=\u00a0\u00bbNous disposons d\u2019une assurance responsabilit\u00e9 civile professionnelle aupr\u00e8s de l\u2019assureur MMA.\u00a0\u00bb font_container=\u00a0\u00bbtag:p|text_align:left\u00a0\u00bb use_theme_fonts=\u00a0\u00bbyes\u00a0\u00bb animation_delay=\u00a0\u00bb400&Prime; el_class=\u00a0\u00bbmb-4&Prime; animation_type=\u00a0\u00bbfadeInUp\u00a0\u00bb][vc_custom_heading text=\u00a0\u00bbNotre m\u00e9tier\u00a0\u00bb font_container=\u00a0\u00bbtag:h5|text_align:left\u00a0\u00bb use_theme_fonts=\u00a0\u00bbyes\u00a0\u00bb font_weight=\u00a0\u00bb600&Prime; animation_delay=\u00a0\u00bb300&Prime; animation_type=\u00a0\u00bbfadeInUp\u00a0\u00bb][vc_custom_heading text=\u00a0\u00bbFormer aupr\u00e8s de l\u2019iffen et certifi\u00e9 aupr\u00e8s du groupe socotec.\u00a0\u00bb font_container=\u00a0\u00bbtag:p|text_align:left\u00a0\u00bb use_theme_fonts=\u00a0\u00bbyes\u00a0\u00bb animation_delay=\u00a0\u00bb400&Prime; el_class=\u00a0\u00bbmb-4&Prime; animation_type=\u00a0\u00bbfadeInUp\u00a0\u00bb][vc_custom_heading text=\u00a0\u00bbPartenaire\u00a0\u00bb font_container=\u00a0\u00bbtag:h3|text_align:center\u00a0\u00bb use_theme_fonts=\u00a0\u00bbyes\u00a0\u00bb css=\u00a0\u00bb.vc_custom_1609161536455{padding-top: 10px !important;}\u00a0\u00bb][vc_single_image image=\u00a0\u00bb2922&Prime; img_size=\u00a0\u00bb150&Prime; alignment=\u00a0\u00bbcenter\u00a0\u00bb onclick=\u00a0\u00bbcustom_link\u00a0\u00bb img_link_target=\u00a0\u00bb_blank\u00a0\u00bb link=\u00a0\u00bbhttps:\/\/iffen.fr\u00a0\u00bb css=\u00a0\u00bb.vc_custom_1608581759201{margin-top: 10px !important;}\u00a0\u00bb][vc_row_inner el_class=\u00a0\u00bbpy-4&Prime;][vc_column_inner width=\u00a0\u00bb1\/3&Prime;][vc_single_image image=\u00a0\u00bb2873&Prime; img_size=\u00a0\u00bbfull\u00a0\u00bb animation_delay=\u00a0\u00bb500&Prime; animation_type=\u00a0\u00bbfadeInUp\u00a0\u00bb el_class=\u00a0\u00bbp-3 box-shadow-1 mb-4 mb-md-0&Prime;][\/vc_column_inner][vc_column_inner width=\u00a0\u00bb1\/3&Prime;][vc_single_image image=\u00a0\u00bb3054&Prime; img_size=\u00a0\u00bbfull\u00a0\u00bb animation_delay=\u00a0\u00bb700&Prime; animation_type=\u00a0\u00bbfadeInUp\u00a0\u00bb el_class=\u00a0\u00bbp-3 box-shadow-1 mb-4 mb-md-0&Prime;][\/vc_column_inner][vc_column_inner width=\u00a0\u00bb1\/3&Prime;][vc_single_image image=\u00a0\u00bb2625&Prime; img_size=\u00a0\u00bbfull\u00a0\u00bb animation_delay=\u00a0\u00bb900&Prime; animation_type=\u00a0\u00bbfadeInUp\u00a0\u00bb el_class=\u00a0\u00bbp-3 box-shadow-1 mb-0&Prime;][\/vc_column_inner][\/vc_row_inner][\/vc_column][\/vc_row]<\/p>\n<\/div>","protected":false},"excerpt":{"rendered":"<p>[vc_row wrap_container=\u00a0\u00bbyes\u00a0\u00bb el_class=\u00a0\u00bbpt-5 pb-4&Prime;][vc_column][vc_custom_heading text=\u00a0\u00bbVotre expert de confiance CHR et climatisation\u00a0\u00bb use_theme_fonts=\u00a0\u00bbyes\u00a0\u00bb][\/vc_column][\/vc_row][vc_row wrap_container=\u00a0\u00bbyes\u00a0\u00bb el_class=\u00a0\u00bbcustom-info-boxes mb-5 pb-lg-4 position-relative z-index-1&Prime;][vc_column animation_delay=\u00a0\u00bb500&Prime; offset=\u00a0\u00bbvc_col-lg-4 vc_col-md-6&Prime; el_class=\u00a0\u00bbmb-4 mb-xl-0 pb-2 pb-xl-0&Prime; animation_type=\u00a0\u00bbfadeInRight\u00a0\u00bb][\/vc_column][vc_column animation_delay=\u00a0\u00bb200&Prime; offset=\u00a0\u00bbvc_col-lg-4 vc_col-md-6&Prime; el_class=\u00a0\u00bbmb-4 mb-xl-0 pb-2 pb-xl-0&Prime; animation_type=\u00a0\u00bbzoomIn\u00a0\u00bb][\/vc_column][vc_column animation_delay=\u00a0\u00bb500&Prime; offset=\u00a0\u00bbvc_col-lg-4 vc_col-md-6&Prime; el_class=\u00a0\u00bbmb-4 mb-xl-0 pb-2 pb-xl-0&Prime; animation_type=\u00a0\u00bbfadeInLeft\u00a0\u00bb][\/vc_column][\/vc_row][vc_row content_placement=\u00a0\u00bbmiddle\u00a0\u00bb el_class=\u00a0\u00bbpx-0 pb-md-2&Prime;][vc_column animation_delay=\u00a0\u00bb100&Prime; offset=\u00a0\u00bbvc_col-md-6&Prime; css=\u00a0\u00bb.vc_custom_1609277307489{padding-top: 33vh !important;padding-bottom: 33vh !important;background-image: url(http:\/\/abinox-chr-clim.com\/wp-content\/uploads\/2020\/12\/competence-abinox-1.jpg?id=3050) !important;background-position: center [&hellip;]<\/p>\n","protected":false},"author":7,"featured_media":0,"parent":0,"menu_order":0,"comment_status":"closed","ping_status":"closed","template":"","meta":{"footnotes":""},"class_list":["post-11","page","type-page","status-publish","hentry"],"_links":{"self":[{"href":"https:\/\/abinox-chr-clim.com\/index.php\/wp-json\/wp\/v2\/pages\/11","targetHints":{"allow":["GET"]}}],"collection":[{"href":"https:\/\/abinox-chr-clim.com\/index.php\/wp-json\/wp\/v2\/pages"}],"about":[{"href":"https:\/\/abinox-chr-clim.com\/index.php\/wp-json\/wp\/v2\/types\/page"}],"author":[{"embeddable":true,"href":"https:\/\/abinox-chr-clim.com\/index.php\/wp-json\/wp\/v2\/users\/7"}],"replies":[{"embeddable":true,"href":"https:\/\/abinox-chr-clim.com\/index.php\/wp-json\/wp\/v2\/comments?post=11"}],"version-history":[{"count":0,"href":"https:\/\/abinox-chr-clim.com\/index.php\/wp-json\/wp\/v2\/pages\/11\/revisions"}],"wp:attachment":[{"href":"https:\/\/abinox-chr-clim.com\/index.php\/wp-json\/wp\/v2\/media?parent=11"}],"curies":[{"name":"wp","href":"https:\/\/api.w.org\/{rel}","templated":true}]}}